{"id":2063,"date":"2025-06-10T20:54:37","date_gmt":"2025-06-10T20:54:37","guid":{"rendered":"https:\/\/inabalatam.com\/br\/?post_type=product&#038;p=2063"},"modified":"2025-06-16T13:42:07","modified_gmt":"2025-06-16T13:42:07","slug":"churu-dog-sabor-frango-com-vegetais","status":"publish","type":"product","link":"https:\/\/inabalatam.com\/br\/produto\/churu-dog-sabor-frango-com-vegetais\/","title":{"rendered":"Churu Dog Sabor Frango com Vegetais"},"content":{"rendered":"<p><strong>Informa\u00e7\u00e3o adicional<\/strong><\/p>\n<p><strong>Alimento espec\u00edfico para c\u00e3es.<\/strong><\/p>\n<p><strong>Peso l\u00edquido: 14 g x 4 (56 g)<\/strong><\/p>\n<p><strong>Ingredientes:<\/strong> \u00c1gua (ve\u00edculo), carne de frango, amido de mandioca, cenoura, feij\u00e3o verde (vagem), aroma de frango, goma guar, extrato de levedura, gelatina, vitamina E e extrato de ch\u00e1 verde.<\/p>\n<p><strong>Instru\u00e7\u00f5es de uso:<\/strong> Fornecer como complemento \u00e0 dieta di\u00e1ria do seu c\u00e3o. Este produto n\u00e3o substitui o alimento completo.<\/p>\n<p><strong>Modo de conserva\u00e7\u00e3o<\/strong>: Manter a embalagem fechada em temperatura ambiente. Depois de aberta, servir todo o conte\u00fado.<\/p>\n<p><strong>N\u00edveis de garantia<\/strong><\/p>\n<p>PROTE\u00cdNA BRUTA (min): 65 g\/kg<\/p>\n<p>EXTRATO ET\u00c9REO (min): 2000 mg\/kg<\/p>\n<p>FIBRA BRUTA (m\u00e1x): 3000 mg\/kg<\/p>\n<p>UMIDADE (m\u00e1x): 910 g\/kg<\/p>\n<p>MAT\u00c9RIA MINERAL (m\u00e1x): 20 g\/kg<\/p>\n<p>C\u00c1LCIO (min): 10 mg\/kg<\/p>\n<p>C\u00c1LCIO (m\u00e1x): 100 mg\/kg<\/p>\n<p>F\u00d3SFORO (min): 500 mg\/kg<\/p>\n<p>VITAMINA E (min): 310 g\/kg<\/p>\n<p>CALORIAS: 6 kcal\/sach\u00ea<\/p>\n<p><strong>Consumo di\u00e1rio recomendado:<\/strong> 4 tubos para um c\u00e3o de 5 kg.<\/p>\n<p>&nbsp;<\/p>\n","protected":false},"excerpt":{"rendered":"<p>Petisco cremoso para c\u00e3es feito com ingredientes aptos para o consumo humano. Livre de gr\u00e3os, corantes e conservantes artificiais.<\/p>\n<ul>\n<li>100% Natural: Sem corantes ou Conservantes Artificiais<\/li>\n<li>Human-Grade Food: Produzido com o mesmo padr\u00e3o dos alimentos para consumo humano<\/li>\n<li>Baixas Calorias: 6 kcal\/sach\u00ea e 0,2% de gordura saud\u00e1vel<\/li>\n<li>Livre de Transg\u00eanicos \/ Grain free<\/li>\n<\/ul>\n","protected":false},"featured_media":2064,"comment_status":"open","ping_status":"closed","template":"","meta":[],"product_cat":[77,75,76],"product_tag":[79,78,48,80],"class_list":["post-2063","product","type-product","status-publish","has-post-thumbnail","hentry","product_cat-4-unidades-caes","product_cat-caes","product_cat-dog-churu-caes","product_tag-caes","product_tag-churu-dog","product_tag-frango","product_tag-vegetais"],"_links":{"self":[{"href":"https:\/\/inabalatam.com\/br\/wp-json\/wp\/v2\/product\/2063","targetHints":{"allow":["GET"]}}],"collection":[{"href":"https:\/\/inabalatam.com\/br\/wp-json\/wp\/v2\/product"}],"about":[{"href":"https:\/\/inabalatam.com\/br\/wp-json\/wp\/v2\/types\/product"}],"replies":[{"embeddable":true,"href":"https:\/\/inabalatam.com\/br\/wp-json\/wp\/v2\/comments?post=2063"}],"wp:featuredmedia":[{"embeddable":true,"href":"https:\/\/inabalatam.com\/br\/wp-json\/wp\/v2\/media\/2064"}],"wp:attachment":[{"href":"https:\/\/inabalatam.com\/br\/wp-json\/wp\/v2\/media?parent=2063"}],"wp:term":[{"taxonomy":"product_cat","embeddable":true,"href":"https:\/\/inabalatam.com\/br\/wp-json\/wp\/v2\/product_cat?post=2063"},{"taxonomy":"product_tag","embeddable":true,"href":"https:\/\/inabalatam.com\/br\/wp-json\/wp\/v2\/product_tag?post=2063"}],"curies":[{"name":"wp","href":"https:\/\/api.w.org\/{rel}","templated":true}]}}