{"id":337,"date":"2022-12-16T22:31:05","date_gmt":"2022-12-16T22:31:05","guid":{"rendered":"https:\/\/inabalatam.com\/cl\/?post_type=product&#038;p=337"},"modified":"2025-02-21T14:14:24","modified_gmt":"2025-02-21T14:14:24","slug":"churu-frango-com-aroma-de-camarao","status":"publish","type":"product","link":"https:\/\/inabalatam.com\/br\/produto\/churu-frango-com-aroma-de-camarao\/","title":{"rendered":"Churu Frango com Aroma de Camar\u00e3o"},"content":{"rendered":"<p><strong>Petisco para gatos de todas as idades.<\/strong><\/p>\n<p><strong>Peso l\u00edquido:<\/strong> 14g x 4 (56g)<\/p>\n<p><strong>Ingredientes:<\/strong> \u00e1gua, frango, amido de mandioca, aromas naturais, aroma natural de camar\u00e3o, goma guar, taurina, vitamina E, extrato de ch\u00e1 verde.<\/p>\n<p><strong>Instri\u00e7\u00f5es de uso:<\/strong> oferecer aos gatos como um agrado. Conservar na geladeira depois de aberto e consumir o mais r\u00e1pido poss\u00edvel.<\/p>\n<p><strong>N\u00edveis de Garantia:<\/strong><\/p>\n<table>\n<tbody>\n<tr>\n<td>Prote\u00edna bruta (min) 7,00%<\/td>\n<\/tr>\n<tr>\n<td>Extrato Et\u00e9reo (min) 0,20%<\/td>\n<\/tr>\n<tr>\n<td>Fibra bruta (m\u00e1x.) 0,30%<\/td>\n<\/tr>\n<tr>\n<td>Umidade (m\u00e1x.) 91,00%<\/td>\n<\/tr>\n<tr>\n<td>Vitamina E (min) 310 UI \/ kg<\/td>\n<\/tr>\n<tr>\n<td>Calorias: 6 Kcal\/sach\u00ea<\/td>\n<\/tr>\n<\/tbody>\n<\/table>\n<p><strong>Consumo diario recomendado:<\/strong> 4 sach\u00eas.<\/p>\n","protected":false},"excerpt":{"rendered":"<p>Petisco cremoso feito com ingredientes aptos para o consumo humano. Livre de gr\u00e3os, corantes e conservantes artificiais. Enriquecido com Taurina, Vitamina E e Extrato de Ch\u00e1 Verde.<\/p>\n","protected":false},"featured_media":323,"comment_status":"open","ping_status":"closed","template":"","meta":[],"product_cat":[23,22,20],"product_tag":[50,45,48,44],"class_list":["post-337","product","type-product","status-publish","has-post-thumbnail","hentry","product_cat-4-unidades","product_cat-churu","product_cat-gatos","product_tag-camarao","product_tag-churu","product_tag-frango","product_tag-gatos"],"_links":{"self":[{"href":"https:\/\/inabalatam.com\/br\/wp-json\/wp\/v2\/product\/337","targetHints":{"allow":["GET"]}}],"collection":[{"href":"https:\/\/inabalatam.com\/br\/wp-json\/wp\/v2\/product"}],"about":[{"href":"https:\/\/inabalatam.com\/br\/wp-json\/wp\/v2\/types\/product"}],"replies":[{"embeddable":true,"href":"https:\/\/inabalatam.com\/br\/wp-json\/wp\/v2\/comments?post=337"}],"wp:featuredmedia":[{"embeddable":true,"href":"https:\/\/inabalatam.com\/br\/wp-json\/wp\/v2\/media\/323"}],"wp:attachment":[{"href":"https:\/\/inabalatam.com\/br\/wp-json\/wp\/v2\/media?parent=337"}],"wp:term":[{"taxonomy":"product_cat","embeddable":true,"href":"https:\/\/inabalatam.com\/br\/wp-json\/wp\/v2\/product_cat?post=337"},{"taxonomy":"product_tag","embeddable":true,"href":"https:\/\/inabalatam.com\/br\/wp-json\/wp\/v2\/product_tag?post=337"}],"curies":[{"name":"wp","href":"https:\/\/api.w.org\/{rel}","templated":true}]}}