{"id":305,"date":"2022-12-16T20:50:43","date_gmt":"2022-12-16T20:50:43","guid":{"rendered":"https:\/\/inabalatam.com\/cl\/?page_id=305"},"modified":"2026-04-27T13:54:46","modified_gmt":"2026-04-27T13:54:46","slug":"nuestros-productos","status":"publish","type":"page","link":"https:\/\/inabalatam.com\/cl\/nuestros-productos\/","title":{"rendered":"Nuestros productos"},"content":{"rendered":"\t\t<div data-elementor-type=\"wp-page\" data-elementor-id=\"305\" class=\"elementor elementor-305\">\n\t\t\t\t\t\t<section class=\"elementor-section elementor-top-section elementor-element elementor-element-a36b389 elementor-section-stretched elementor-section-full_width elementor-section-height-default elementor-section-height-default\" data-id=\"a36b389\" data-element_type=\"section\" data-settings=\"{&quot;stretch_section&quot;:&quot;section-stretched&quot;,&quot;background_background&quot;:&quot;classic&quot;}\">\n\t\t\t\t\t\t\t<div class=\"elementor-background-overlay\"><\/div>\n\t\t\t\t\t\t\t<div class=\"elementor-container elementor-column-gap-default\">\n\t\t\t\t\t<div class=\"elementor-column elementor-col-100 elementor-top-column elementor-element elementor-element-fd1ce3a\" data-id=\"fd1ce3a\" data-element_type=\"column\">\n\t\t\t<div class=\"elementor-widget-wrap elementor-element-populated\">\n\t\t\t\t\t\t<div class=\"elementor-element elementor-element-66d1c87 elementor-widget elementor-widget-spacer\" data-id=\"66d1c87\" data-element_type=\"widget\" data-widget_type=\"spacer.default\">\n\t\t\t\t<div class=\"elementor-widget-container\">\n\t\t\t\t\t\t\t<div class=\"elementor-spacer\">\n\t\t\t<div class=\"elementor-spacer-inner\"><\/div>\n\t\t<\/div>\n\t\t\t\t\t\t<\/div>\n\t\t\t\t<\/div>\n\t\t\t\t<div class=\"elementor-element elementor-element-4aebb5a elementor-widget elementor-widget-heading\" data-id=\"4aebb5a\" data-element_type=\"widget\" data-widget_type=\"heading.default\">\n\t\t\t\t<div class=\"elementor-widget-container\">\n\t\t\t\t\t<h1 class=\"elementor-heading-title elementor-size-xl\">Snacks s\u00faper premium para mascotas<\/h1>\t\t\t\t<\/div>\n\t\t\t\t<\/div>\n\t\t\t\t<div class=\"elementor-element elementor-element-ee08458 elementor-widget elementor-widget-spacer\" data-id=\"ee08458\" data-element_type=\"widget\" data-widget_type=\"spacer.default\">\n\t\t\t\t<div class=\"elementor-widget-container\">\n\t\t\t\t\t\t\t<div class=\"elementor-spacer\">\n\t\t\t<div class=\"elementor-spacer-inner\"><\/div>\n\t\t<\/div>\n\t\t\t\t\t\t<\/div>\n\t\t\t\t<\/div>\n\t\t\t\t\t<\/div>\n\t\t<\/div>\n\t\t\t\t\t<\/div>\n\t\t<\/section>\n\t\t\t\t<section class=\"elementor-section elementor-top-section elementor-element elementor-element-5ebae4c elementor-section-boxed elementor-section-height-default elementor-section-height-default\" data-id=\"5ebae4c\" data-element_type=\"section\">\n\t\t\t\t\t\t<div class=\"elementor-container elementor-column-gap-default\">\n\t\t\t\t\t<div class=\"elementor-column elementor-col-100 elementor-top-column elementor-element elementor-element-0f7caf8\" data-id=\"0f7caf8\" data-element_type=\"column\">\n\t\t\t<div class=\"elementor-widget-wrap elementor-element-populated\">\n\t\t\t\t\t\t<div class=\"elementor-element elementor-element-2907c37 elementor-widget elementor-widget-text-editor\" data-id=\"2907c37\" data-element_type=\"widget\" data-widget_type=\"text-editor.default\">\n\t\t\t\t<div class=\"elementor-widget-container\">\n\t\t\t\t\t\t\t\t\t<p><strong data-start=\"130\" data-end=\"198\">Descubre los <em data-start=\"145\" data-end=\"181\">snacks s\u00faper premium para mascotas<\/em> de Inaba Chile<\/strong>, dise\u00f1ados para perros y gatos que merecen lo mejor. Cremosos, hidratantes y llenos de sabor, son el premio ideal para reforzar momentos de amor y cuidado con tu compa\u00f1ero peludo.<\/p>\t\t\t\t\t\t\t\t<\/div>\n\t\t\t\t<\/div>\n\t\t\t\t\t<\/div>\n\t\t<\/div>\n\t\t\t\t\t<\/div>\n\t\t<\/section>\n\t\t\t\t<section class=\"elementor-section elementor-top-section elementor-element elementor-element-4568d3a elementor-section-boxed elementor-section-height-default elementor-section-height-default\" data-id=\"4568d3a\" data-element_type=\"section\">\n\t\t\t\t\t\t<div class=\"elementor-container elementor-column-gap-default\">\n\t\t\t\t\t<div class=\"elementor-column elementor-col-100 elementor-top-column elementor-element elementor-element-2850c09\" data-id=\"2850c09\" data-element_type=\"column\">\n\t\t\t<div class=\"elementor-widget-wrap elementor-element-populated\">\n\t\t\t\t\t\t<div class=\"elementor-element elementor-element-d7ac624 elementor-product-loop-item--align-center elementor-grid-4 elementor-grid-tablet-3 elementor-grid-mobile-2 elementor-products-grid elementor-wc-products elementor-show-pagination-border-yes elementor-widget elementor-widget-woocommerce-products\" data-id=\"d7ac624\" data-element_type=\"widget\" data-widget_type=\"woocommerce-products.default\">\n\t\t\t\t<div class=\"elementor-widget-container\">\n\t\t\t\t\t<div class=\"woocommerce columns-4 \"><ul class=\"products elementor-grid columns-4\">\n<li class=\"product type-product post-2689 status-publish first instock product_cat-churu-variedades-de-salmon-60-tubos product_tag-gatos product_tag-salmon has-post-thumbnail shipping-taxable product-type-simple\">\n\t<\/li>\n<li class=\"product type-product post-2701 status-publish instock product_cat-churu-senior-variedades-20-tubos product_tag-atun product_tag-gatos has-post-thumbnail shipping-taxable product-type-simple\">\n\t<\/li>\n<li class=\"product type-product post-2698 status-publish instock product_cat-4-unidades product_tag-atun product_tag-atun-con-salmon product_tag-gatos product_tag-salmon has-post-thumbnail shipping-taxable product-type-simple\">\n\t<\/li>\n<li class=\"product type-product post-2690 status-publish last instock product_cat-4-unidades product_tag-atun product_tag-gatos has-post-thumbnail shipping-taxable product-type-simple\">\n\t<\/li>\n<li class=\"product type-product post-2694 status-publish first instock product_cat-4-unidades product_tag-gatos product_tag-pollo has-post-thumbnail shipping-taxable product-type-simple\">\n\t<\/li>\n<li class=\"product type-product post-2708 status-publish instock product_cat-copas-popn-serve product_tag-copas-popn-serve product_tag-gatos product_tag-pollo has-post-thumbnail shipping-taxable product-type-simple\">\n\t<\/li>\n<li class=\"product type-product post-2712 status-publish instock product_cat-copas-popn-serve product_tag-copas-popn-serve product_tag-gatos product_tag-pollo product_tag-pollo-y-vieira has-post-thumbnail shipping-taxable product-type-simple\">\n\t<\/li>\n<li class=\"product type-product post-2703 status-publish last instock product_cat-copas-popn-serve product_tag-atun product_tag-copas-popn-serve product_tag-gatos has-post-thumbnail shipping-taxable product-type-simple\">\n\t<\/li>\n<li class=\"product type-product post-2715 status-publish first instock product_cat-copas-popn-serve product_tag-atun product_tag-atun-y-bonito product_tag-copas-popn-serve product_tag-gatos has-post-thumbnail shipping-taxable product-type-simple\">\n\t<\/li>\n<li class=\"product type-product post-1812 status-publish instock product_cat-10-unidades product_cat-churu product_cat-gato product_tag-atun product_tag-churu product_tag-gato product_tag-ostion product_tag-variedades has-post-thumbnail shipping-taxable product-type-simple\">\n\t<\/li>\n<li class=\"product type-product post-2685 status-publish instock product_cat-churu-variedades-de-salmon-10-tubos product_tag-gatos product_tag-salmon-y-pollo has-post-thumbnail shipping-taxable product-type-simple\">\n\t<\/li>\n<li class=\"product type-product post-2686 status-publish last instock product_cat-4-unidades product_tag-gatos product_tag-salmon has-post-thumbnail shipping-taxable product-type-simple\">\n\t<\/li>\n<li class=\"product type-product post-2687 status-publish first instock product_cat-4-unidades product_tag-gatos product_tag-salmon product_tag-salmon-y-vieira product_tag-vieira has-post-thumbnail shipping-taxable product-type-simple\">\n\t<\/li>\n<li class=\"product type-product post-2684 status-publish instock product_cat-churu-variedades-de-salmon-10-tubos product_tag-atun product_tag-gatos has-post-thumbnail shipping-taxable product-type-simple\">\n\t<\/li>\n<li class=\"product type-product post-2668 status-publish instock product_cat-churu-variedades-de-salmon-50-tubos product_tag-churu product_tag-salmon product_tag-variedades product_tag-variedades-de-salmon-50-tubos has-post-thumbnail shipping-taxable product-type-simple\">\n\t<\/li>\n<li class=\"product type-product post-2688 status-publish last instock product_cat-4-unidades product_tag-gatos product_tag-pollo product_tag-salmon product_tag-salmon-y-pollo has-post-thumbnail shipping-taxable product-type-simple\">\n\t<\/li>\n<\/ul>\n<\/div>\t\t\t\t<\/div>\n\t\t\t\t<\/div>\n\t\t\t\t\t<\/div>\n\t\t<\/div>\n\t\t\t\t\t<\/div>\n\t\t<\/section>\n\t\t\t\t<section class=\"elementor-section elementor-top-section elementor-element elementor-element-d67fca9 elementor-section-boxed elementor-section-height-default elementor-section-height-default\" data-id=\"d67fca9\" data-element_type=\"section\">\n\t\t\t\t\t\t<div class=\"elementor-container elementor-column-gap-default\">\n\t\t\t\t\t<div class=\"elementor-column elementor-col-100 elementor-top-column elementor-element elementor-element-2d85046\" data-id=\"2d85046\" data-element_type=\"column\">\n\t\t\t<div class=\"elementor-widget-wrap elementor-element-populated\">\n\t\t\t\t\t\t<div class=\"elementor-element elementor-element-ab80671 elementor-widget-divider--view-line elementor-widget elementor-widget-divider\" data-id=\"ab80671\" data-element_type=\"widget\" data-widget_type=\"divider.default\">\n\t\t\t\t<div class=\"elementor-widget-container\">\n\t\t\t\t\t\t\t<div class=\"elementor-divider\">\n\t\t\t<span class=\"elementor-divider-separator\">\n\t\t\t\t\t\t<\/span>\n\t\t<\/div>\n\t\t\t\t\t\t<\/div>\n\t\t\t\t<\/div>\n\t\t\t\t<div class=\"elementor-element elementor-element-e817cc5 elementor-widget elementor-widget-heading\" data-id=\"e817cc5\" data-element_type=\"widget\" data-widget_type=\"heading.default\">\n\t\t\t\t<div class=\"elementor-widget-container\">\n\t\t\t\t\t<h2 class=\"elementor-heading-title elementor-size-default\">Encuentra aqu\u00ed todos los snacks s\u00faper premium para mascotas<\/h2>\t\t\t\t<\/div>\n\t\t\t\t<\/div>\n\t\t\t\t<div class=\"elementor-element elementor-element-6524134 elementor-widget elementor-widget-text-editor\" data-id=\"6524134\" data-element_type=\"widget\" data-widget_type=\"text-editor.default\">\n\t\t\t\t<div class=\"elementor-widget-container\">\n\t\t\t\t\t\t\t\t\t<p data-start=\"439\" data-end=\"783\"><strong data-start=\"439\" data-end=\"599\">En Inaba Chile nos especializamos en crear <em data-start=\"484\" data-end=\"520\">snacks s\u00faper premium para mascotas<\/em> que convierten cada momento con tus perros y gatos en una experiencia \u00fanica.<\/strong> Nuestra misi\u00f3n es ofrecer premios deliciosos, seguros y con ingredientes de alta calidad que aporten hidrataci\u00f3n, nutrici\u00f3n y mucho cari\u00f1o a la vida de quienes nos acompa\u00f1an cada d\u00eda.<\/p><p data-start=\"785\" data-end=\"1214\">Nuestros productos est\u00e1n dise\u00f1ados para fortalecer el v\u00ednculo entre tutores y mascotas, entregando amor en cada porci\u00f3n. Churu, nuestro snack m\u00e1s reconocido, es cremoso, irresistible y est\u00e1 disponible en una gran variedad de sabores y presentaciones, tanto para perros como para gatos. Adem\u00e1s de ser un premio saludable, tambi\u00e9n ayuda a mantener una adecuada hidrataci\u00f3n, ideal para mascotas exigentes o con bajo consumo de agua.<\/p><p data-start=\"1216\" data-end=\"1668\">Los <em data-start=\"1220\" data-end=\"1256\">snacks s\u00faper premium para mascotas<\/em> de Inaba tienen un enfoque consciente, porque entendemos que cada peludo tiene necesidades diferentes. Por eso contamos con opciones para todas las edades, tama\u00f1os y personalidades, desde gatitos en crecimiento hasta perros adultos con preferencias m\u00e1s delicadas. Cada producto est\u00e1 elaborado con est\u00e1ndares internacionales y con ingredientes seleccionados cuidadosamente para cuidar la salud de tu mejor amigo.<\/p><p data-start=\"1670\" data-end=\"1977\">Aqu\u00ed encontrar\u00e1s premios para reforzar conductas positivas, compartir momentos especiales, complementar su dieta diaria o simplemente decir \u201cte quiero\u201d de una manera deliciosa y segura. Queremos acompa\u00f1arte en cada etapa de la vida de tu mascota, entreg\u00e1ndote alternativas que la hagan feliz todos los d\u00edas.<\/p><p data-start=\"1979\" data-end=\"2263\">Explora nuestras categor\u00edas y <strong data-start=\"2009\" data-end=\"2102\">elige los <em data-start=\"2021\" data-end=\"2057\">snacks s\u00faper premium para mascotas<\/em> que mejor se adapten a tu compa\u00f1ero peludo<\/strong>, ya sea perro o gato. Descubre sabores, texturas y formatos pensados para disfrutar y cuidar con amor.<br data-start=\"2205\" data-end=\"2208\" \/>\u2728 <strong data-start=\"2210\" data-end=\"2261\">\u00a1Porque premiar tambi\u00e9n es una forma de cuidar!<\/strong> \u2728<\/p><p data-start=\"1979\" data-end=\"2263\">Con\u00f3ce m\u00e1s de nuestra historia <a href=\"https:\/\/inabalatam.com\/cl\/nosotros-inaba-chile\/\">aqu\u00ed<\/a><\/p>\t\t\t\t\t\t\t\t<\/div>\n\t\t\t\t<\/div>\n\t\t\t\t<div class=\"elementor-element elementor-element-53d3327 elementor-widget elementor-widget-image\" data-id=\"53d3327\" data-element_type=\"widget\" data-widget_type=\"image.default\">\n\t\t\t\t<div class=\"elementor-widget-container\">\n\t\t\t\t\t\t\t\t\t\t\t\t\t\t\t<img fetchpriority=\"high\" decoding=\"async\" width=\"2048\" height=\"783\" src=\"https:\/\/inabalatam.com\/cl\/wp-content\/uploads\/2025\/12\/snacks-super-premium-para-mascotas.jpg\" class=\"attachment-full size-full wp-image-2604\" alt=\"snacks s\u00faper premium para mascotas\" srcset=\"https:\/\/inabalatam.com\/cl\/wp-content\/uploads\/2025\/12\/snacks-super-premium-para-mascotas.jpg 2048w, https:\/\/inabalatam.com\/cl\/wp-content\/uploads\/2025\/12\/snacks-super-premium-para-mascotas-300x115.jpg 300w, https:\/\/inabalatam.com\/cl\/wp-content\/uploads\/2025\/12\/snacks-super-premium-para-mascotas-1024x392.jpg 1024w, https:\/\/inabalatam.com\/cl\/wp-content\/uploads\/2025\/12\/snacks-super-premium-para-mascotas-768x294.jpg 768w, https:\/\/inabalatam.com\/cl\/wp-content\/uploads\/2025\/12\/snacks-super-premium-para-mascotas-1536x587.jpg 1536w, https:\/\/inabalatam.com\/cl\/wp-content\/uploads\/2025\/12\/snacks-super-premium-para-mascotas-600x229.jpg 600w\" sizes=\"(max-width: 2048px) 100vw, 2048px\" \/>\t\t\t\t\t\t\t\t\t\t\t\t\t\t\t<\/div>\n\t\t\t\t<\/div>\n\t\t\t\t\t<\/div>\n\t\t<\/div>\n\t\t\t\t\t<\/div>\n\t\t<\/section>\n\t\t\t\t<\/div>\n\t\t","protected":false},"excerpt":{"rendered":"<p>Snacks s\u00faper premium para mascotas Descubre los snacks s\u00faper premium para mascotas de Inaba Chile, dise\u00f1ados para perros y gatos que merecen lo mejor. Cremosos, hidratantes y llenos de sabor, son el premio ideal para reforzar momentos de amor y cuidado con tu compa\u00f1ero peludo. Encuentra aqu\u00ed todos los snacks s\u00faper premium para mascotas En [&hellip;]<\/p>\n","protected":false},"author":1,"featured_media":0,"parent":0,"menu_order":0,"comment_status":"closed","ping_status":"closed","template":"","meta":{"footnotes":""},"class_list":["post-305","page","type-page","status-publish","hentry"],"yoast_head":"<!-- This site is optimized with the Yoast SEO plugin v26.8 - https:\/\/yoast.com\/product\/yoast-seo-wordpress\/ -->\n<title>Snacks s\u00faper premium para mascotas | Productos Churu en Chile<\/title>\n<meta name=\"description\" content=\"Descubre los productos Churu en Chile: snacks s\u00faper premium paramascotas, cremosos, hidratantes y deliciosos. Premia a tu mascota.\" \/>\n<meta name=\"robots\" content=\"index, follow, max-snippet:-1, max-image-preview:large, max-video-preview:-1\" \/>\n<link rel=\"canonical\" href=\"https:\/\/inabalatam.com\/cl\/nuestros-productos\/\" \/>\n<meta property=\"og:locale\" content=\"es_ES\" \/>\n<meta property=\"og:type\" content=\"article\" \/>\n<meta property=\"og:title\" content=\"Snacks s\u00faper premium para mascotas | Productos Churu en Chile\" \/>\n<meta property=\"og:description\" content=\"Descubre los productos Churu en Chile: snacks s\u00faper premium paramascotas, cremosos, hidratantes y deliciosos. Premia a tu mascota.\" \/>\n<meta property=\"og:url\" content=\"https:\/\/inabalatam.com\/cl\/nuestros-productos\/\" \/>\n<meta property=\"og:site_name\" content=\"INABA Chile\" \/>\n<meta property=\"article:publisher\" content=\"https:\/\/www.facebook.com\/Inaba.chile\/\" \/>\n<meta property=\"article:modified_time\" content=\"2026-04-27T13:54:46+00:00\" \/>\n<meta property=\"og:image\" content=\"https:\/\/inabalatam.com\/cl\/wp-content\/uploads\/2025\/12\/snacks-super-premium-para-mascotas.jpg\" \/>\n<meta name=\"twitter:card\" content=\"summary_large_image\" \/>\n<meta name=\"twitter:label1\" content=\"Tiempo de lectura\" \/>\n\t<meta name=\"twitter:data1\" content=\"6 minutos\" \/>\n<script type=\"application\/ld+json\" class=\"yoast-schema-graph\">{\"@context\":\"https:\/\/schema.org\",\"@graph\":[{\"@type\":\"WebPage\",\"@id\":\"https:\/\/inabalatam.com\/cl\/nuestros-productos\/\",\"url\":\"https:\/\/inabalatam.com\/cl\/nuestros-productos\/\",\"name\":\"Snacks s\u00faper premium para mascotas | Productos Churu en Chile\",\"isPartOf\":{\"@id\":\"https:\/\/inabalatam.com\/cl\/#website\"},\"primaryImageOfPage\":{\"@id\":\"https:\/\/inabalatam.com\/cl\/nuestros-productos\/#primaryimage\"},\"image\":{\"@id\":\"https:\/\/inabalatam.com\/cl\/nuestros-productos\/#primaryimage\"},\"thumbnailUrl\":\"https:\/\/inabalatam.com\/cl\/wp-content\/uploads\/2025\/12\/snacks-super-premium-para-mascotas.jpg\",\"datePublished\":\"2022-12-16T20:50:43+00:00\",\"dateModified\":\"2026-04-27T13:54:46+00:00\",\"description\":\"Descubre los productos Churu en Chile: snacks s\u00faper premium paramascotas, cremosos, hidratantes y deliciosos. Premia a tu mascota.\",\"breadcrumb\":{\"@id\":\"https:\/\/inabalatam.com\/cl\/nuestros-productos\/#breadcrumb\"},\"inLanguage\":\"es\",\"potentialAction\":[{\"@type\":\"ReadAction\",\"target\":[\"https:\/\/inabalatam.com\/cl\/nuestros-productos\/\"]}]},{\"@type\":\"ImageObject\",\"inLanguage\":\"es\",\"@id\":\"https:\/\/inabalatam.com\/cl\/nuestros-productos\/#primaryimage\",\"url\":\"https:\/\/inabalatam.com\/cl\/wp-content\/uploads\/2025\/12\/snacks-super-premium-para-mascotas.jpg\",\"contentUrl\":\"https:\/\/inabalatam.com\/cl\/wp-content\/uploads\/2025\/12\/snacks-super-premium-para-mascotas.jpg\",\"width\":2048,\"height\":783,\"caption\":\"snacks s\u00faper premium para mascotas\"},{\"@type\":\"BreadcrumbList\",\"@id\":\"https:\/\/inabalatam.com\/cl\/nuestros-productos\/#breadcrumb\",\"itemListElement\":[{\"@type\":\"ListItem\",\"position\":1,\"name\":\"Home\",\"item\":\"https:\/\/inabalatam.com\/cl\/\"},{\"@type\":\"ListItem\",\"position\":2,\"name\":\"Nuestros productos\"}]},{\"@type\":\"WebSite\",\"@id\":\"https:\/\/inabalatam.com\/cl\/#website\",\"url\":\"https:\/\/inabalatam.com\/cl\/\",\"name\":\"INABA Chile\",\"description\":\"Snacks s\u00faper premium para mascotas\",\"publisher\":{\"@id\":\"https:\/\/inabalatam.com\/cl\/#organization\"},\"potentialAction\":[{\"@type\":\"SearchAction\",\"target\":{\"@type\":\"EntryPoint\",\"urlTemplate\":\"https:\/\/inabalatam.com\/cl\/?s={search_term_string}\"},\"query-input\":{\"@type\":\"PropertyValueSpecification\",\"valueRequired\":true,\"valueName\":\"search_term_string\"}}],\"inLanguage\":\"es\"},{\"@type\":\"Organization\",\"@id\":\"https:\/\/inabalatam.com\/cl\/#organization\",\"name\":\"INABA Chile\",\"url\":\"https:\/\/inabalatam.com\/cl\/\",\"logo\":{\"@type\":\"ImageObject\",\"inLanguage\":\"es\",\"@id\":\"https:\/\/inabalatam.com\/cl\/#\/schema\/logo\/image\/\",\"url\":\"https:\/\/inabalatam.com\/cl\/wp-content\/uploads\/2022\/12\/cropped-logo-inaba.png\",\"contentUrl\":\"https:\/\/inabalatam.com\/cl\/wp-content\/uploads\/2022\/12\/cropped-logo-inaba.png\",\"width\":800,\"height\":285,\"caption\":\"INABA Chile\"},\"image\":{\"@id\":\"https:\/\/inabalatam.com\/cl\/#\/schema\/logo\/image\/\"},\"sameAs\":[\"https:\/\/www.facebook.com\/Inaba.chile\/\",\"https:\/\/www.instagram.com\/inaba.chile\/?hl=es\"]}]}<\/script>\n<!-- \/ Yoast SEO plugin. -->","yoast_head_json":{"title":"Snacks s\u00faper premium para mascotas | Productos Churu en Chile","description":"Descubre los productos Churu en Chile: snacks s\u00faper premium paramascotas, cremosos, hidratantes y deliciosos. Premia a tu mascota.","robots":{"index":"index","follow":"follow","max-snippet":"max-snippet:-1","max-image-preview":"max-image-preview:large","max-video-preview":"max-video-preview:-1"},"canonical":"https:\/\/inabalatam.com\/cl\/nuestros-productos\/","og_locale":"es_ES","og_type":"article","og_title":"Snacks s\u00faper premium para mascotas | Productos Churu en Chile","og_description":"Descubre los productos Churu en Chile: snacks s\u00faper premium paramascotas, cremosos, hidratantes y deliciosos. Premia a tu mascota.","og_url":"https:\/\/inabalatam.com\/cl\/nuestros-productos\/","og_site_name":"INABA Chile","article_publisher":"https:\/\/www.facebook.com\/Inaba.chile\/","article_modified_time":"2026-04-27T13:54:46+00:00","og_image":[{"url":"https:\/\/inabalatam.com\/cl\/wp-content\/uploads\/2025\/12\/snacks-super-premium-para-mascotas.jpg","type":"","width":"","height":""}],"twitter_card":"summary_large_image","twitter_misc":{"Tiempo de lectura":"6 minutos"},"schema":{"@context":"https:\/\/schema.org","@graph":[{"@type":"WebPage","@id":"https:\/\/inabalatam.com\/cl\/nuestros-productos\/","url":"https:\/\/inabalatam.com\/cl\/nuestros-productos\/","name":"Snacks s\u00faper premium para mascotas | Productos Churu en Chile","isPartOf":{"@id":"https:\/\/inabalatam.com\/cl\/#website"},"primaryImageOfPage":{"@id":"https:\/\/inabalatam.com\/cl\/nuestros-productos\/#primaryimage"},"image":{"@id":"https:\/\/inabalatam.com\/cl\/nuestros-productos\/#primaryimage"},"thumbnailUrl":"https:\/\/inabalatam.com\/cl\/wp-content\/uploads\/2025\/12\/snacks-super-premium-para-mascotas.jpg","datePublished":"2022-12-16T20:50:43+00:00","dateModified":"2026-04-27T13:54:46+00:00","description":"Descubre los productos Churu en Chile: snacks s\u00faper premium paramascotas, cremosos, hidratantes y deliciosos. Premia a tu mascota.","breadcrumb":{"@id":"https:\/\/inabalatam.com\/cl\/nuestros-productos\/#breadcrumb"},"inLanguage":"es","potentialAction":[{"@type":"ReadAction","target":["https:\/\/inabalatam.com\/cl\/nuestros-productos\/"]}]},{"@type":"ImageObject","inLanguage":"es","@id":"https:\/\/inabalatam.com\/cl\/nuestros-productos\/#primaryimage","url":"https:\/\/inabalatam.com\/cl\/wp-content\/uploads\/2025\/12\/snacks-super-premium-para-mascotas.jpg","contentUrl":"https:\/\/inabalatam.com\/cl\/wp-content\/uploads\/2025\/12\/snacks-super-premium-para-mascotas.jpg","width":2048,"height":783,"caption":"snacks s\u00faper premium para mascotas"},{"@type":"BreadcrumbList","@id":"https:\/\/inabalatam.com\/cl\/nuestros-productos\/#breadcrumb","itemListElement":[{"@type":"ListItem","position":1,"name":"Home","item":"https:\/\/inabalatam.com\/cl\/"},{"@type":"ListItem","position":2,"name":"Nuestros productos"}]},{"@type":"WebSite","@id":"https:\/\/inabalatam.com\/cl\/#website","url":"https:\/\/inabalatam.com\/cl\/","name":"INABA Chile","description":"Snacks s\u00faper premium para mascotas","publisher":{"@id":"https:\/\/inabalatam.com\/cl\/#organization"},"potentialAction":[{"@type":"SearchAction","target":{"@type":"EntryPoint","urlTemplate":"https:\/\/inabalatam.com\/cl\/?s={search_term_string}"},"query-input":{"@type":"PropertyValueSpecification","valueRequired":true,"valueName":"search_term_string"}}],"inLanguage":"es"},{"@type":"Organization","@id":"https:\/\/inabalatam.com\/cl\/#organization","name":"INABA Chile","url":"https:\/\/inabalatam.com\/cl\/","logo":{"@type":"ImageObject","inLanguage":"es","@id":"https:\/\/inabalatam.com\/cl\/#\/schema\/logo\/image\/","url":"https:\/\/inabalatam.com\/cl\/wp-content\/uploads\/2022\/12\/cropped-logo-inaba.png","contentUrl":"https:\/\/inabalatam.com\/cl\/wp-content\/uploads\/2022\/12\/cropped-logo-inaba.png","width":800,"height":285,"caption":"INABA Chile"},"image":{"@id":"https:\/\/inabalatam.com\/cl\/#\/schema\/logo\/image\/"},"sameAs":["https:\/\/www.facebook.com\/Inaba.chile\/","https:\/\/www.instagram.com\/inaba.chile\/?hl=es"]}]}},"_links":{"self":[{"href":"https:\/\/inabalatam.com\/cl\/wp-json\/wp\/v2\/pages\/305","targetHints":{"allow":["GET"]}}],"collection":[{"href":"https:\/\/inabalatam.com\/cl\/wp-json\/wp\/v2\/pages"}],"about":[{"href":"https:\/\/inabalatam.com\/cl\/wp-json\/wp\/v2\/types\/page"}],"author":[{"embeddable":true,"href":"https:\/\/inabalatam.com\/cl\/wp-json\/wp\/v2\/users\/1"}],"replies":[{"embeddable":true,"href":"https:\/\/inabalatam.com\/cl\/wp-json\/wp\/v2\/comments?post=305"}],"version-history":[{"count":28,"href":"https:\/\/inabalatam.com\/cl\/wp-json\/wp\/v2\/pages\/305\/revisions"}],"predecessor-version":[{"id":2665,"href":"https:\/\/inabalatam.com\/cl\/wp-json\/wp\/v2\/pages\/305\/revisions\/2665"}],"wp:attachment":[{"href":"https:\/\/inabalatam.com\/cl\/wp-json\/wp\/v2\/media?parent=305"}],"curies":[{"name":"wp","href":"https:\/\/api.w.org\/{rel}","templated":true}]}}