{"id":1827,"date":"2024-03-09T02:17:38","date_gmt":"2024-03-09T02:17:38","guid":{"rendered":"https:\/\/inabalatam.com\/cl\/?post_type=product&#038;p=1827"},"modified":"2024-04-24T19:35:28","modified_gmt":"2024-04-24T19:35:28","slug":"churu-fun-bites-pollo-con-atun-y-ostion","status":"publish","type":"product","link":"https:\/\/inabalatam.com\/cl\/producto\/churu-fun-bites-pollo-con-atun-y-ostion\/","title":{"rendered":"Churu Fun Bites pollo con at\u00fan y osti\u00f3n"},"content":{"rendered":"<p><b><span lang=\"ES-MX\">Suplemento para gatos de todas las edades.<\/span><\/b><\/p>\n<p><b>Contenido neto:\u00a0<\/b>60 g x 3 (180 g)<\/p>\n<p><b>Ingredientes: <\/b>pollo, at\u00fan, agua, almid\u00f3n de tapioca, clara de huevo, caseinato de sodio, osti\u00f3n, goma guar, saborizante natural de osti\u00f3n, saborizante natural de pollo, saborizantes naturales, extracto de levadura, taurina, oleorresina de paprika (color), suplemento de vitamina E, extracto de t\u00e9 verde.<\/p>\n<p><strong>Instrucciones de uso:\u00a0<\/strong>dar a tu gato como premio. Una vez abierto mant\u00e9ngase refrigerado y consumir lo antes posible.<\/p>\n<p><b>An\u00e1lisis nutricional garantizado:<\/b><\/p>\n<table>\n<tbody>\n<tr>\n<td>Prote\u00edna bruta (min) 24,00%<\/td>\n<\/tr>\n<tr>\n<td>Grasa cruda (min) 4,00%<\/td>\n<\/tr>\n<tr>\n<td>Fibra bruta (m\u00e1x.) 0,50%<\/td>\n<\/tr>\n<tr>\n<td>Humedad (m\u00e1x.) 60,00%<\/td>\n<\/tr>\n<tr>\n<td>Vitamina E (min) 80 UI \/ kg<\/td>\n<\/tr>\n<tr>\n<td>Calor\u00edas: 30 Kcal\/sachet<\/td>\n<\/tr>\n<\/tbody>\n<\/table>\n<p><b>Consumo diario recomendado: <\/b>1 sachet<\/p>\n<p>&nbsp;<\/p>\n<p>&nbsp;<\/p>\n<p>&nbsp;<\/p>\n","protected":false},"excerpt":{"rendered":"<p>Bocaditos horneados rellenos de crema Churu, elaborados\u00a0con ingredientes de grado humano.\u00a0Libre de granos, colorantes y preservantes artificiales. Fortalecido con Vitamina E y t\u00e9 verde.<\/p>\n","protected":false},"featured_media":1799,"comment_status":"open","ping_status":"closed","template":"","meta":[],"product_cat":[78,20],"product_tag":[46,45,79,44,47,48],"class_list":["post-1827","product","type-product","status-publish","has-post-thumbnail","hentry","product_cat-churu-fun-bites","product_cat-gato","product_tag-atun","product_tag-churu","product_tag-fun-bites","product_tag-gato","product_tag-ostion","product_tag-pollo"],"yoast_head":"<!-- This site is optimized with the Yoast SEO plugin v26.8 - https:\/\/yoast.com\/product\/yoast-seo-wordpress\/ -->\n<title>Churu Fun Bites pollo con at\u00fan y osti\u00f3n - INABA Chile<\/title>\n<meta name=\"robots\" content=\"index, follow, max-snippet:-1, max-image-preview:large, max-video-preview:-1\" \/>\n<link rel=\"canonical\" href=\"https:\/\/inabalatam.com\/cl\/producto\/churu-fun-bites-pollo-con-atun-y-ostion\/\" \/>\n<meta property=\"og:locale\" content=\"es_ES\" \/>\n<meta property=\"og:type\" content=\"article\" \/>\n<meta property=\"og:title\" content=\"Churu Fun Bites pollo con at\u00fan y osti\u00f3n - INABA Chile\" \/>\n<meta property=\"og:description\" content=\"Bocaditos horneados rellenos de crema Churu, elaborados\u00a0con ingredientes de grado humano.\u00a0Libre de granos, colorantes y preservantes artificiales. Fortalecido con Vitamina E y t\u00e9 verde.\" \/>\n<meta property=\"og:url\" content=\"https:\/\/inabalatam.com\/cl\/producto\/churu-fun-bites-pollo-con-atun-y-ostion\/\" \/>\n<meta property=\"og:site_name\" content=\"INABA Chile\" \/>\n<meta property=\"article:publisher\" content=\"https:\/\/www.facebook.com\/Inaba.chile\/\" \/>\n<meta property=\"article:modified_time\" content=\"2024-04-24T19:35:28+00:00\" \/>\n<meta property=\"og:image\" content=\"https:\/\/inabalatam.com\/cl\/wp-content\/uploads\/2024\/03\/Churu-Fun-Bites-Chicken-Tuna-Scallop-front.jpg\" \/>\n\t<meta property=\"og:image:width\" content=\"1000\" \/>\n\t<meta property=\"og:image:height\" content=\"1000\" \/>\n\t<meta property=\"og:image:type\" content=\"image\/jpeg\" \/>\n<meta name=\"twitter:card\" content=\"summary_large_image\" \/>\n<meta name=\"twitter:label1\" content=\"Tiempo de lectura\" \/>\n\t<meta name=\"twitter:data1\" content=\"1 minuto\" \/>\n<script type=\"application\/ld+json\" class=\"yoast-schema-graph\">{\"@context\":\"https:\/\/schema.org\",\"@graph\":[{\"@type\":\"WebPage\",\"@id\":\"https:\/\/inabalatam.com\/cl\/producto\/churu-fun-bites-pollo-con-atun-y-ostion\/\",\"url\":\"https:\/\/inabalatam.com\/cl\/producto\/churu-fun-bites-pollo-con-atun-y-ostion\/\",\"name\":\"Churu Fun Bites pollo con at\u00fan y osti\u00f3n - INABA Chile\",\"isPartOf\":{\"@id\":\"https:\/\/inabalatam.com\/cl\/#website\"},\"primaryImageOfPage\":{\"@id\":\"https:\/\/inabalatam.com\/cl\/producto\/churu-fun-bites-pollo-con-atun-y-ostion\/#primaryimage\"},\"image\":{\"@id\":\"https:\/\/inabalatam.com\/cl\/producto\/churu-fun-bites-pollo-con-atun-y-ostion\/#primaryimage\"},\"thumbnailUrl\":\"https:\/\/inabalatam.com\/cl\/wp-content\/uploads\/2024\/03\/Churu-Fun-Bites-Chicken-Tuna-Scallop-front.jpg\",\"datePublished\":\"2024-03-09T02:17:38+00:00\",\"dateModified\":\"2024-04-24T19:35:28+00:00\",\"breadcrumb\":{\"@id\":\"https:\/\/inabalatam.com\/cl\/producto\/churu-fun-bites-pollo-con-atun-y-ostion\/#breadcrumb\"},\"inLanguage\":\"es\",\"potentialAction\":[{\"@type\":\"ReadAction\",\"target\":[\"https:\/\/inabalatam.com\/cl\/producto\/churu-fun-bites-pollo-con-atun-y-ostion\/\"]}]},{\"@type\":\"ImageObject\",\"inLanguage\":\"es\",\"@id\":\"https:\/\/inabalatam.com\/cl\/producto\/churu-fun-bites-pollo-con-atun-y-ostion\/#primaryimage\",\"url\":\"https:\/\/inabalatam.com\/cl\/wp-content\/uploads\/2024\/03\/Churu-Fun-Bites-Chicken-Tuna-Scallop-front.jpg\",\"contentUrl\":\"https:\/\/inabalatam.com\/cl\/wp-content\/uploads\/2024\/03\/Churu-Fun-Bites-Chicken-Tuna-Scallop-front.jpg\",\"width\":1000,\"height\":1000},{\"@type\":\"BreadcrumbList\",\"@id\":\"https:\/\/inabalatam.com\/cl\/producto\/churu-fun-bites-pollo-con-atun-y-ostion\/#breadcrumb\",\"itemListElement\":[{\"@type\":\"ListItem\",\"position\":1,\"name\":\"Home\",\"item\":\"https:\/\/inabalatam.com\/cl\/\"},{\"@type\":\"ListItem\",\"position\":2,\"name\":\"Productos\",\"item\":\"https:\/\/inabalatam.com\/cl\/tienda\/\"},{\"@type\":\"ListItem\",\"position\":3,\"name\":\"Churu Fun Bites pollo con at\u00fan y osti\u00f3n\"}]},{\"@type\":\"WebSite\",\"@id\":\"https:\/\/inabalatam.com\/cl\/#website\",\"url\":\"https:\/\/inabalatam.com\/cl\/\",\"name\":\"INABA Chile\",\"description\":\"Snacks s\u00faper premium para mascotas\",\"publisher\":{\"@id\":\"https:\/\/inabalatam.com\/cl\/#organization\"},\"potentialAction\":[{\"@type\":\"SearchAction\",\"target\":{\"@type\":\"EntryPoint\",\"urlTemplate\":\"https:\/\/inabalatam.com\/cl\/?s={search_term_string}\"},\"query-input\":{\"@type\":\"PropertyValueSpecification\",\"valueRequired\":true,\"valueName\":\"search_term_string\"}}],\"inLanguage\":\"es\"},{\"@type\":\"Organization\",\"@id\":\"https:\/\/inabalatam.com\/cl\/#organization\",\"name\":\"INABA Chile\",\"url\":\"https:\/\/inabalatam.com\/cl\/\",\"logo\":{\"@type\":\"ImageObject\",\"inLanguage\":\"es\",\"@id\":\"https:\/\/inabalatam.com\/cl\/#\/schema\/logo\/image\/\",\"url\":\"https:\/\/inabalatam.com\/cl\/wp-content\/uploads\/2022\/12\/cropped-logo-inaba.png\",\"contentUrl\":\"https:\/\/inabalatam.com\/cl\/wp-content\/uploads\/2022\/12\/cropped-logo-inaba.png\",\"width\":800,\"height\":285,\"caption\":\"INABA Chile\"},\"image\":{\"@id\":\"https:\/\/inabalatam.com\/cl\/#\/schema\/logo\/image\/\"},\"sameAs\":[\"https:\/\/www.facebook.com\/Inaba.chile\/\",\"https:\/\/www.instagram.com\/inaba.chile\/?hl=es\"]}]}<\/script>\n<!-- \/ Yoast SEO plugin. -->","yoast_head_json":{"title":"Churu Fun Bites pollo con at\u00fan y osti\u00f3n - INABA Chile","robots":{"index":"index","follow":"follow","max-snippet":"max-snippet:-1","max-image-preview":"max-image-preview:large","max-video-preview":"max-video-preview:-1"},"canonical":"https:\/\/inabalatam.com\/cl\/producto\/churu-fun-bites-pollo-con-atun-y-ostion\/","og_locale":"es_ES","og_type":"article","og_title":"Churu Fun Bites pollo con at\u00fan y osti\u00f3n - INABA Chile","og_description":"Bocaditos horneados rellenos de crema Churu, elaborados\u00a0con ingredientes de grado humano.\u00a0Libre de granos, colorantes y preservantes artificiales. Fortalecido con Vitamina E y t\u00e9 verde.","og_url":"https:\/\/inabalatam.com\/cl\/producto\/churu-fun-bites-pollo-con-atun-y-ostion\/","og_site_name":"INABA Chile","article_publisher":"https:\/\/www.facebook.com\/Inaba.chile\/","article_modified_time":"2024-04-24T19:35:28+00:00","og_image":[{"width":1000,"height":1000,"url":"https:\/\/inabalatam.com\/cl\/wp-content\/uploads\/2024\/03\/Churu-Fun-Bites-Chicken-Tuna-Scallop-front.jpg","type":"image\/jpeg"}],"twitter_card":"summary_large_image","twitter_misc":{"Tiempo de lectura":"1 minuto"},"schema":{"@context":"https:\/\/schema.org","@graph":[{"@type":"WebPage","@id":"https:\/\/inabalatam.com\/cl\/producto\/churu-fun-bites-pollo-con-atun-y-ostion\/","url":"https:\/\/inabalatam.com\/cl\/producto\/churu-fun-bites-pollo-con-atun-y-ostion\/","name":"Churu Fun Bites pollo con at\u00fan y osti\u00f3n - INABA Chile","isPartOf":{"@id":"https:\/\/inabalatam.com\/cl\/#website"},"primaryImageOfPage":{"@id":"https:\/\/inabalatam.com\/cl\/producto\/churu-fun-bites-pollo-con-atun-y-ostion\/#primaryimage"},"image":{"@id":"https:\/\/inabalatam.com\/cl\/producto\/churu-fun-bites-pollo-con-atun-y-ostion\/#primaryimage"},"thumbnailUrl":"https:\/\/inabalatam.com\/cl\/wp-content\/uploads\/2024\/03\/Churu-Fun-Bites-Chicken-Tuna-Scallop-front.jpg","datePublished":"2024-03-09T02:17:38+00:00","dateModified":"2024-04-24T19:35:28+00:00","breadcrumb":{"@id":"https:\/\/inabalatam.com\/cl\/producto\/churu-fun-bites-pollo-con-atun-y-ostion\/#breadcrumb"},"inLanguage":"es","potentialAction":[{"@type":"ReadAction","target":["https:\/\/inabalatam.com\/cl\/producto\/churu-fun-bites-pollo-con-atun-y-ostion\/"]}]},{"@type":"ImageObject","inLanguage":"es","@id":"https:\/\/inabalatam.com\/cl\/producto\/churu-fun-bites-pollo-con-atun-y-ostion\/#primaryimage","url":"https:\/\/inabalatam.com\/cl\/wp-content\/uploads\/2024\/03\/Churu-Fun-Bites-Chicken-Tuna-Scallop-front.jpg","contentUrl":"https:\/\/inabalatam.com\/cl\/wp-content\/uploads\/2024\/03\/Churu-Fun-Bites-Chicken-Tuna-Scallop-front.jpg","width":1000,"height":1000},{"@type":"BreadcrumbList","@id":"https:\/\/inabalatam.com\/cl\/producto\/churu-fun-bites-pollo-con-atun-y-ostion\/#breadcrumb","itemListElement":[{"@type":"ListItem","position":1,"name":"Home","item":"https:\/\/inabalatam.com\/cl\/"},{"@type":"ListItem","position":2,"name":"Productos","item":"https:\/\/inabalatam.com\/cl\/tienda\/"},{"@type":"ListItem","position":3,"name":"Churu Fun Bites pollo con at\u00fan y osti\u00f3n"}]},{"@type":"WebSite","@id":"https:\/\/inabalatam.com\/cl\/#website","url":"https:\/\/inabalatam.com\/cl\/","name":"INABA Chile","description":"Snacks s\u00faper premium para mascotas","publisher":{"@id":"https:\/\/inabalatam.com\/cl\/#organization"},"potentialAction":[{"@type":"SearchAction","target":{"@type":"EntryPoint","urlTemplate":"https:\/\/inabalatam.com\/cl\/?s={search_term_string}"},"query-input":{"@type":"PropertyValueSpecification","valueRequired":true,"valueName":"search_term_string"}}],"inLanguage":"es"},{"@type":"Organization","@id":"https:\/\/inabalatam.com\/cl\/#organization","name":"INABA Chile","url":"https:\/\/inabalatam.com\/cl\/","logo":{"@type":"ImageObject","inLanguage":"es","@id":"https:\/\/inabalatam.com\/cl\/#\/schema\/logo\/image\/","url":"https:\/\/inabalatam.com\/cl\/wp-content\/uploads\/2022\/12\/cropped-logo-inaba.png","contentUrl":"https:\/\/inabalatam.com\/cl\/wp-content\/uploads\/2022\/12\/cropped-logo-inaba.png","width":800,"height":285,"caption":"INABA Chile"},"image":{"@id":"https:\/\/inabalatam.com\/cl\/#\/schema\/logo\/image\/"},"sameAs":["https:\/\/www.facebook.com\/Inaba.chile\/","https:\/\/www.instagram.com\/inaba.chile\/?hl=es"]}]}},"_links":{"self":[{"href":"https:\/\/inabalatam.com\/cl\/wp-json\/wp\/v2\/product\/1827","targetHints":{"allow":["GET"]}}],"collection":[{"href":"https:\/\/inabalatam.com\/cl\/wp-json\/wp\/v2\/product"}],"about":[{"href":"https:\/\/inabalatam.com\/cl\/wp-json\/wp\/v2\/types\/product"}],"replies":[{"embeddable":true,"href":"https:\/\/inabalatam.com\/cl\/wp-json\/wp\/v2\/comments?post=1827"}],"wp:featuredmedia":[{"embeddable":true,"href":"https:\/\/inabalatam.com\/cl\/wp-json\/wp\/v2\/media\/1799"}],"wp:attachment":[{"href":"https:\/\/inabalatam.com\/cl\/wp-json\/wp\/v2\/media?parent=1827"}],"wp:term":[{"taxonomy":"product_cat","embeddable":true,"href":"https:\/\/inabalatam.com\/cl\/wp-json\/wp\/v2\/product_cat?post=1827"},{"taxonomy":"product_tag","embeddable":true,"href":"https:\/\/inabalatam.com\/cl\/wp-json\/wp\/v2\/product_tag?post=1827"}],"curies":[{"name":"wp","href":"https:\/\/api.w.org\/{rel}","templated":true}]}}