{"id":1838,"date":"2024-03-09T02:40:57","date_gmt":"2024-03-09T02:40:57","guid":{"rendered":"https:\/\/inabalatam.com\/cl\/?post_type=product&#038;p=1838"},"modified":"2024-03-09T03:41:21","modified_gmt":"2024-03-09T03:41:21","slug":"churu-variedades-de-atun-20-tubos","status":"publish","type":"product","link":"https:\/\/inabalatam.com\/cl\/producto\/churu-variedades-de-atun-20-tubos\/","title":{"rendered":"Churu variedades de at\u00fan (20 tubos)"},"content":{"rendered":"<p><strong>Suplemento para gatos de todas las edades.<\/strong><\/p>\n<p><strong>Contenido neto: <\/strong>14 g x 20 (280 g)<\/p>\n<p><strong>Composici\u00f3n:<\/strong><\/p>\n<p>5 tubos Churu de at\u00fan (Res. SAG 495\/2021): USA601<br \/>\nAgua, at\u00fan, tapioca, saborizantes naturales, goma guar, saborizante natural de at\u00fan (extracto de at\u00fan), taurina, suplemento de vitamina E, extracto de t\u00e9 verde.<\/p>\n<p>5 tubos Churu de at\u00fan con pollo (Res. SAG 4058\/2020): USA602<br \/>\nAgua, At\u00fan, Pollo, Tapioca, Saborizantes naturales, Goma Guar, Sabor natural de at\u00fan, taurina, Suplemento de vitamina E, Extracto de t\u00e9 verde.<\/p>\n<p>5 tubos Churu de at\u00fan con osti\u00f3n (Res. SAG 495\/2021): USA604<br \/>\nAgua, at\u00fan, osti\u00f3n, tapioca, saborizante natural de osti\u00f3n (extracto de osti\u00f3n), saborizantes naturales, goma guar, taurina, suplemento de vitamina E, extracto de t\u00e9 verde.<\/p>\n<p>5 tubos Churu de at\u00fan con queso (Res SAG 3410\/2022): USA663<br \/>\nAgua, at\u00fan, queso (leche, agua, \u00e1cido fosf\u00f3rico), almid\u00f3n de tapioca, sabores naturales, goma guar, sabor a at\u00fan natural, suplemento de vitamina E, taurina, extracto de t\u00e9 verde.<\/p>\n<p><strong>Instrucciones de uso:<\/strong> Dar a tu gato como premio. Una vez abierto mant\u00e9ngase refrigerado y consumir lo antes posible.<\/p>\n<p><b>An\u00e1lisis nutricional garantizado:<\/b><\/p>\n<table>\n<tbody>\n<tr>\n<td>Prote\u00edna bruta (min) 7,00%<\/td>\n<\/tr>\n<tr>\n<td>Grasa cruda (min) 0,20%<\/td>\n<\/tr>\n<tr>\n<td>Fibra bruta (m\u00e1x.) 0,30%<\/td>\n<\/tr>\n<tr>\n<td>Humedad (m\u00e1x.) 91,00%<\/td>\n<\/tr>\n<tr>\n<td>Vitamina E (min) 310 UI \/ kg<\/td>\n<\/tr>\n<tr>\n<td>Calor\u00edas: 6 Kcal\/tubo<\/td>\n<\/tr>\n<\/tbody>\n<\/table>\n<p><strong>Consumo diario recomendado:<\/strong> Hasta 4 tubos.<\/p>\n<p><strong>Precauciones:<\/strong><br \/>\nNo permitas que tu gato muerda el envase. Proporcione agua limpia y fresca todos los d\u00edas. Consulte a su m\u00e9dico veterinario regularmente.<\/p>\n<p><strong>Producto elaborado en Tailandia por:<\/strong><br \/>\nThai Inaba Foods Company Limited. 190 Moo 7, Nong Pla Kradi Road, Nong Pla Mo, Nong Kae, Saraburi 18140,<br \/>\nTailandia<\/p>\n<p><strong>Importado por:<\/strong><br \/>\nPROMERCO S.A.<br \/>\nGalvarino 7401, Quilicura<br \/>\nTel\u00e9fono: 2 2399 0000<br \/>\nMail: recepcion@promerco.cl<\/p>\n<p>USO EXCLUSIVO EN LA ALIMENTACI\u00d3N ANIMAL<br \/>\nNO CORRESPONDE A UN ALIMENTO COMPLETO<br \/>\nPROHIBIDO SU USO EN LA ALIMENTACI\u00d3N DE RUMIANTES<\/p>\n<p>Vida \u00fatil: 24 meses<br \/>\nFecha de vencimiento y N\u00famero de Lote impreso en el envase.<br \/>\nFormato de Fecha: Mes\/D\u00eda\/A\u00f1o<\/p>\n","protected":false},"excerpt":{"rendered":"<p>Snack cremoso elaborado con ingredientes de grado humano. Libre de granos, colorantes y preservantes artificiales. Fortalecido con Vitamina E y t\u00e9 verde.<\/p>\n","protected":false},"featured_media":1789,"comment_status":"open","ping_status":"closed","template":"","meta":[],"product_cat":[24,22,32,20,33],"product_tag":[46,45,44,47,48,52],"class_list":["post-1838","product","type-product","status-publish","has-post-thumbnail","hentry","product_cat-20-unidades","product_cat-churu","product_cat-churu-variedades","product_cat-gato","product_cat-variedad-atun","product_tag-atun","product_tag-churu","product_tag-gato","product_tag-ostion","product_tag-pollo","product_tag-queso"],"yoast_head":"<!-- This site is optimized with the Yoast SEO plugin v26.8 - https:\/\/yoast.com\/product\/yoast-seo-wordpress\/ -->\n<title>Churu variedades de at\u00fan (20 tubos) - INABA Chile<\/title>\n<meta name=\"robots\" content=\"index, follow, max-snippet:-1, max-image-preview:large, max-video-preview:-1\" \/>\n<link rel=\"canonical\" href=\"https:\/\/inabalatam.com\/cl\/producto\/churu-variedades-de-atun-20-tubos\/\" \/>\n<meta property=\"og:locale\" content=\"es_ES\" \/>\n<meta property=\"og:type\" content=\"article\" \/>\n<meta property=\"og:title\" content=\"Churu variedades de at\u00fan (20 tubos) - INABA Chile\" \/>\n<meta property=\"og:description\" content=\"Snack cremoso elaborado con ingredientes de grado humano. Libre de granos, colorantes y preservantes artificiales. Fortalecido con Vitamina E y t\u00e9 verde.\" \/>\n<meta property=\"og:url\" content=\"https:\/\/inabalatam.com\/cl\/producto\/churu-variedades-de-atun-20-tubos\/\" \/>\n<meta property=\"og:site_name\" content=\"INABA Chile\" \/>\n<meta property=\"article:publisher\" content=\"https:\/\/www.facebook.com\/Inaba.chile\/\" \/>\n<meta property=\"article:modified_time\" content=\"2024-03-09T03:41:21+00:00\" \/>\n<meta property=\"og:image\" content=\"https:\/\/inabalatam.com\/cl\/wp-content\/uploads\/2024\/03\/Churu-20p-Tuna-front.jpg\" \/>\n\t<meta property=\"og:image:width\" content=\"1000\" \/>\n\t<meta property=\"og:image:height\" content=\"1000\" \/>\n\t<meta property=\"og:image:type\" content=\"image\/jpeg\" \/>\n<meta name=\"twitter:card\" content=\"summary_large_image\" \/>\n<meta name=\"twitter:label1\" content=\"Tiempo de lectura\" \/>\n\t<meta name=\"twitter:data1\" content=\"2 minutos\" \/>\n<script type=\"application\/ld+json\" class=\"yoast-schema-graph\">{\"@context\":\"https:\/\/schema.org\",\"@graph\":[{\"@type\":\"WebPage\",\"@id\":\"https:\/\/inabalatam.com\/cl\/producto\/churu-variedades-de-atun-20-tubos\/\",\"url\":\"https:\/\/inabalatam.com\/cl\/producto\/churu-variedades-de-atun-20-tubos\/\",\"name\":\"Churu variedades de at\u00fan (20 tubos) - INABA Chile\",\"isPartOf\":{\"@id\":\"https:\/\/inabalatam.com\/cl\/#website\"},\"primaryImageOfPage\":{\"@id\":\"https:\/\/inabalatam.com\/cl\/producto\/churu-variedades-de-atun-20-tubos\/#primaryimage\"},\"image\":{\"@id\":\"https:\/\/inabalatam.com\/cl\/producto\/churu-variedades-de-atun-20-tubos\/#primaryimage\"},\"thumbnailUrl\":\"https:\/\/inabalatam.com\/cl\/wp-content\/uploads\/2024\/03\/Churu-20p-Tuna-front.jpg\",\"datePublished\":\"2024-03-09T02:40:57+00:00\",\"dateModified\":\"2024-03-09T03:41:21+00:00\",\"breadcrumb\":{\"@id\":\"https:\/\/inabalatam.com\/cl\/producto\/churu-variedades-de-atun-20-tubos\/#breadcrumb\"},\"inLanguage\":\"es\",\"potentialAction\":[{\"@type\":\"ReadAction\",\"target\":[\"https:\/\/inabalatam.com\/cl\/producto\/churu-variedades-de-atun-20-tubos\/\"]}]},{\"@type\":\"ImageObject\",\"inLanguage\":\"es\",\"@id\":\"https:\/\/inabalatam.com\/cl\/producto\/churu-variedades-de-atun-20-tubos\/#primaryimage\",\"url\":\"https:\/\/inabalatam.com\/cl\/wp-content\/uploads\/2024\/03\/Churu-20p-Tuna-front.jpg\",\"contentUrl\":\"https:\/\/inabalatam.com\/cl\/wp-content\/uploads\/2024\/03\/Churu-20p-Tuna-front.jpg\",\"width\":1000,\"height\":1000},{\"@type\":\"BreadcrumbList\",\"@id\":\"https:\/\/inabalatam.com\/cl\/producto\/churu-variedades-de-atun-20-tubos\/#breadcrumb\",\"itemListElement\":[{\"@type\":\"ListItem\",\"position\":1,\"name\":\"Home\",\"item\":\"https:\/\/inabalatam.com\/cl\/\"},{\"@type\":\"ListItem\",\"position\":2,\"name\":\"Productos\",\"item\":\"https:\/\/inabalatam.com\/cl\/tienda\/\"},{\"@type\":\"ListItem\",\"position\":3,\"name\":\"Churu variedades de at\u00fan (20 tubos)\"}]},{\"@type\":\"WebSite\",\"@id\":\"https:\/\/inabalatam.com\/cl\/#website\",\"url\":\"https:\/\/inabalatam.com\/cl\/\",\"name\":\"INABA Chile\",\"description\":\"Snacks s\u00faper premium para mascotas\",\"publisher\":{\"@id\":\"https:\/\/inabalatam.com\/cl\/#organization\"},\"potentialAction\":[{\"@type\":\"SearchAction\",\"target\":{\"@type\":\"EntryPoint\",\"urlTemplate\":\"https:\/\/inabalatam.com\/cl\/?s={search_term_string}\"},\"query-input\":{\"@type\":\"PropertyValueSpecification\",\"valueRequired\":true,\"valueName\":\"search_term_string\"}}],\"inLanguage\":\"es\"},{\"@type\":\"Organization\",\"@id\":\"https:\/\/inabalatam.com\/cl\/#organization\",\"name\":\"INABA Chile\",\"url\":\"https:\/\/inabalatam.com\/cl\/\",\"logo\":{\"@type\":\"ImageObject\",\"inLanguage\":\"es\",\"@id\":\"https:\/\/inabalatam.com\/cl\/#\/schema\/logo\/image\/\",\"url\":\"https:\/\/inabalatam.com\/cl\/wp-content\/uploads\/2022\/12\/cropped-logo-inaba.png\",\"contentUrl\":\"https:\/\/inabalatam.com\/cl\/wp-content\/uploads\/2022\/12\/cropped-logo-inaba.png\",\"width\":800,\"height\":285,\"caption\":\"INABA Chile\"},\"image\":{\"@id\":\"https:\/\/inabalatam.com\/cl\/#\/schema\/logo\/image\/\"},\"sameAs\":[\"https:\/\/www.facebook.com\/Inaba.chile\/\",\"https:\/\/www.instagram.com\/inaba.chile\/?hl=es\"]}]}<\/script>\n<!-- \/ Yoast SEO plugin. -->","yoast_head_json":{"title":"Churu variedades de at\u00fan (20 tubos) - INABA Chile","robots":{"index":"index","follow":"follow","max-snippet":"max-snippet:-1","max-image-preview":"max-image-preview:large","max-video-preview":"max-video-preview:-1"},"canonical":"https:\/\/inabalatam.com\/cl\/producto\/churu-variedades-de-atun-20-tubos\/","og_locale":"es_ES","og_type":"article","og_title":"Churu variedades de at\u00fan (20 tubos) - INABA Chile","og_description":"Snack cremoso elaborado con ingredientes de grado humano. Libre de granos, colorantes y preservantes artificiales. Fortalecido con Vitamina E y t\u00e9 verde.","og_url":"https:\/\/inabalatam.com\/cl\/producto\/churu-variedades-de-atun-20-tubos\/","og_site_name":"INABA Chile","article_publisher":"https:\/\/www.facebook.com\/Inaba.chile\/","article_modified_time":"2024-03-09T03:41:21+00:00","og_image":[{"width":1000,"height":1000,"url":"https:\/\/inabalatam.com\/cl\/wp-content\/uploads\/2024\/03\/Churu-20p-Tuna-front.jpg","type":"image\/jpeg"}],"twitter_card":"summary_large_image","twitter_misc":{"Tiempo de lectura":"2 minutos"},"schema":{"@context":"https:\/\/schema.org","@graph":[{"@type":"WebPage","@id":"https:\/\/inabalatam.com\/cl\/producto\/churu-variedades-de-atun-20-tubos\/","url":"https:\/\/inabalatam.com\/cl\/producto\/churu-variedades-de-atun-20-tubos\/","name":"Churu variedades de at\u00fan (20 tubos) - INABA Chile","isPartOf":{"@id":"https:\/\/inabalatam.com\/cl\/#website"},"primaryImageOfPage":{"@id":"https:\/\/inabalatam.com\/cl\/producto\/churu-variedades-de-atun-20-tubos\/#primaryimage"},"image":{"@id":"https:\/\/inabalatam.com\/cl\/producto\/churu-variedades-de-atun-20-tubos\/#primaryimage"},"thumbnailUrl":"https:\/\/inabalatam.com\/cl\/wp-content\/uploads\/2024\/03\/Churu-20p-Tuna-front.jpg","datePublished":"2024-03-09T02:40:57+00:00","dateModified":"2024-03-09T03:41:21+00:00","breadcrumb":{"@id":"https:\/\/inabalatam.com\/cl\/producto\/churu-variedades-de-atun-20-tubos\/#breadcrumb"},"inLanguage":"es","potentialAction":[{"@type":"ReadAction","target":["https:\/\/inabalatam.com\/cl\/producto\/churu-variedades-de-atun-20-tubos\/"]}]},{"@type":"ImageObject","inLanguage":"es","@id":"https:\/\/inabalatam.com\/cl\/producto\/churu-variedades-de-atun-20-tubos\/#primaryimage","url":"https:\/\/inabalatam.com\/cl\/wp-content\/uploads\/2024\/03\/Churu-20p-Tuna-front.jpg","contentUrl":"https:\/\/inabalatam.com\/cl\/wp-content\/uploads\/2024\/03\/Churu-20p-Tuna-front.jpg","width":1000,"height":1000},{"@type":"BreadcrumbList","@id":"https:\/\/inabalatam.com\/cl\/producto\/churu-variedades-de-atun-20-tubos\/#breadcrumb","itemListElement":[{"@type":"ListItem","position":1,"name":"Home","item":"https:\/\/inabalatam.com\/cl\/"},{"@type":"ListItem","position":2,"name":"Productos","item":"https:\/\/inabalatam.com\/cl\/tienda\/"},{"@type":"ListItem","position":3,"name":"Churu variedades de at\u00fan (20 tubos)"}]},{"@type":"WebSite","@id":"https:\/\/inabalatam.com\/cl\/#website","url":"https:\/\/inabalatam.com\/cl\/","name":"INABA Chile","description":"Snacks s\u00faper premium para mascotas","publisher":{"@id":"https:\/\/inabalatam.com\/cl\/#organization"},"potentialAction":[{"@type":"SearchAction","target":{"@type":"EntryPoint","urlTemplate":"https:\/\/inabalatam.com\/cl\/?s={search_term_string}"},"query-input":{"@type":"PropertyValueSpecification","valueRequired":true,"valueName":"search_term_string"}}],"inLanguage":"es"},{"@type":"Organization","@id":"https:\/\/inabalatam.com\/cl\/#organization","name":"INABA Chile","url":"https:\/\/inabalatam.com\/cl\/","logo":{"@type":"ImageObject","inLanguage":"es","@id":"https:\/\/inabalatam.com\/cl\/#\/schema\/logo\/image\/","url":"https:\/\/inabalatam.com\/cl\/wp-content\/uploads\/2022\/12\/cropped-logo-inaba.png","contentUrl":"https:\/\/inabalatam.com\/cl\/wp-content\/uploads\/2022\/12\/cropped-logo-inaba.png","width":800,"height":285,"caption":"INABA Chile"},"image":{"@id":"https:\/\/inabalatam.com\/cl\/#\/schema\/logo\/image\/"},"sameAs":["https:\/\/www.facebook.com\/Inaba.chile\/","https:\/\/www.instagram.com\/inaba.chile\/?hl=es"]}]}},"_links":{"self":[{"href":"https:\/\/inabalatam.com\/cl\/wp-json\/wp\/v2\/product\/1838","targetHints":{"allow":["GET"]}}],"collection":[{"href":"https:\/\/inabalatam.com\/cl\/wp-json\/wp\/v2\/product"}],"about":[{"href":"https:\/\/inabalatam.com\/cl\/wp-json\/wp\/v2\/types\/product"}],"replies":[{"embeddable":true,"href":"https:\/\/inabalatam.com\/cl\/wp-json\/wp\/v2\/comments?post=1838"}],"wp:featuredmedia":[{"embeddable":true,"href":"https:\/\/inabalatam.com\/cl\/wp-json\/wp\/v2\/media\/1789"}],"wp:attachment":[{"href":"https:\/\/inabalatam.com\/cl\/wp-json\/wp\/v2\/media?parent=1838"}],"wp:term":[{"taxonomy":"product_cat","embeddable":true,"href":"https:\/\/inabalatam.com\/cl\/wp-json\/wp\/v2\/product_cat?post=1838"},{"taxonomy":"product_tag","embeddable":true,"href":"https:\/\/inabalatam.com\/cl\/wp-json\/wp\/v2\/product_tag?post=1838"}],"curies":[{"name":"wp","href":"https:\/\/api.w.org\/{rel}","templated":true}]}}