{"id":1845,"date":"2024-03-09T03:11:11","date_gmt":"2024-03-09T03:11:11","guid":{"rendered":"https:\/\/inabalatam.com\/cl\/?post_type=product&#038;p=1845"},"modified":"2024-04-11T15:17:08","modified_gmt":"2024-04-11T15:17:08","slug":"churu-box-variedades-de-atun-60-tubos","status":"publish","type":"product","link":"https:\/\/inabalatam.com\/cl\/producto\/churu-box-variedades-de-atun-60-tubos\/","title":{"rendered":"Churu Box variedades de at\u00fan (60 tubos)"},"content":{"rendered":"<p><strong>Suplemento para gatos de todas las edades<\/strong><\/p>\n<p><strong>Contenido neto: 14 g x 60 (840 g)<\/strong><\/p>\n<p><strong>Composici\u00f3n:<\/strong><\/p>\n<p><strong>10 tubos Churu Tuna with Salmon Recipe (Res. SAG 495\/2021)<\/strong><\/p>\n<p>Agua, at\u00fan, tapioca, salm\u00f3n, sabores naturales, sabor a at\u00fan natural, goma guar, taurina, suplemento de vitamina E, extracto de t\u00e9 verde.<\/p>\n<p><strong>10 tubos Churu Tuna with Cheese Recipe (Res. SAG 3410\/2022)<\/strong><\/p>\n<p>Agua, At\u00fan, Queso (Leche, Agua, \u00c1cido Fosf\u00f3rico), Almid\u00f3n de Tapioca, Sabores Naturales, Goma Guar, Sabor a At\u00fan Natural, Suplemento de Vitamina E, Taurina, Extracto de T\u00e9 Verde.<\/p>\n<p><strong>10 tubos Churu Tuna Recipe with Clam Flavor (Res. SAG 3410\/2022)<\/strong><\/p>\n<p>Agua, At\u00fan, Almid\u00f3n de Tapioca, Sabores Naturales, Goma Guar, Sabor Almeja Natural, Suplemento de Vitamina E, Taurina, Extracto de T\u00e9 Verde.<\/p>\n<p><strong>10 tubos Churu Tuna Recipe with Crab Flavor (Res. SAG 3410\/2022)<\/strong><\/p>\n<p>Agua, At\u00fan, Almid\u00f3n de Tapioca, Sabores Naturales, Goma Guar, Sabor a Cangrejo Natural, Suplemento de Vitamina E, Taurina, Extracto de T\u00e9 Verde.<\/p>\n<p><strong>10 tubos Churu Tuna Recipe with Shrimp Flavor (Res. SAG 3410\/2022)<\/strong><\/p>\n<p>Agua, At\u00fan, Almid\u00f3n de Tapioca, Sabores Naturales, Goma Guar, Sabor a Camar\u00f3n Natural, Suplemento de Vitamina E, Taurina, Extracto de T\u00e9 Verde.<\/p>\n<p><strong>10 tubos Churu Tuna &amp; Bonito Flakes Recipe (Res. SAG 7350\/2022)<\/strong><\/p>\n<p>Agua, at\u00fan, almid\u00f3n de tapioca, sabores naturales, bonito ahumado, goma guar, sabor natural a at\u00fan, suplemento de vitamina E, taurina, extracto de t\u00e9 verde.<\/p>\n<p><strong>Instrucciones de uso: <\/strong><\/p>\n<p>Dar a tu gato como premio. Una vez abierto mant\u00e9ngase refrigerado y consumir lo antes posible.<\/p>\n<p><strong>An\u00e1lisis Nutricional Garantizado:<\/strong><\/p>\n<table>\n<tbody>\n<tr>\n<td width=\"255\">Prote\u00edna bruta (min) 7.00%<\/td>\n<\/tr>\n<tr>\n<td width=\"255\">Grasa cruda (min) 0.20%<\/td>\n<\/tr>\n<tr>\n<td width=\"255\">Fibra bruta (m\u00e1x.) 0.30%<\/td>\n<\/tr>\n<tr>\n<td width=\"255\">Humedad (m\u00e1x.) 91.00%<\/td>\n<\/tr>\n<tr>\n<td width=\"255\">Vitamina E (min) 310 UI\/kg<\/td>\n<\/tr>\n<tr>\n<td width=\"255\">Calor\u00edas: 6 kcal\/tubo<\/td>\n<\/tr>\n<\/tbody>\n<\/table>\n<p><strong>Consumo diario recomendado:<\/strong> Hasta 4 tubos.<\/p>\n<p><strong>Precauciones:<\/strong><\/p>\n<p>No permitas que tu gato muerda el envase. Proporcione agua limpia y fresca todos los d\u00edas. Consulte a su m\u00e9dico veterinario regularmente.<\/p>\n<p><strong>Producto elaborado en Tailandia por: <\/strong><\/p>\n<p>Thai Inaba Foods Company Limited.<\/p>\n<p>190 Moo 7, Nong Pla Kradi Road, Nong Pla Mo, Nong Kae, Saraburi 18140, Tailandia<\/p>\n<p><strong>Importado por: <\/strong><\/p>\n<p>Soc. Importadora Southernking Limitada.<\/p>\n<p>Av Los Valles 225, Ciudad de los\u00a0Valles,\u00a0Bodega 31, Pudahuel, Santiago.<\/p>\n<p>Contacto:\u00a0hola@ludipek.com<\/p>\n<p>Tel: +56 22 300 5733<\/p>\n<p>www.ludipek.com<\/p>\n<p><strong>USO EXCLUSIVO EN LA ALIMENTACI\u00d3N ANIMAL<\/strong><\/p>\n<p><strong>NO CORRESPONDE A UN ALIMENTO COMPLETO<\/strong><\/p>\n<p><strong>PROHIBIDO SU USO EN LA ALIMENTACI\u00d3N DE RUMIANTES<\/strong><\/p>\n<p>Vida \u00fatil: 24 meses<\/p>\n<p>Fecha de vencimiento y N\u00famero de Lote impreso en el envase.<\/p>\n<p>Formato de Fecha: Mes\/D\u00eda\/A\u00f1o<\/p>\n<p>&nbsp;<\/p>\n","protected":false},"excerpt":{"rendered":"<p>Snack cremoso elaborado con ingredientes de grado humano.\u00a0Libre de granos, colorantes, preservantes artificiales y sal a\u00f1adida. Fortalecido con Vitamina E y t\u00e9 verde.<\/p>\n","protected":false},"featured_media":1793,"comment_status":"open","ping_status":"closed","template":"","meta":[],"product_cat":[85,22,32,20,33],"product_tag":[76,46,50,51,45,44,77,52,49],"class_list":["post-1845","product","type-product","status-publish","has-post-thumbnail","hentry","product_cat-60-unidades-churu","product_cat-churu","product_cat-churu-variedades","product_cat-gato","product_cat-variedad-atun","product_tag-almeja","product_tag-atun","product_tag-camarones","product_tag-cangrejo","product_tag-churu","product_tag-gato","product_tag-hojuelas-de-bonito","product_tag-queso","product_tag-salmon"],"yoast_head":"<!-- This site is optimized with the Yoast SEO plugin v26.8 - https:\/\/yoast.com\/product\/yoast-seo-wordpress\/ -->\n<title>Churu Box variedades de at\u00fan (60 tubos) - INABA Chile<\/title>\n<meta name=\"robots\" content=\"index, follow, max-snippet:-1, max-image-preview:large, max-video-preview:-1\" \/>\n<link rel=\"canonical\" href=\"https:\/\/inabalatam.com\/cl\/producto\/churu-box-variedades-de-atun-60-tubos\/\" \/>\n<meta property=\"og:locale\" content=\"es_ES\" \/>\n<meta property=\"og:type\" content=\"article\" \/>\n<meta property=\"og:title\" content=\"Churu Box variedades de at\u00fan (60 tubos) - INABA Chile\" \/>\n<meta property=\"og:description\" content=\"Snack cremoso elaborado con ingredientes de grado humano.\u00a0Libre de granos, colorantes, preservantes artificiales y sal a\u00f1adida. Fortalecido con Vitamina E y t\u00e9 verde.\" \/>\n<meta property=\"og:url\" content=\"https:\/\/inabalatam.com\/cl\/producto\/churu-box-variedades-de-atun-60-tubos\/\" \/>\n<meta property=\"og:site_name\" content=\"INABA Chile\" \/>\n<meta property=\"article:publisher\" content=\"https:\/\/www.facebook.com\/Inaba.chile\/\" \/>\n<meta property=\"article:modified_time\" content=\"2024-04-11T15:17:08+00:00\" \/>\n<meta property=\"og:image\" content=\"https:\/\/inabalatam.com\/cl\/wp-content\/uploads\/2024\/03\/Churu-60p-Tuna-Variety-front.jpg\" \/>\n\t<meta property=\"og:image:width\" content=\"1000\" \/>\n\t<meta property=\"og:image:height\" content=\"1000\" \/>\n\t<meta property=\"og:image:type\" content=\"image\/jpeg\" \/>\n<meta name=\"twitter:card\" content=\"summary_large_image\" \/>\n<meta name=\"twitter:label1\" content=\"Tiempo de lectura\" \/>\n\t<meta name=\"twitter:data1\" content=\"2 minutos\" \/>\n<script type=\"application\/ld+json\" class=\"yoast-schema-graph\">{\"@context\":\"https:\/\/schema.org\",\"@graph\":[{\"@type\":\"WebPage\",\"@id\":\"https:\/\/inabalatam.com\/cl\/producto\/churu-box-variedades-de-atun-60-tubos\/\",\"url\":\"https:\/\/inabalatam.com\/cl\/producto\/churu-box-variedades-de-atun-60-tubos\/\",\"name\":\"Churu Box variedades de at\u00fan (60 tubos) - INABA Chile\",\"isPartOf\":{\"@id\":\"https:\/\/inabalatam.com\/cl\/#website\"},\"primaryImageOfPage\":{\"@id\":\"https:\/\/inabalatam.com\/cl\/producto\/churu-box-variedades-de-atun-60-tubos\/#primaryimage\"},\"image\":{\"@id\":\"https:\/\/inabalatam.com\/cl\/producto\/churu-box-variedades-de-atun-60-tubos\/#primaryimage\"},\"thumbnailUrl\":\"https:\/\/inabalatam.com\/cl\/wp-content\/uploads\/2024\/03\/Churu-60p-Tuna-Variety-front.jpg\",\"datePublished\":\"2024-03-09T03:11:11+00:00\",\"dateModified\":\"2024-04-11T15:17:08+00:00\",\"breadcrumb\":{\"@id\":\"https:\/\/inabalatam.com\/cl\/producto\/churu-box-variedades-de-atun-60-tubos\/#breadcrumb\"},\"inLanguage\":\"es\",\"potentialAction\":[{\"@type\":\"ReadAction\",\"target\":[\"https:\/\/inabalatam.com\/cl\/producto\/churu-box-variedades-de-atun-60-tubos\/\"]}]},{\"@type\":\"ImageObject\",\"inLanguage\":\"es\",\"@id\":\"https:\/\/inabalatam.com\/cl\/producto\/churu-box-variedades-de-atun-60-tubos\/#primaryimage\",\"url\":\"https:\/\/inabalatam.com\/cl\/wp-content\/uploads\/2024\/03\/Churu-60p-Tuna-Variety-front.jpg\",\"contentUrl\":\"https:\/\/inabalatam.com\/cl\/wp-content\/uploads\/2024\/03\/Churu-60p-Tuna-Variety-front.jpg\",\"width\":1000,\"height\":1000},{\"@type\":\"BreadcrumbList\",\"@id\":\"https:\/\/inabalatam.com\/cl\/producto\/churu-box-variedades-de-atun-60-tubos\/#breadcrumb\",\"itemListElement\":[{\"@type\":\"ListItem\",\"position\":1,\"name\":\"Home\",\"item\":\"https:\/\/inabalatam.com\/cl\/\"},{\"@type\":\"ListItem\",\"position\":2,\"name\":\"Productos\",\"item\":\"https:\/\/inabalatam.com\/cl\/tienda\/\"},{\"@type\":\"ListItem\",\"position\":3,\"name\":\"Churu Box variedades de at\u00fan (60 tubos)\"}]},{\"@type\":\"WebSite\",\"@id\":\"https:\/\/inabalatam.com\/cl\/#website\",\"url\":\"https:\/\/inabalatam.com\/cl\/\",\"name\":\"INABA Chile\",\"description\":\"Snacks s\u00faper premium para mascotas\",\"publisher\":{\"@id\":\"https:\/\/inabalatam.com\/cl\/#organization\"},\"potentialAction\":[{\"@type\":\"SearchAction\",\"target\":{\"@type\":\"EntryPoint\",\"urlTemplate\":\"https:\/\/inabalatam.com\/cl\/?s={search_term_string}\"},\"query-input\":{\"@type\":\"PropertyValueSpecification\",\"valueRequired\":true,\"valueName\":\"search_term_string\"}}],\"inLanguage\":\"es\"},{\"@type\":\"Organization\",\"@id\":\"https:\/\/inabalatam.com\/cl\/#organization\",\"name\":\"INABA Chile\",\"url\":\"https:\/\/inabalatam.com\/cl\/\",\"logo\":{\"@type\":\"ImageObject\",\"inLanguage\":\"es\",\"@id\":\"https:\/\/inabalatam.com\/cl\/#\/schema\/logo\/image\/\",\"url\":\"https:\/\/inabalatam.com\/cl\/wp-content\/uploads\/2022\/12\/cropped-logo-inaba.png\",\"contentUrl\":\"https:\/\/inabalatam.com\/cl\/wp-content\/uploads\/2022\/12\/cropped-logo-inaba.png\",\"width\":800,\"height\":285,\"caption\":\"INABA Chile\"},\"image\":{\"@id\":\"https:\/\/inabalatam.com\/cl\/#\/schema\/logo\/image\/\"},\"sameAs\":[\"https:\/\/www.facebook.com\/Inaba.chile\/\",\"https:\/\/www.instagram.com\/inaba.chile\/?hl=es\"]}]}<\/script>\n<!-- \/ Yoast SEO plugin. -->","yoast_head_json":{"title":"Churu Box variedades de at\u00fan (60 tubos) - INABA Chile","robots":{"index":"index","follow":"follow","max-snippet":"max-snippet:-1","max-image-preview":"max-image-preview:large","max-video-preview":"max-video-preview:-1"},"canonical":"https:\/\/inabalatam.com\/cl\/producto\/churu-box-variedades-de-atun-60-tubos\/","og_locale":"es_ES","og_type":"article","og_title":"Churu Box variedades de at\u00fan (60 tubos) - INABA Chile","og_description":"Snack cremoso elaborado con ingredientes de grado humano.\u00a0Libre de granos, colorantes, preservantes artificiales y sal a\u00f1adida. Fortalecido con Vitamina E y t\u00e9 verde.","og_url":"https:\/\/inabalatam.com\/cl\/producto\/churu-box-variedades-de-atun-60-tubos\/","og_site_name":"INABA Chile","article_publisher":"https:\/\/www.facebook.com\/Inaba.chile\/","article_modified_time":"2024-04-11T15:17:08+00:00","og_image":[{"width":1000,"height":1000,"url":"https:\/\/inabalatam.com\/cl\/wp-content\/uploads\/2024\/03\/Churu-60p-Tuna-Variety-front.jpg","type":"image\/jpeg"}],"twitter_card":"summary_large_image","twitter_misc":{"Tiempo de lectura":"2 minutos"},"schema":{"@context":"https:\/\/schema.org","@graph":[{"@type":"WebPage","@id":"https:\/\/inabalatam.com\/cl\/producto\/churu-box-variedades-de-atun-60-tubos\/","url":"https:\/\/inabalatam.com\/cl\/producto\/churu-box-variedades-de-atun-60-tubos\/","name":"Churu Box variedades de at\u00fan (60 tubos) - INABA Chile","isPartOf":{"@id":"https:\/\/inabalatam.com\/cl\/#website"},"primaryImageOfPage":{"@id":"https:\/\/inabalatam.com\/cl\/producto\/churu-box-variedades-de-atun-60-tubos\/#primaryimage"},"image":{"@id":"https:\/\/inabalatam.com\/cl\/producto\/churu-box-variedades-de-atun-60-tubos\/#primaryimage"},"thumbnailUrl":"https:\/\/inabalatam.com\/cl\/wp-content\/uploads\/2024\/03\/Churu-60p-Tuna-Variety-front.jpg","datePublished":"2024-03-09T03:11:11+00:00","dateModified":"2024-04-11T15:17:08+00:00","breadcrumb":{"@id":"https:\/\/inabalatam.com\/cl\/producto\/churu-box-variedades-de-atun-60-tubos\/#breadcrumb"},"inLanguage":"es","potentialAction":[{"@type":"ReadAction","target":["https:\/\/inabalatam.com\/cl\/producto\/churu-box-variedades-de-atun-60-tubos\/"]}]},{"@type":"ImageObject","inLanguage":"es","@id":"https:\/\/inabalatam.com\/cl\/producto\/churu-box-variedades-de-atun-60-tubos\/#primaryimage","url":"https:\/\/inabalatam.com\/cl\/wp-content\/uploads\/2024\/03\/Churu-60p-Tuna-Variety-front.jpg","contentUrl":"https:\/\/inabalatam.com\/cl\/wp-content\/uploads\/2024\/03\/Churu-60p-Tuna-Variety-front.jpg","width":1000,"height":1000},{"@type":"BreadcrumbList","@id":"https:\/\/inabalatam.com\/cl\/producto\/churu-box-variedades-de-atun-60-tubos\/#breadcrumb","itemListElement":[{"@type":"ListItem","position":1,"name":"Home","item":"https:\/\/inabalatam.com\/cl\/"},{"@type":"ListItem","position":2,"name":"Productos","item":"https:\/\/inabalatam.com\/cl\/tienda\/"},{"@type":"ListItem","position":3,"name":"Churu Box variedades de at\u00fan (60 tubos)"}]},{"@type":"WebSite","@id":"https:\/\/inabalatam.com\/cl\/#website","url":"https:\/\/inabalatam.com\/cl\/","name":"INABA Chile","description":"Snacks s\u00faper premium para mascotas","publisher":{"@id":"https:\/\/inabalatam.com\/cl\/#organization"},"potentialAction":[{"@type":"SearchAction","target":{"@type":"EntryPoint","urlTemplate":"https:\/\/inabalatam.com\/cl\/?s={search_term_string}"},"query-input":{"@type":"PropertyValueSpecification","valueRequired":true,"valueName":"search_term_string"}}],"inLanguage":"es"},{"@type":"Organization","@id":"https:\/\/inabalatam.com\/cl\/#organization","name":"INABA Chile","url":"https:\/\/inabalatam.com\/cl\/","logo":{"@type":"ImageObject","inLanguage":"es","@id":"https:\/\/inabalatam.com\/cl\/#\/schema\/logo\/image\/","url":"https:\/\/inabalatam.com\/cl\/wp-content\/uploads\/2022\/12\/cropped-logo-inaba.png","contentUrl":"https:\/\/inabalatam.com\/cl\/wp-content\/uploads\/2022\/12\/cropped-logo-inaba.png","width":800,"height":285,"caption":"INABA Chile"},"image":{"@id":"https:\/\/inabalatam.com\/cl\/#\/schema\/logo\/image\/"},"sameAs":["https:\/\/www.facebook.com\/Inaba.chile\/","https:\/\/www.instagram.com\/inaba.chile\/?hl=es"]}]}},"_links":{"self":[{"href":"https:\/\/inabalatam.com\/cl\/wp-json\/wp\/v2\/product\/1845","targetHints":{"allow":["GET"]}}],"collection":[{"href":"https:\/\/inabalatam.com\/cl\/wp-json\/wp\/v2\/product"}],"about":[{"href":"https:\/\/inabalatam.com\/cl\/wp-json\/wp\/v2\/types\/product"}],"replies":[{"embeddable":true,"href":"https:\/\/inabalatam.com\/cl\/wp-json\/wp\/v2\/comments?post=1845"}],"wp:featuredmedia":[{"embeddable":true,"href":"https:\/\/inabalatam.com\/cl\/wp-json\/wp\/v2\/media\/1793"}],"wp:attachment":[{"href":"https:\/\/inabalatam.com\/cl\/wp-json\/wp\/v2\/media?parent=1845"}],"wp:term":[{"taxonomy":"product_cat","embeddable":true,"href":"https:\/\/inabalatam.com\/cl\/wp-json\/wp\/v2\/product_cat?post=1845"},{"taxonomy":"product_tag","embeddable":true,"href":"https:\/\/inabalatam.com\/cl\/wp-json\/wp\/v2\/product_tag?post=1845"}],"curies":[{"name":"wp","href":"https:\/\/api.w.org\/{rel}","templated":true}]}}