{"id":1854,"date":"2024-03-09T03:33:34","date_gmt":"2024-03-09T03:33:34","guid":{"rendered":"https:\/\/inabalatam.com\/cl\/?post_type=product&#038;p=1854"},"modified":"2024-04-11T15:28:28","modified_gmt":"2024-04-11T15:28:28","slug":"churu-kitten-de-pollo","status":"publish","type":"product","link":"https:\/\/inabalatam.com\/cl\/producto\/churu-kitten-de-pollo\/","title":{"rendered":"Churu Kitten de pollo"},"content":{"rendered":"<p><strong>Suplemento para gatos menores a 1 a\u00f1o.<\/strong><\/p>\n<p><strong>Contenido neto: 14 g x 4 (56 g)<\/strong><\/p>\n<p><strong>Ingredientes: <\/strong>Agua, pollo, almid\u00f3n de tapioca, sabores naturales, goma guar, carbonato de calcio, sabor natural a osti\u00f3n, aceite de pescado, suplemento de vitamina E, taurina y extracto de t\u00e9 verde.<\/p>\n<p><strong>Instrucciones de uso: <\/strong><\/p>\n<p>Dar a tu gato como premio. Una vez abierto mant\u00e9ngase refrigerado y consumir lo antes posible.<\/p>\n<p><strong>An\u00e1lisis Nutricional Garantizado:<\/strong><\/p>\n<table>\n<tbody>\n<tr>\n<td width=\"255\">Prote\u00edna cruda (min) 7.00%<\/td>\n<\/tr>\n<tr>\n<td width=\"255\">Grasa cruda (min) 0.80%<\/td>\n<\/tr>\n<tr>\n<td width=\"255\">Fibra cruda (m\u00e1x.) 0.30%<\/td>\n<\/tr>\n<tr>\n<td width=\"255\">Humedad (m\u00e1x.) 88.00%<\/td>\n<\/tr>\n<tr>\n<td width=\"255\">Vitamina E (min) 310 UI \/ kg<\/td>\n<\/tr>\n<tr>\n<td width=\"255\">Taurina (min) 0.025%<\/td>\n<\/tr>\n<tr>\n<td width=\"255\">\u00c1cido docosahexaenoico (DHA) (min)\u00a0 0.04%<\/td>\n<\/tr>\n<tr>\n<td width=\"255\">\u00c1cido eicosapentaenoico (EPA) (min)\u00a0 0.04%<\/td>\n<\/tr>\n<tr>\n<td width=\"255\">Calcio (min)\u00a0\u00a0\u00a0 0.3%<\/td>\n<\/tr>\n<tr>\n<td width=\"255\">Calor\u00edas: 6.4 Kcal\/tubo<\/td>\n<\/tr>\n<\/tbody>\n<\/table>\n<p><strong>Consumo diario recomendado: <\/strong>Hasta 2 tubos.<\/p>\n<p><strong>Precauciones: <\/strong>No permitas que tu gato muerda el envase. Proporcione agua limpia y fresca todos los d\u00edas. Consulte a su m\u00e9dico veterinario regularmente<\/p>\n<p><strong>Producto elaborado en Tailandia por: <\/strong>Thai Inaba Foods Company Limited. 190 Moo 7, Nong Pla Kradi Road, Nong Pla Mo, Nong Kae, Saraburi 18140, Tailandia<\/p>\n<p><strong>Importado por: <\/strong><\/p>\n<p>Agrovet SPA<\/p>\n<p>Lo Echevers 381, Quilicura, Santiago<\/p>\n<p>Contacto: contacto.agrovet@grupomathiesen.cl<\/p>\n<p>Tel\u00e9fono: +56 2 2640 5750 | +56 2 2640 5757<\/p>\n<p><strong>USO EXCLUSIVO EN LA ALIMENTACI\u00d3N ANIMAL<\/strong><\/p>\n<p><strong>NO CORRESPONDE A UN ALIMENTO COMPLETO<\/strong><\/p>\n<p><strong>PROHIBIDO SU USO EN LA ALIMENTACI\u00d3N DE RUMIANTES<\/strong><\/p>\n<p>Vida \u00fatil: 24 meses<\/p>\n<p>N\u00b0\/fecha Resoluci\u00f3n SAG: 6590\/2023<\/p>\n<p>Fecha de vencimiento y N\u00famero de Lote impreso en el envase.<\/p>\n<p>Formato de Fecha: Mes\/D\u00eda\/A\u00f1o<\/p>\n","protected":false},"excerpt":{"rendered":"<p>Churu para gatitos menores de 1 a\u00f1o. Snack cremoso elaborado con ingredientes de grado humano. Libre de granos, colorantes, preservantes artificiales y sal a\u00f1adida. Fortalecido con taurina, antioxidantes, calcio y Omega 3 y 6.<\/p>\n","protected":false},"featured_media":1805,"comment_status":"open","ping_status":"closed","template":"","meta":[],"product_cat":[93,20],"product_tag":[45,94,44,48],"class_list":["post-1854","product","type-product","status-publish","has-post-thumbnail","hentry","product_cat-churu-kitten","product_cat-gato","product_tag-churu","product_tag-churu-kitten","product_tag-gato","product_tag-pollo"],"yoast_head":"<!-- This site is optimized with the Yoast SEO plugin v26.8 - https:\/\/yoast.com\/product\/yoast-seo-wordpress\/ -->\n<title>Churu Kitten de pollo - INABA Chile<\/title>\n<meta name=\"robots\" content=\"index, follow, max-snippet:-1, max-image-preview:large, max-video-preview:-1\" \/>\n<link rel=\"canonical\" href=\"https:\/\/inabalatam.com\/cl\/producto\/churu-kitten-de-pollo\/\" \/>\n<meta property=\"og:locale\" content=\"es_ES\" \/>\n<meta property=\"og:type\" content=\"article\" \/>\n<meta property=\"og:title\" content=\"Churu Kitten de pollo - INABA Chile\" \/>\n<meta property=\"og:description\" content=\"Churu para gatitos menores de 1 a\u00f1o. Snack cremoso elaborado con ingredientes de grado humano. Libre de granos, colorantes, preservantes artificiales y sal a\u00f1adida. Fortalecido con taurina, antioxidantes, calcio y Omega 3 y 6.\" \/>\n<meta property=\"og:url\" content=\"https:\/\/inabalatam.com\/cl\/producto\/churu-kitten-de-pollo\/\" \/>\n<meta property=\"og:site_name\" content=\"INABA Chile\" \/>\n<meta property=\"article:publisher\" content=\"https:\/\/www.facebook.com\/Inaba.chile\/\" \/>\n<meta property=\"article:modified_time\" content=\"2024-04-11T15:28:28+00:00\" \/>\n<meta property=\"og:image\" content=\"https:\/\/inabalatam.com\/cl\/wp-content\/uploads\/2024\/03\/Churu-Kitten-Chicken-front.jpg\" \/>\n\t<meta property=\"og:image:width\" content=\"1000\" \/>\n\t<meta property=\"og:image:height\" content=\"1000\" \/>\n\t<meta property=\"og:image:type\" content=\"image\/jpeg\" \/>\n<meta name=\"twitter:card\" content=\"summary_large_image\" \/>\n<meta name=\"twitter:label1\" content=\"Tiempo de lectura\" \/>\n\t<meta name=\"twitter:data1\" content=\"1 minuto\" \/>\n<script type=\"application\/ld+json\" class=\"yoast-schema-graph\">{\"@context\":\"https:\/\/schema.org\",\"@graph\":[{\"@type\":\"WebPage\",\"@id\":\"https:\/\/inabalatam.com\/cl\/producto\/churu-kitten-de-pollo\/\",\"url\":\"https:\/\/inabalatam.com\/cl\/producto\/churu-kitten-de-pollo\/\",\"name\":\"Churu Kitten de pollo - INABA Chile\",\"isPartOf\":{\"@id\":\"https:\/\/inabalatam.com\/cl\/#website\"},\"primaryImageOfPage\":{\"@id\":\"https:\/\/inabalatam.com\/cl\/producto\/churu-kitten-de-pollo\/#primaryimage\"},\"image\":{\"@id\":\"https:\/\/inabalatam.com\/cl\/producto\/churu-kitten-de-pollo\/#primaryimage\"},\"thumbnailUrl\":\"https:\/\/inabalatam.com\/cl\/wp-content\/uploads\/2024\/03\/Churu-Kitten-Chicken-front.jpg\",\"datePublished\":\"2024-03-09T03:33:34+00:00\",\"dateModified\":\"2024-04-11T15:28:28+00:00\",\"breadcrumb\":{\"@id\":\"https:\/\/inabalatam.com\/cl\/producto\/churu-kitten-de-pollo\/#breadcrumb\"},\"inLanguage\":\"es\",\"potentialAction\":[{\"@type\":\"ReadAction\",\"target\":[\"https:\/\/inabalatam.com\/cl\/producto\/churu-kitten-de-pollo\/\"]}]},{\"@type\":\"ImageObject\",\"inLanguage\":\"es\",\"@id\":\"https:\/\/inabalatam.com\/cl\/producto\/churu-kitten-de-pollo\/#primaryimage\",\"url\":\"https:\/\/inabalatam.com\/cl\/wp-content\/uploads\/2024\/03\/Churu-Kitten-Chicken-front.jpg\",\"contentUrl\":\"https:\/\/inabalatam.com\/cl\/wp-content\/uploads\/2024\/03\/Churu-Kitten-Chicken-front.jpg\",\"width\":1000,\"height\":1000},{\"@type\":\"BreadcrumbList\",\"@id\":\"https:\/\/inabalatam.com\/cl\/producto\/churu-kitten-de-pollo\/#breadcrumb\",\"itemListElement\":[{\"@type\":\"ListItem\",\"position\":1,\"name\":\"Home\",\"item\":\"https:\/\/inabalatam.com\/cl\/\"},{\"@type\":\"ListItem\",\"position\":2,\"name\":\"Productos\",\"item\":\"https:\/\/inabalatam.com\/cl\/tienda\/\"},{\"@type\":\"ListItem\",\"position\":3,\"name\":\"Churu Kitten de pollo\"}]},{\"@type\":\"WebSite\",\"@id\":\"https:\/\/inabalatam.com\/cl\/#website\",\"url\":\"https:\/\/inabalatam.com\/cl\/\",\"name\":\"INABA Chile\",\"description\":\"Snacks s\u00faper premium para mascotas\",\"publisher\":{\"@id\":\"https:\/\/inabalatam.com\/cl\/#organization\"},\"potentialAction\":[{\"@type\":\"SearchAction\",\"target\":{\"@type\":\"EntryPoint\",\"urlTemplate\":\"https:\/\/inabalatam.com\/cl\/?s={search_term_string}\"},\"query-input\":{\"@type\":\"PropertyValueSpecification\",\"valueRequired\":true,\"valueName\":\"search_term_string\"}}],\"inLanguage\":\"es\"},{\"@type\":\"Organization\",\"@id\":\"https:\/\/inabalatam.com\/cl\/#organization\",\"name\":\"INABA Chile\",\"url\":\"https:\/\/inabalatam.com\/cl\/\",\"logo\":{\"@type\":\"ImageObject\",\"inLanguage\":\"es\",\"@id\":\"https:\/\/inabalatam.com\/cl\/#\/schema\/logo\/image\/\",\"url\":\"https:\/\/inabalatam.com\/cl\/wp-content\/uploads\/2022\/12\/cropped-logo-inaba.png\",\"contentUrl\":\"https:\/\/inabalatam.com\/cl\/wp-content\/uploads\/2022\/12\/cropped-logo-inaba.png\",\"width\":800,\"height\":285,\"caption\":\"INABA Chile\"},\"image\":{\"@id\":\"https:\/\/inabalatam.com\/cl\/#\/schema\/logo\/image\/\"},\"sameAs\":[\"https:\/\/www.facebook.com\/Inaba.chile\/\",\"https:\/\/www.instagram.com\/inaba.chile\/?hl=es\"]}]}<\/script>\n<!-- \/ Yoast SEO plugin. -->","yoast_head_json":{"title":"Churu Kitten de pollo - INABA Chile","robots":{"index":"index","follow":"follow","max-snippet":"max-snippet:-1","max-image-preview":"max-image-preview:large","max-video-preview":"max-video-preview:-1"},"canonical":"https:\/\/inabalatam.com\/cl\/producto\/churu-kitten-de-pollo\/","og_locale":"es_ES","og_type":"article","og_title":"Churu Kitten de pollo - INABA Chile","og_description":"Churu para gatitos menores de 1 a\u00f1o. Snack cremoso elaborado con ingredientes de grado humano. Libre de granos, colorantes, preservantes artificiales y sal a\u00f1adida. Fortalecido con taurina, antioxidantes, calcio y Omega 3 y 6.","og_url":"https:\/\/inabalatam.com\/cl\/producto\/churu-kitten-de-pollo\/","og_site_name":"INABA Chile","article_publisher":"https:\/\/www.facebook.com\/Inaba.chile\/","article_modified_time":"2024-04-11T15:28:28+00:00","og_image":[{"width":1000,"height":1000,"url":"https:\/\/inabalatam.com\/cl\/wp-content\/uploads\/2024\/03\/Churu-Kitten-Chicken-front.jpg","type":"image\/jpeg"}],"twitter_card":"summary_large_image","twitter_misc":{"Tiempo de lectura":"1 minuto"},"schema":{"@context":"https:\/\/schema.org","@graph":[{"@type":"WebPage","@id":"https:\/\/inabalatam.com\/cl\/producto\/churu-kitten-de-pollo\/","url":"https:\/\/inabalatam.com\/cl\/producto\/churu-kitten-de-pollo\/","name":"Churu Kitten de pollo - INABA Chile","isPartOf":{"@id":"https:\/\/inabalatam.com\/cl\/#website"},"primaryImageOfPage":{"@id":"https:\/\/inabalatam.com\/cl\/producto\/churu-kitten-de-pollo\/#primaryimage"},"image":{"@id":"https:\/\/inabalatam.com\/cl\/producto\/churu-kitten-de-pollo\/#primaryimage"},"thumbnailUrl":"https:\/\/inabalatam.com\/cl\/wp-content\/uploads\/2024\/03\/Churu-Kitten-Chicken-front.jpg","datePublished":"2024-03-09T03:33:34+00:00","dateModified":"2024-04-11T15:28:28+00:00","breadcrumb":{"@id":"https:\/\/inabalatam.com\/cl\/producto\/churu-kitten-de-pollo\/#breadcrumb"},"inLanguage":"es","potentialAction":[{"@type":"ReadAction","target":["https:\/\/inabalatam.com\/cl\/producto\/churu-kitten-de-pollo\/"]}]},{"@type":"ImageObject","inLanguage":"es","@id":"https:\/\/inabalatam.com\/cl\/producto\/churu-kitten-de-pollo\/#primaryimage","url":"https:\/\/inabalatam.com\/cl\/wp-content\/uploads\/2024\/03\/Churu-Kitten-Chicken-front.jpg","contentUrl":"https:\/\/inabalatam.com\/cl\/wp-content\/uploads\/2024\/03\/Churu-Kitten-Chicken-front.jpg","width":1000,"height":1000},{"@type":"BreadcrumbList","@id":"https:\/\/inabalatam.com\/cl\/producto\/churu-kitten-de-pollo\/#breadcrumb","itemListElement":[{"@type":"ListItem","position":1,"name":"Home","item":"https:\/\/inabalatam.com\/cl\/"},{"@type":"ListItem","position":2,"name":"Productos","item":"https:\/\/inabalatam.com\/cl\/tienda\/"},{"@type":"ListItem","position":3,"name":"Churu Kitten de pollo"}]},{"@type":"WebSite","@id":"https:\/\/inabalatam.com\/cl\/#website","url":"https:\/\/inabalatam.com\/cl\/","name":"INABA Chile","description":"Snacks s\u00faper premium para mascotas","publisher":{"@id":"https:\/\/inabalatam.com\/cl\/#organization"},"potentialAction":[{"@type":"SearchAction","target":{"@type":"EntryPoint","urlTemplate":"https:\/\/inabalatam.com\/cl\/?s={search_term_string}"},"query-input":{"@type":"PropertyValueSpecification","valueRequired":true,"valueName":"search_term_string"}}],"inLanguage":"es"},{"@type":"Organization","@id":"https:\/\/inabalatam.com\/cl\/#organization","name":"INABA Chile","url":"https:\/\/inabalatam.com\/cl\/","logo":{"@type":"ImageObject","inLanguage":"es","@id":"https:\/\/inabalatam.com\/cl\/#\/schema\/logo\/image\/","url":"https:\/\/inabalatam.com\/cl\/wp-content\/uploads\/2022\/12\/cropped-logo-inaba.png","contentUrl":"https:\/\/inabalatam.com\/cl\/wp-content\/uploads\/2022\/12\/cropped-logo-inaba.png","width":800,"height":285,"caption":"INABA Chile"},"image":{"@id":"https:\/\/inabalatam.com\/cl\/#\/schema\/logo\/image\/"},"sameAs":["https:\/\/www.facebook.com\/Inaba.chile\/","https:\/\/www.instagram.com\/inaba.chile\/?hl=es"]}]}},"_links":{"self":[{"href":"https:\/\/inabalatam.com\/cl\/wp-json\/wp\/v2\/product\/1854","targetHints":{"allow":["GET"]}}],"collection":[{"href":"https:\/\/inabalatam.com\/cl\/wp-json\/wp\/v2\/product"}],"about":[{"href":"https:\/\/inabalatam.com\/cl\/wp-json\/wp\/v2\/types\/product"}],"replies":[{"embeddable":true,"href":"https:\/\/inabalatam.com\/cl\/wp-json\/wp\/v2\/comments?post=1854"}],"wp:featuredmedia":[{"embeddable":true,"href":"https:\/\/inabalatam.com\/cl\/wp-json\/wp\/v2\/media\/1805"}],"wp:attachment":[{"href":"https:\/\/inabalatam.com\/cl\/wp-json\/wp\/v2\/media?parent=1854"}],"wp:term":[{"taxonomy":"product_cat","embeddable":true,"href":"https:\/\/inabalatam.com\/cl\/wp-json\/wp\/v2\/product_cat?post=1854"},{"taxonomy":"product_tag","embeddable":true,"href":"https:\/\/inabalatam.com\/cl\/wp-json\/wp\/v2\/product_tag?post=1854"}],"curies":[{"name":"wp","href":"https:\/\/api.w.org\/{rel}","templated":true}]}}