{"id":2350,"date":"2025-11-10T02:14:57","date_gmt":"2025-11-10T02:14:57","guid":{"rendered":"https:\/\/inabalatam.com\/cl\/?post_type=product&#038;p=2350"},"modified":"2025-11-10T02:17:26","modified_gmt":"2025-11-10T02:17:26","slug":"churu-meal-topper-tuna-with-scallop-recipe","status":"publish","type":"product","link":"https:\/\/inabalatam.com\/cl\/producto\/churu-meal-topper-tuna-with-scallop-recipe\/","title":{"rendered":"Churu Meal Topper Tuna with Scallop Recipe"},"content":{"rendered":"<p>Alimento cremoso completo y equilibrado para gatos adultos.<\/p>\n<p>&nbsp;<\/p>\n<p><strong>Contenido neto:<\/strong> 14 g x 4 (56g)<\/p>\n<p>&nbsp;<\/p>\n<p><strong>Ventajas del producto: <\/strong><\/p>\n<ul>\n<li>Nutricional: \u00a1Completo y equilibrado!<\/li>\n<li>Funcional: ablanda el alimento seco, haci\u00e9ndolo m\u00e1s f\u00e1cil de masticar y<\/li>\n<li>digerir<\/li>\n<li>Palatabilidad: \u00a1estimula el apetito y mejora el sabor durante las comidas!<\/li>\n<li>Aumenta la hidrataci\u00f3n: favorece una mayor ingesta de l\u00edquidos\/humedad<\/li>\n<li>Emocional: \u00a1a\u00f1ade diversi\u00f3n al servir!<\/li>\n<\/ul>\n<p>&nbsp;<\/p>\n<p><strong>Ingredientes:<\/strong> Agua, at\u00fan, pollo, almid\u00f3n de tapioca, vieira, sabores naturales, goma guar, sabor natural de at\u00fan, carbonato de calcio, taurina, suplemento de vitamina E, hidrocloruro de tiamina, cloruro de colina, oleorresina de paprika (colorante), extracto de t\u00e9 verde, minerales (sulfato de zinc, sulfato de magnesio, sulfato ferroso, quelato de amino\u00e1cido de cobre, yoduro de potasio, quelato de amino\u00e1cido de manganeso), vitaminas (complejo de bisulfito de sodio de menadiona [fuente de actividad de vitamina K], acetato de vitamina A, suplemento de vitamina D3, riboflavina, suplemento de vitamina B12, \u00e1cido f\u00f3lico).<\/p>\n<p>&nbsp;<\/p>\n<p><strong>Instrucciones de Uso: <\/strong>Dar al gato como topper junto a su alimentaci\u00f3n regular, o solo. No permita que su gato muerda o trague el envase. No exponga el producto a la luz solar directa ni a condiciones climatol\u00f3gicas adversas. Si el producto cambia de aspecto, color u olor, no lo ofrezca.<\/p>\n<p>&nbsp;<\/p>\n<p><strong>An\u00e1lisis nutricional garantizado:<\/strong><\/p>\n<p>Prote\u00edna cruda (min): 7%<\/p>\n<p>Fibra cruda (m\u00e1x): 0.5%<\/p>\n<p>Grasa cruda (min): 3.5%<\/p>\n<p>Humedad (m\u00e1x): 85%<\/p>\n<p>Vitamina E (min): 310 UI\/Kg<\/p>\n<p>Calor\u00edas: 10.9 Kcal\/tubo<\/p>\n<p>&nbsp;<\/p>\n<p><strong>Consumo diario recomendado: <\/strong>Cuando se administre con otro alimento reduzca las porciones de \u00e9stos, para mantener una condici\u00f3n corporal saludable. Cuando se lo administre como una comida \u00fanica completa, administre aproximadamente 21 tubos divididos en 2 o 3 comidas por d\u00eda por cada 3 kg de peso corporal. Las cantidades de alimento pueden variar seg\u00fan la edad, el nivel de actividad y otros factores. Proporcione agua limpia y fresca todos los d\u00edas. Para la salud de su mascota, consulte a su veterinario con regularidad. Refrigere despu\u00e9s de abrir y sirva dentro del d\u00eda siguiente.<\/p>\n<p><strong>Precauciones: <\/strong>No permitas que tu gato muerda el envase. Proporcione agua limpia y fresca todos los d\u00edas. Consulte a su m\u00e9dico veterinario regularmente<\/p>\n<p><strong>Producto elaborado en Tailandia por: <\/strong>Thai Inaba Foods Company Limited. 190 Moo 7, Nong Pla Kradi Road, Nong Pla Mo, Nong Kae, Saraburi 18140, Tailandia<\/p>\n<p><strong>Importado por: <\/strong><\/p>\n<p>Agrovet SPA<\/p>\n<p>Lo Echevers 381, Quilicura, Santiago<\/p>\n<p>Contacto: contacto.agrovet@grupomathiesen.cl<\/p>\n<p>Tel\u00e9fono: +56 2 2640 5750 | +56 2 2640 5757<\/p>\n<p><strong>USO EXCLUSIVO EN LA ALIMENTACI\u00d3N ANIMAL<\/strong><\/p>\n<p><strong>NO CORRESPONDE A UN ALIMENTO COMPLETO<\/strong><\/p>\n<p><strong>PROHIBIDO SU USO EN LA ALIMENTACI\u00d3N DE RUMIANTES<\/strong><\/p>\n<p>Vida \u00fatil: 24 meses<\/p>\n<p>N\u00b0\/fecha Resoluci\u00f3n SAG: 6590\/2023<\/p>\n<p>Fecha de vencimiento y N\u00famero de Lote impreso en el envase.<\/p>\n<p>Formato de Fecha: Mes\/D\u00eda\/A\u00f1o<\/p>\n","protected":false},"excerpt":{"rendered":"<p>Alimento completo y equilibrado para gatos adultos, libre de granos conservantes y colorantes artificiales, sin sal a\u00f1adida. Ablanda el alimento seco haci\u00e9ndolo m\u00e1s f\u00e1cil de masticar y digerir. Con solo 10,9 kcal y aproximadamente 85% de humedad.<\/p>\n<p>&nbsp;<\/p>\n","protected":false},"featured_media":2351,"comment_status":"open","ping_status":"closed","template":"","meta":[],"product_cat":[96,20],"product_tag":[45,44],"class_list":["post-2350","product","type-product","status-publish","has-post-thumbnail","hentry","product_cat-churu-meal-topper","product_cat-gato","product_tag-churu","product_tag-gato"],"yoast_head":"<!-- This site is optimized with the Yoast SEO plugin v26.8 - https:\/\/yoast.com\/product\/yoast-seo-wordpress\/ -->\n<title>Churu Meal Topper Tuna with Scallop Recipe - INABA Chile<\/title>\n<meta name=\"robots\" content=\"index, follow, max-snippet:-1, max-image-preview:large, max-video-preview:-1\" \/>\n<link rel=\"canonical\" href=\"https:\/\/inabalatam.com\/cl\/producto\/churu-meal-topper-tuna-with-scallop-recipe\/\" \/>\n<meta property=\"og:locale\" content=\"es_ES\" \/>\n<meta property=\"og:type\" content=\"article\" \/>\n<meta property=\"og:title\" content=\"Churu Meal Topper Tuna with Scallop Recipe - INABA Chile\" \/>\n<meta property=\"og:description\" content=\"Alimento completo y equilibrado para gatos adultos, libre de granos conservantes y colorantes artificiales, sin sal a\u00f1adida. Ablanda el alimento seco haci\u00e9ndolo m\u00e1s f\u00e1cil de masticar y digerir. Con solo 10,9 kcal y aproximadamente 85% de humedad.  &nbsp;\" \/>\n<meta property=\"og:url\" content=\"https:\/\/inabalatam.com\/cl\/producto\/churu-meal-topper-tuna-with-scallop-recipe\/\" \/>\n<meta property=\"og:site_name\" content=\"INABA Chile\" \/>\n<meta property=\"article:publisher\" content=\"https:\/\/www.facebook.com\/Inaba.chile\/\" \/>\n<meta property=\"article:modified_time\" content=\"2025-11-10T02:17:26+00:00\" \/>\n<meta property=\"og:image\" content=\"https:\/\/inabalatam.com\/cl\/wp-content\/uploads\/2025\/11\/USA902.jpg\" \/>\n\t<meta property=\"og:image:width\" content=\"600\" \/>\n\t<meta property=\"og:image:height\" content=\"600\" \/>\n\t<meta property=\"og:image:type\" content=\"image\/jpeg\" \/>\n<meta name=\"twitter:card\" content=\"summary_large_image\" \/>\n<meta name=\"twitter:label1\" content=\"Tiempo de lectura\" \/>\n\t<meta name=\"twitter:data1\" content=\"2 minutos\" \/>\n<script type=\"application\/ld+json\" class=\"yoast-schema-graph\">{\"@context\":\"https:\/\/schema.org\",\"@graph\":[{\"@type\":\"WebPage\",\"@id\":\"https:\/\/inabalatam.com\/cl\/producto\/churu-meal-topper-tuna-with-scallop-recipe\/\",\"url\":\"https:\/\/inabalatam.com\/cl\/producto\/churu-meal-topper-tuna-with-scallop-recipe\/\",\"name\":\"Churu Meal Topper Tuna with Scallop Recipe - INABA Chile\",\"isPartOf\":{\"@id\":\"https:\/\/inabalatam.com\/cl\/#website\"},\"primaryImageOfPage\":{\"@id\":\"https:\/\/inabalatam.com\/cl\/producto\/churu-meal-topper-tuna-with-scallop-recipe\/#primaryimage\"},\"image\":{\"@id\":\"https:\/\/inabalatam.com\/cl\/producto\/churu-meal-topper-tuna-with-scallop-recipe\/#primaryimage\"},\"thumbnailUrl\":\"https:\/\/inabalatam.com\/cl\/wp-content\/uploads\/2025\/11\/USA902.jpg\",\"datePublished\":\"2025-11-10T02:14:57+00:00\",\"dateModified\":\"2025-11-10T02:17:26+00:00\",\"breadcrumb\":{\"@id\":\"https:\/\/inabalatam.com\/cl\/producto\/churu-meal-topper-tuna-with-scallop-recipe\/#breadcrumb\"},\"inLanguage\":\"es\",\"potentialAction\":[{\"@type\":\"ReadAction\",\"target\":[\"https:\/\/inabalatam.com\/cl\/producto\/churu-meal-topper-tuna-with-scallop-recipe\/\"]}]},{\"@type\":\"ImageObject\",\"inLanguage\":\"es\",\"@id\":\"https:\/\/inabalatam.com\/cl\/producto\/churu-meal-topper-tuna-with-scallop-recipe\/#primaryimage\",\"url\":\"https:\/\/inabalatam.com\/cl\/wp-content\/uploads\/2025\/11\/USA902.jpg\",\"contentUrl\":\"https:\/\/inabalatam.com\/cl\/wp-content\/uploads\/2025\/11\/USA902.jpg\",\"width\":600,\"height\":600},{\"@type\":\"BreadcrumbList\",\"@id\":\"https:\/\/inabalatam.com\/cl\/producto\/churu-meal-topper-tuna-with-scallop-recipe\/#breadcrumb\",\"itemListElement\":[{\"@type\":\"ListItem\",\"position\":1,\"name\":\"Home\",\"item\":\"https:\/\/inabalatam.com\/cl\/\"},{\"@type\":\"ListItem\",\"position\":2,\"name\":\"Productos\",\"item\":\"https:\/\/inabalatam.com\/cl\/tienda\/\"},{\"@type\":\"ListItem\",\"position\":3,\"name\":\"Churu Meal Topper Tuna with Scallop Recipe\"}]},{\"@type\":\"WebSite\",\"@id\":\"https:\/\/inabalatam.com\/cl\/#website\",\"url\":\"https:\/\/inabalatam.com\/cl\/\",\"name\":\"INABA Chile\",\"description\":\"Snacks s\u00faper premium para mascotas\",\"publisher\":{\"@id\":\"https:\/\/inabalatam.com\/cl\/#organization\"},\"potentialAction\":[{\"@type\":\"SearchAction\",\"target\":{\"@type\":\"EntryPoint\",\"urlTemplate\":\"https:\/\/inabalatam.com\/cl\/?s={search_term_string}\"},\"query-input\":{\"@type\":\"PropertyValueSpecification\",\"valueRequired\":true,\"valueName\":\"search_term_string\"}}],\"inLanguage\":\"es\"},{\"@type\":\"Organization\",\"@id\":\"https:\/\/inabalatam.com\/cl\/#organization\",\"name\":\"INABA Chile\",\"url\":\"https:\/\/inabalatam.com\/cl\/\",\"logo\":{\"@type\":\"ImageObject\",\"inLanguage\":\"es\",\"@id\":\"https:\/\/inabalatam.com\/cl\/#\/schema\/logo\/image\/\",\"url\":\"https:\/\/inabalatam.com\/cl\/wp-content\/uploads\/2022\/12\/cropped-logo-inaba.png\",\"contentUrl\":\"https:\/\/inabalatam.com\/cl\/wp-content\/uploads\/2022\/12\/cropped-logo-inaba.png\",\"width\":800,\"height\":285,\"caption\":\"INABA Chile\"},\"image\":{\"@id\":\"https:\/\/inabalatam.com\/cl\/#\/schema\/logo\/image\/\"},\"sameAs\":[\"https:\/\/www.facebook.com\/Inaba.chile\/\",\"https:\/\/www.instagram.com\/inaba.chile\/?hl=es\"]}]}<\/script>\n<!-- \/ Yoast SEO plugin. -->","yoast_head_json":{"title":"Churu Meal Topper Tuna with Scallop Recipe - INABA Chile","robots":{"index":"index","follow":"follow","max-snippet":"max-snippet:-1","max-image-preview":"max-image-preview:large","max-video-preview":"max-video-preview:-1"},"canonical":"https:\/\/inabalatam.com\/cl\/producto\/churu-meal-topper-tuna-with-scallop-recipe\/","og_locale":"es_ES","og_type":"article","og_title":"Churu Meal Topper Tuna with Scallop Recipe - INABA Chile","og_description":"Alimento completo y equilibrado para gatos adultos, libre de granos conservantes y colorantes artificiales, sin sal a\u00f1adida. Ablanda el alimento seco haci\u00e9ndolo m\u00e1s f\u00e1cil de masticar y digerir. Con solo 10,9 kcal y aproximadamente 85% de humedad.  &nbsp;","og_url":"https:\/\/inabalatam.com\/cl\/producto\/churu-meal-topper-tuna-with-scallop-recipe\/","og_site_name":"INABA Chile","article_publisher":"https:\/\/www.facebook.com\/Inaba.chile\/","article_modified_time":"2025-11-10T02:17:26+00:00","og_image":[{"width":600,"height":600,"url":"https:\/\/inabalatam.com\/cl\/wp-content\/uploads\/2025\/11\/USA902.jpg","type":"image\/jpeg"}],"twitter_card":"summary_large_image","twitter_misc":{"Tiempo de lectura":"2 minutos"},"schema":{"@context":"https:\/\/schema.org","@graph":[{"@type":"WebPage","@id":"https:\/\/inabalatam.com\/cl\/producto\/churu-meal-topper-tuna-with-scallop-recipe\/","url":"https:\/\/inabalatam.com\/cl\/producto\/churu-meal-topper-tuna-with-scallop-recipe\/","name":"Churu Meal Topper Tuna with Scallop Recipe - INABA Chile","isPartOf":{"@id":"https:\/\/inabalatam.com\/cl\/#website"},"primaryImageOfPage":{"@id":"https:\/\/inabalatam.com\/cl\/producto\/churu-meal-topper-tuna-with-scallop-recipe\/#primaryimage"},"image":{"@id":"https:\/\/inabalatam.com\/cl\/producto\/churu-meal-topper-tuna-with-scallop-recipe\/#primaryimage"},"thumbnailUrl":"https:\/\/inabalatam.com\/cl\/wp-content\/uploads\/2025\/11\/USA902.jpg","datePublished":"2025-11-10T02:14:57+00:00","dateModified":"2025-11-10T02:17:26+00:00","breadcrumb":{"@id":"https:\/\/inabalatam.com\/cl\/producto\/churu-meal-topper-tuna-with-scallop-recipe\/#breadcrumb"},"inLanguage":"es","potentialAction":[{"@type":"ReadAction","target":["https:\/\/inabalatam.com\/cl\/producto\/churu-meal-topper-tuna-with-scallop-recipe\/"]}]},{"@type":"ImageObject","inLanguage":"es","@id":"https:\/\/inabalatam.com\/cl\/producto\/churu-meal-topper-tuna-with-scallop-recipe\/#primaryimage","url":"https:\/\/inabalatam.com\/cl\/wp-content\/uploads\/2025\/11\/USA902.jpg","contentUrl":"https:\/\/inabalatam.com\/cl\/wp-content\/uploads\/2025\/11\/USA902.jpg","width":600,"height":600},{"@type":"BreadcrumbList","@id":"https:\/\/inabalatam.com\/cl\/producto\/churu-meal-topper-tuna-with-scallop-recipe\/#breadcrumb","itemListElement":[{"@type":"ListItem","position":1,"name":"Home","item":"https:\/\/inabalatam.com\/cl\/"},{"@type":"ListItem","position":2,"name":"Productos","item":"https:\/\/inabalatam.com\/cl\/tienda\/"},{"@type":"ListItem","position":3,"name":"Churu Meal Topper Tuna with Scallop Recipe"}]},{"@type":"WebSite","@id":"https:\/\/inabalatam.com\/cl\/#website","url":"https:\/\/inabalatam.com\/cl\/","name":"INABA Chile","description":"Snacks s\u00faper premium para mascotas","publisher":{"@id":"https:\/\/inabalatam.com\/cl\/#organization"},"potentialAction":[{"@type":"SearchAction","target":{"@type":"EntryPoint","urlTemplate":"https:\/\/inabalatam.com\/cl\/?s={search_term_string}"},"query-input":{"@type":"PropertyValueSpecification","valueRequired":true,"valueName":"search_term_string"}}],"inLanguage":"es"},{"@type":"Organization","@id":"https:\/\/inabalatam.com\/cl\/#organization","name":"INABA Chile","url":"https:\/\/inabalatam.com\/cl\/","logo":{"@type":"ImageObject","inLanguage":"es","@id":"https:\/\/inabalatam.com\/cl\/#\/schema\/logo\/image\/","url":"https:\/\/inabalatam.com\/cl\/wp-content\/uploads\/2022\/12\/cropped-logo-inaba.png","contentUrl":"https:\/\/inabalatam.com\/cl\/wp-content\/uploads\/2022\/12\/cropped-logo-inaba.png","width":800,"height":285,"caption":"INABA Chile"},"image":{"@id":"https:\/\/inabalatam.com\/cl\/#\/schema\/logo\/image\/"},"sameAs":["https:\/\/www.facebook.com\/Inaba.chile\/","https:\/\/www.instagram.com\/inaba.chile\/?hl=es"]}]}},"_links":{"self":[{"href":"https:\/\/inabalatam.com\/cl\/wp-json\/wp\/v2\/product\/2350","targetHints":{"allow":["GET"]}}],"collection":[{"href":"https:\/\/inabalatam.com\/cl\/wp-json\/wp\/v2\/product"}],"about":[{"href":"https:\/\/inabalatam.com\/cl\/wp-json\/wp\/v2\/types\/product"}],"replies":[{"embeddable":true,"href":"https:\/\/inabalatam.com\/cl\/wp-json\/wp\/v2\/comments?post=2350"}],"wp:featuredmedia":[{"embeddable":true,"href":"https:\/\/inabalatam.com\/cl\/wp-json\/wp\/v2\/media\/2351"}],"wp:attachment":[{"href":"https:\/\/inabalatam.com\/cl\/wp-json\/wp\/v2\/media?parent=2350"}],"wp:term":[{"taxonomy":"product_cat","embeddable":true,"href":"https:\/\/inabalatam.com\/cl\/wp-json\/wp\/v2\/product_cat?post=2350"},{"taxonomy":"product_tag","embeddable":true,"href":"https:\/\/inabalatam.com\/cl\/wp-json\/wp\/v2\/product_tag?post=2350"}],"curies":[{"name":"wp","href":"https:\/\/api.w.org\/{rel}","templated":true}]}}