{"id":2712,"date":"2026-04-28T12:37:21","date_gmt":"2026-04-28T12:37:21","guid":{"rendered":"https:\/\/inabalatam.com\/cl\/?post_type=product&#038;p=2712"},"modified":"2026-04-28T12:41:43","modified_gmt":"2026-04-28T12:41:43","slug":"churu-popn-serve-chicken-with-scallop-recipe-35g-2-copas","status":"publish","type":"product","link":"https:\/\/inabalatam.com\/cl\/producto\/churu-popn-serve-chicken-with-scallop-recipe-35g-2-copas\/","title":{"rendered":"Churu Popn\u00b4 Serve Chicken with Scallop Recipe 35g\/2 copas"},"content":{"rendered":"<p><strong>Suplemento para gatos<\/strong><\/p>\n<p><strong>Contenido neto:<\/strong> 70 g<\/p>\n<p><strong>Ingredientes:<\/strong><\/p>\n<p>Agua, pollo, vieira, almid\u00f3n de tapioca, sabores naturales, sabor natural a vieira, goma guar, agar agar, vitamina E, taurina, extracto de t\u00e9 verde.<\/p>\n<p><strong>Gu\u00eda de alimentaci\u00f3n: <\/strong>Alimente al plato por d\u00eda o seg\u00fan lo que el m\u00e9dico veterinario.<\/p>\n<p><b>An\u00e1lisis nutricional garantizado:<\/b><\/p>\n<p>Prote\u00edna cruda (m\u00edn) 7.00%<br \/>\nGrasa cruda (m\u00edn) 0.10%<br \/>\nFibra cruda (m\u00e1x) 0.30%<br \/>\nHumedad (m\u00e1x) 90.00%<br \/>\nVitamina E (m\u00edn) 310 UI\/kg<br \/>\nTaurina (m\u00edn) 0.025%<\/p>\n","protected":false},"excerpt":{"rendered":"<p>Snack h\u00famedo premium en copa para gatos, elaborado con pollo y vieiras. Elaborado con ingredientes de grado humano. Libre de granos, colorantes y preservantes artificiales. Copita con 16.1 Kcal cada una.<\/p>\n","protected":false},"featured_media":2714,"comment_status":"open","ping_status":"closed","template":"","meta":[],"product_cat":[108],"product_tag":[109,101,48,110],"class_list":["post-2712","product","type-product","status-publish","has-post-thumbnail","hentry","product_cat-copas-popn-serve","product_tag-copas-popn-serve","product_tag-gatos","product_tag-pollo","product_tag-pollo-y-vieira"],"yoast_head":"<!-- This site is optimized with the Yoast SEO plugin v26.8 - https:\/\/yoast.com\/product\/yoast-seo-wordpress\/ -->\n<title>Churu Popn\u00b4 Serve Chicken with Scallop Recipe 35g\/2 copas - INABA Chile<\/title>\n<meta name=\"robots\" content=\"index, follow, max-snippet:-1, max-image-preview:large, max-video-preview:-1\" \/>\n<link rel=\"canonical\" href=\"https:\/\/inabalatam.com\/cl\/producto\/churu-popn-serve-chicken-with-scallop-recipe-35g-2-copas\/\" \/>\n<meta property=\"og:locale\" content=\"es_ES\" \/>\n<meta property=\"og:type\" content=\"article\" \/>\n<meta property=\"og:title\" content=\"Churu Popn\u00b4 Serve Chicken with Scallop Recipe 35g\/2 copas - INABA Chile\" \/>\n<meta property=\"og:description\" content=\"Snack h\u00famedo premium en copa para gatos, elaborado con pollo y vieiras. Elaborado con ingredientes de grado humano. Libre de granos, colorantes y preservantes artificiales. Copita con 16.1 Kcal cada una.\" \/>\n<meta property=\"og:url\" content=\"https:\/\/inabalatam.com\/cl\/producto\/churu-popn-serve-chicken-with-scallop-recipe-35g-2-copas\/\" \/>\n<meta property=\"og:site_name\" content=\"INABA Chile\" \/>\n<meta property=\"article:publisher\" content=\"https:\/\/www.facebook.com\/Inaba.chile\/\" \/>\n<meta property=\"article:modified_time\" content=\"2026-04-28T12:41:43+00:00\" \/>\n<meta property=\"og:image\" content=\"https:\/\/inabalatam.com\/cl\/wp-content\/uploads\/2026\/04\/USA753-Rotulo-original-frontal.jpg\" \/>\n\t<meta property=\"og:image:width\" content=\"1301\" \/>\n\t<meta property=\"og:image:height\" content=\"2482\" \/>\n\t<meta property=\"og:image:type\" content=\"image\/jpeg\" \/>\n<meta name=\"twitter:card\" content=\"summary_large_image\" \/>\n<meta name=\"twitter:label1\" content=\"Tiempo de lectura\" \/>\n\t<meta name=\"twitter:data1\" content=\"1 minuto\" \/>\n<script type=\"application\/ld+json\" class=\"yoast-schema-graph\">{\"@context\":\"https:\/\/schema.org\",\"@graph\":[{\"@type\":\"WebPage\",\"@id\":\"https:\/\/inabalatam.com\/cl\/producto\/churu-popn-serve-chicken-with-scallop-recipe-35g-2-copas\/\",\"url\":\"https:\/\/inabalatam.com\/cl\/producto\/churu-popn-serve-chicken-with-scallop-recipe-35g-2-copas\/\",\"name\":\"Churu Popn\u00b4 Serve Chicken with Scallop Recipe 35g\/2 copas - INABA Chile\",\"isPartOf\":{\"@id\":\"https:\/\/inabalatam.com\/cl\/#website\"},\"primaryImageOfPage\":{\"@id\":\"https:\/\/inabalatam.com\/cl\/producto\/churu-popn-serve-chicken-with-scallop-recipe-35g-2-copas\/#primaryimage\"},\"image\":{\"@id\":\"https:\/\/inabalatam.com\/cl\/producto\/churu-popn-serve-chicken-with-scallop-recipe-35g-2-copas\/#primaryimage\"},\"thumbnailUrl\":\"https:\/\/inabalatam.com\/cl\/wp-content\/uploads\/2026\/04\/USA753-Rotulo-original-frontal.jpg\",\"datePublished\":\"2026-04-28T12:37:21+00:00\",\"dateModified\":\"2026-04-28T12:41:43+00:00\",\"breadcrumb\":{\"@id\":\"https:\/\/inabalatam.com\/cl\/producto\/churu-popn-serve-chicken-with-scallop-recipe-35g-2-copas\/#breadcrumb\"},\"inLanguage\":\"es\",\"potentialAction\":[{\"@type\":\"ReadAction\",\"target\":[\"https:\/\/inabalatam.com\/cl\/producto\/churu-popn-serve-chicken-with-scallop-recipe-35g-2-copas\/\"]}]},{\"@type\":\"ImageObject\",\"inLanguage\":\"es\",\"@id\":\"https:\/\/inabalatam.com\/cl\/producto\/churu-popn-serve-chicken-with-scallop-recipe-35g-2-copas\/#primaryimage\",\"url\":\"https:\/\/inabalatam.com\/cl\/wp-content\/uploads\/2026\/04\/USA753-Rotulo-original-frontal.jpg\",\"contentUrl\":\"https:\/\/inabalatam.com\/cl\/wp-content\/uploads\/2026\/04\/USA753-Rotulo-original-frontal.jpg\",\"width\":1301,\"height\":2482},{\"@type\":\"BreadcrumbList\",\"@id\":\"https:\/\/inabalatam.com\/cl\/producto\/churu-popn-serve-chicken-with-scallop-recipe-35g-2-copas\/#breadcrumb\",\"itemListElement\":[{\"@type\":\"ListItem\",\"position\":1,\"name\":\"Home\",\"item\":\"https:\/\/inabalatam.com\/cl\/\"},{\"@type\":\"ListItem\",\"position\":2,\"name\":\"Productos\",\"item\":\"https:\/\/inabalatam.com\/cl\/tienda\/\"},{\"@type\":\"ListItem\",\"position\":3,\"name\":\"Churu Popn\u00b4 Serve Chicken with Scallop Recipe 35g\/2 copas\"}]},{\"@type\":\"WebSite\",\"@id\":\"https:\/\/inabalatam.com\/cl\/#website\",\"url\":\"https:\/\/inabalatam.com\/cl\/\",\"name\":\"INABA Chile\",\"description\":\"Snacks s\u00faper premium para mascotas\",\"publisher\":{\"@id\":\"https:\/\/inabalatam.com\/cl\/#organization\"},\"potentialAction\":[{\"@type\":\"SearchAction\",\"target\":{\"@type\":\"EntryPoint\",\"urlTemplate\":\"https:\/\/inabalatam.com\/cl\/?s={search_term_string}\"},\"query-input\":{\"@type\":\"PropertyValueSpecification\",\"valueRequired\":true,\"valueName\":\"search_term_string\"}}],\"inLanguage\":\"es\"},{\"@type\":\"Organization\",\"@id\":\"https:\/\/inabalatam.com\/cl\/#organization\",\"name\":\"INABA Chile\",\"url\":\"https:\/\/inabalatam.com\/cl\/\",\"logo\":{\"@type\":\"ImageObject\",\"inLanguage\":\"es\",\"@id\":\"https:\/\/inabalatam.com\/cl\/#\/schema\/logo\/image\/\",\"url\":\"https:\/\/inabalatam.com\/cl\/wp-content\/uploads\/2022\/12\/cropped-logo-inaba.png\",\"contentUrl\":\"https:\/\/inabalatam.com\/cl\/wp-content\/uploads\/2022\/12\/cropped-logo-inaba.png\",\"width\":800,\"height\":285,\"caption\":\"INABA Chile\"},\"image\":{\"@id\":\"https:\/\/inabalatam.com\/cl\/#\/schema\/logo\/image\/\"},\"sameAs\":[\"https:\/\/www.facebook.com\/Inaba.chile\/\",\"https:\/\/www.instagram.com\/inaba.chile\/?hl=es\"]}]}<\/script>\n<!-- \/ Yoast SEO plugin. -->","yoast_head_json":{"title":"Churu Popn\u00b4 Serve Chicken with Scallop Recipe 35g\/2 copas - INABA Chile","robots":{"index":"index","follow":"follow","max-snippet":"max-snippet:-1","max-image-preview":"max-image-preview:large","max-video-preview":"max-video-preview:-1"},"canonical":"https:\/\/inabalatam.com\/cl\/producto\/churu-popn-serve-chicken-with-scallop-recipe-35g-2-copas\/","og_locale":"es_ES","og_type":"article","og_title":"Churu Popn\u00b4 Serve Chicken with Scallop Recipe 35g\/2 copas - INABA Chile","og_description":"Snack h\u00famedo premium en copa para gatos, elaborado con pollo y vieiras. Elaborado con ingredientes de grado humano. Libre de granos, colorantes y preservantes artificiales. Copita con 16.1 Kcal cada una.","og_url":"https:\/\/inabalatam.com\/cl\/producto\/churu-popn-serve-chicken-with-scallop-recipe-35g-2-copas\/","og_site_name":"INABA Chile","article_publisher":"https:\/\/www.facebook.com\/Inaba.chile\/","article_modified_time":"2026-04-28T12:41:43+00:00","og_image":[{"width":1301,"height":2482,"url":"https:\/\/inabalatam.com\/cl\/wp-content\/uploads\/2026\/04\/USA753-Rotulo-original-frontal.jpg","type":"image\/jpeg"}],"twitter_card":"summary_large_image","twitter_misc":{"Tiempo de lectura":"1 minuto"},"schema":{"@context":"https:\/\/schema.org","@graph":[{"@type":"WebPage","@id":"https:\/\/inabalatam.com\/cl\/producto\/churu-popn-serve-chicken-with-scallop-recipe-35g-2-copas\/","url":"https:\/\/inabalatam.com\/cl\/producto\/churu-popn-serve-chicken-with-scallop-recipe-35g-2-copas\/","name":"Churu Popn\u00b4 Serve Chicken with Scallop Recipe 35g\/2 copas - INABA Chile","isPartOf":{"@id":"https:\/\/inabalatam.com\/cl\/#website"},"primaryImageOfPage":{"@id":"https:\/\/inabalatam.com\/cl\/producto\/churu-popn-serve-chicken-with-scallop-recipe-35g-2-copas\/#primaryimage"},"image":{"@id":"https:\/\/inabalatam.com\/cl\/producto\/churu-popn-serve-chicken-with-scallop-recipe-35g-2-copas\/#primaryimage"},"thumbnailUrl":"https:\/\/inabalatam.com\/cl\/wp-content\/uploads\/2026\/04\/USA753-Rotulo-original-frontal.jpg","datePublished":"2026-04-28T12:37:21+00:00","dateModified":"2026-04-28T12:41:43+00:00","breadcrumb":{"@id":"https:\/\/inabalatam.com\/cl\/producto\/churu-popn-serve-chicken-with-scallop-recipe-35g-2-copas\/#breadcrumb"},"inLanguage":"es","potentialAction":[{"@type":"ReadAction","target":["https:\/\/inabalatam.com\/cl\/producto\/churu-popn-serve-chicken-with-scallop-recipe-35g-2-copas\/"]}]},{"@type":"ImageObject","inLanguage":"es","@id":"https:\/\/inabalatam.com\/cl\/producto\/churu-popn-serve-chicken-with-scallop-recipe-35g-2-copas\/#primaryimage","url":"https:\/\/inabalatam.com\/cl\/wp-content\/uploads\/2026\/04\/USA753-Rotulo-original-frontal.jpg","contentUrl":"https:\/\/inabalatam.com\/cl\/wp-content\/uploads\/2026\/04\/USA753-Rotulo-original-frontal.jpg","width":1301,"height":2482},{"@type":"BreadcrumbList","@id":"https:\/\/inabalatam.com\/cl\/producto\/churu-popn-serve-chicken-with-scallop-recipe-35g-2-copas\/#breadcrumb","itemListElement":[{"@type":"ListItem","position":1,"name":"Home","item":"https:\/\/inabalatam.com\/cl\/"},{"@type":"ListItem","position":2,"name":"Productos","item":"https:\/\/inabalatam.com\/cl\/tienda\/"},{"@type":"ListItem","position":3,"name":"Churu Popn\u00b4 Serve Chicken with Scallop Recipe 35g\/2 copas"}]},{"@type":"WebSite","@id":"https:\/\/inabalatam.com\/cl\/#website","url":"https:\/\/inabalatam.com\/cl\/","name":"INABA Chile","description":"Snacks s\u00faper premium para mascotas","publisher":{"@id":"https:\/\/inabalatam.com\/cl\/#organization"},"potentialAction":[{"@type":"SearchAction","target":{"@type":"EntryPoint","urlTemplate":"https:\/\/inabalatam.com\/cl\/?s={search_term_string}"},"query-input":{"@type":"PropertyValueSpecification","valueRequired":true,"valueName":"search_term_string"}}],"inLanguage":"es"},{"@type":"Organization","@id":"https:\/\/inabalatam.com\/cl\/#organization","name":"INABA Chile","url":"https:\/\/inabalatam.com\/cl\/","logo":{"@type":"ImageObject","inLanguage":"es","@id":"https:\/\/inabalatam.com\/cl\/#\/schema\/logo\/image\/","url":"https:\/\/inabalatam.com\/cl\/wp-content\/uploads\/2022\/12\/cropped-logo-inaba.png","contentUrl":"https:\/\/inabalatam.com\/cl\/wp-content\/uploads\/2022\/12\/cropped-logo-inaba.png","width":800,"height":285,"caption":"INABA Chile"},"image":{"@id":"https:\/\/inabalatam.com\/cl\/#\/schema\/logo\/image\/"},"sameAs":["https:\/\/www.facebook.com\/Inaba.chile\/","https:\/\/www.instagram.com\/inaba.chile\/?hl=es"]}]}},"_links":{"self":[{"href":"https:\/\/inabalatam.com\/cl\/wp-json\/wp\/v2\/product\/2712","targetHints":{"allow":["GET"]}}],"collection":[{"href":"https:\/\/inabalatam.com\/cl\/wp-json\/wp\/v2\/product"}],"about":[{"href":"https:\/\/inabalatam.com\/cl\/wp-json\/wp\/v2\/types\/product"}],"replies":[{"embeddable":true,"href":"https:\/\/inabalatam.com\/cl\/wp-json\/wp\/v2\/comments?post=2712"}],"wp:featuredmedia":[{"embeddable":true,"href":"https:\/\/inabalatam.com\/cl\/wp-json\/wp\/v2\/media\/2714"}],"wp:attachment":[{"href":"https:\/\/inabalatam.com\/cl\/wp-json\/wp\/v2\/media?parent=2712"}],"wp:term":[{"taxonomy":"product_cat","embeddable":true,"href":"https:\/\/inabalatam.com\/cl\/wp-json\/wp\/v2\/product_cat?post=2712"},{"taxonomy":"product_tag","embeddable":true,"href":"https:\/\/inabalatam.com\/cl\/wp-json\/wp\/v2\/product_tag?post=2712"}],"curies":[{"name":"wp","href":"https:\/\/api.w.org\/{rel}","templated":true}]}}