{"id":2731,"date":"2026-04-28T13:08:59","date_gmt":"2026-04-28T13:08:59","guid":{"rendered":"https:\/\/inabalatam.com\/cl\/?post_type=product&#038;p=2731"},"modified":"2026-04-28T13:12:35","modified_gmt":"2026-04-28T13:12:35","slug":"skin-coat-variedades-50-tubos","status":"publish","type":"product","link":"https:\/\/inabalatam.com\/cl\/producto\/skin-coat-variedades-50-tubos\/","title":{"rendered":"Skin &#038; Coat Variedades (50 tubos)"},"content":{"rendered":"<p><strong>Suplemento para gatos<\/strong><\/p>\n<p><strong>Contenido neto:<\/strong> 14 g x 50 (700g)<\/p>\n<p><strong>Ingredientes:<\/strong><\/p>\n<p><strong>CHURU TUNA WITH FISH OIL RECIPE (15 tubos)<\/strong><br \/>\nAgua, at\u00fan, almid\u00f3n de tapioca, aceite de soya, sabores naturales, goma guar, sabor natural de at\u00fan, aceite de pescado, vitamina E, taurina, extracto de t\u00e9 verde. <strong>(USA671)<\/strong><\/p>\n<p><strong>CHURU CHICKEN WITH FISH OIL RECIPE (15 tubos)<\/strong><br \/>\nAgua, pollo, almid\u00f3n de tapioca, aceite de soya, sabores naturales, sabor natural de vieira, goma guar, aceite de pescado, vitamina E, taurina, extracto de t\u00e9 verde. <strong>(USA672)<\/strong><\/p>\n<p><strong>CHURU TUNA WITH SCALLOP &amp; FISH OIL RECIPE (10 tubos)<\/strong><br \/>\nAgua, at\u00fan, almid\u00f3n de tapioca, vieira, aceite de soya, sabor natural de vieira, sabores naturales, goma guar, aceite de pescado, vitamina E, taurina, extracto de t\u00e9 verde. <strong>(USA673)<\/strong><\/p>\n<p><strong>CHURU CHICKEN WITH SCALLOP &amp; FISH OIL RECIPE (10 tubos)<\/strong><br \/>\nAgua, pollo, almid\u00f3n de tapioca, vieria, aceite de soya, sabores naturales, sabor natural de vieira, goma guar, aceite de pescado, vitamina E, taurina, extracto de t\u00e9 verde. <strong>(USA674)<\/strong><\/p>\n<p><strong>Gu\u00eda de alimentaci\u00f3n:\u00a0<\/strong>Hasta 4 tubos al d\u00eda o lo que su veterinario indique.<\/p>\n<p><b>An\u00e1lisis nutricional garantizado:<\/b><\/p>\n<p>Prote\u00edna cruda (m\u00edn) 7.00%<br \/>\nGrasa cruda (m\u00edn) 2.80%<br \/>\nFibra cruda (m\u00e1x) 0.30%<br \/>\nHumedad (m\u00e1x) 88.00%<br \/>\nMateria mineral (m\u00e1x) 2.00%<br \/>\nVitamina E (m\u00edn) 310 UI\/kg<br \/>\nTaurina (m\u00edn) 0.025%<br \/>\nOmega-3 (m\u00edn) 0.20%<br \/>\nOmega-6 (m\u00edn) 1.0%<\/p>\n","protected":false},"excerpt":{"rendered":"<p>Snack h\u00famedo premium en tubos para gatos. Elaborado con ingredientes de grado humano. Libre de granos, colorantes y preservantes artificiales. Aporta solo 6 kcal por tubito y se compone en un 91% de humedad.<\/p>\n","protected":false},"featured_media":2732,"comment_status":"open","ping_status":"closed","template":"","meta":[],"product_cat":[115],"product_tag":[46,114,101,48,104],"class_list":["post-2731","product","type-product","status-publish","has-post-thumbnail","hentry","product_cat-churu-variedades-de-skin-coat-50-tubos","product_tag-atun","product_tag-atun-y-vieira","product_tag-gatos","product_tag-pollo","product_tag-vieira"],"yoast_head":"<!-- This site is optimized with the Yoast SEO plugin v26.8 - https:\/\/yoast.com\/product\/yoast-seo-wordpress\/ -->\n<title>Skin &amp; Coat Variedades (50 tubos) - INABA Chile<\/title>\n<meta name=\"robots\" content=\"index, follow, max-snippet:-1, max-image-preview:large, max-video-preview:-1\" \/>\n<link rel=\"canonical\" href=\"https:\/\/inabalatam.com\/cl\/producto\/skin-coat-variedades-50-tubos\/\" \/>\n<meta property=\"og:locale\" content=\"es_ES\" \/>\n<meta property=\"og:type\" content=\"article\" \/>\n<meta property=\"og:title\" content=\"Skin &amp; Coat Variedades (50 tubos) - INABA Chile\" \/>\n<meta property=\"og:description\" content=\"Snack h\u00famedo premium en tubos para gatos. Elaborado con ingredientes de grado humano. Libre de granos, colorantes y preservantes artificiales. Aporta solo 6 kcal por tubito y se compone en un 91% de humedad.\" \/>\n<meta property=\"og:url\" content=\"https:\/\/inabalatam.com\/cl\/producto\/skin-coat-variedades-50-tubos\/\" \/>\n<meta property=\"og:site_name\" content=\"INABA Chile\" \/>\n<meta property=\"article:publisher\" content=\"https:\/\/www.facebook.com\/Inaba.chile\/\" \/>\n<meta property=\"article:modified_time\" content=\"2026-04-28T13:12:35+00:00\" \/>\n<meta property=\"og:image\" content=\"https:\/\/inabalatam.com\/cl\/wp-content\/uploads\/2026\/04\/WhatsApp-Image-2026-04-28-at-07.08.14.jpeg\" \/>\n\t<meta property=\"og:image:width\" content=\"969\" \/>\n\t<meta property=\"og:image:height\" content=\"1600\" \/>\n\t<meta property=\"og:image:type\" content=\"image\/jpeg\" \/>\n<meta name=\"twitter:card\" content=\"summary_large_image\" \/>\n<meta name=\"twitter:label1\" content=\"Tiempo de lectura\" \/>\n\t<meta name=\"twitter:data1\" content=\"2 minutos\" \/>\n<script type=\"application\/ld+json\" class=\"yoast-schema-graph\">{\"@context\":\"https:\/\/schema.org\",\"@graph\":[{\"@type\":\"WebPage\",\"@id\":\"https:\/\/inabalatam.com\/cl\/producto\/skin-coat-variedades-50-tubos\/\",\"url\":\"https:\/\/inabalatam.com\/cl\/producto\/skin-coat-variedades-50-tubos\/\",\"name\":\"Skin & Coat Variedades (50 tubos) - INABA Chile\",\"isPartOf\":{\"@id\":\"https:\/\/inabalatam.com\/cl\/#website\"},\"primaryImageOfPage\":{\"@id\":\"https:\/\/inabalatam.com\/cl\/producto\/skin-coat-variedades-50-tubos\/#primaryimage\"},\"image\":{\"@id\":\"https:\/\/inabalatam.com\/cl\/producto\/skin-coat-variedades-50-tubos\/#primaryimage\"},\"thumbnailUrl\":\"https:\/\/inabalatam.com\/cl\/wp-content\/uploads\/2026\/04\/WhatsApp-Image-2026-04-28-at-07.08.14.jpeg\",\"datePublished\":\"2026-04-28T13:08:59+00:00\",\"dateModified\":\"2026-04-28T13:12:35+00:00\",\"breadcrumb\":{\"@id\":\"https:\/\/inabalatam.com\/cl\/producto\/skin-coat-variedades-50-tubos\/#breadcrumb\"},\"inLanguage\":\"es\",\"potentialAction\":[{\"@type\":\"ReadAction\",\"target\":[\"https:\/\/inabalatam.com\/cl\/producto\/skin-coat-variedades-50-tubos\/\"]}]},{\"@type\":\"ImageObject\",\"inLanguage\":\"es\",\"@id\":\"https:\/\/inabalatam.com\/cl\/producto\/skin-coat-variedades-50-tubos\/#primaryimage\",\"url\":\"https:\/\/inabalatam.com\/cl\/wp-content\/uploads\/2026\/04\/WhatsApp-Image-2026-04-28-at-07.08.14.jpeg\",\"contentUrl\":\"https:\/\/inabalatam.com\/cl\/wp-content\/uploads\/2026\/04\/WhatsApp-Image-2026-04-28-at-07.08.14.jpeg\",\"width\":969,\"height\":1600},{\"@type\":\"BreadcrumbList\",\"@id\":\"https:\/\/inabalatam.com\/cl\/producto\/skin-coat-variedades-50-tubos\/#breadcrumb\",\"itemListElement\":[{\"@type\":\"ListItem\",\"position\":1,\"name\":\"Home\",\"item\":\"https:\/\/inabalatam.com\/cl\/\"},{\"@type\":\"ListItem\",\"position\":2,\"name\":\"Productos\",\"item\":\"https:\/\/inabalatam.com\/cl\/tienda\/\"},{\"@type\":\"ListItem\",\"position\":3,\"name\":\"Skin &#038; Coat Variedades (50 tubos)\"}]},{\"@type\":\"WebSite\",\"@id\":\"https:\/\/inabalatam.com\/cl\/#website\",\"url\":\"https:\/\/inabalatam.com\/cl\/\",\"name\":\"INABA Chile\",\"description\":\"Snacks s\u00faper premium para mascotas\",\"publisher\":{\"@id\":\"https:\/\/inabalatam.com\/cl\/#organization\"},\"potentialAction\":[{\"@type\":\"SearchAction\",\"target\":{\"@type\":\"EntryPoint\",\"urlTemplate\":\"https:\/\/inabalatam.com\/cl\/?s={search_term_string}\"},\"query-input\":{\"@type\":\"PropertyValueSpecification\",\"valueRequired\":true,\"valueName\":\"search_term_string\"}}],\"inLanguage\":\"es\"},{\"@type\":\"Organization\",\"@id\":\"https:\/\/inabalatam.com\/cl\/#organization\",\"name\":\"INABA Chile\",\"url\":\"https:\/\/inabalatam.com\/cl\/\",\"logo\":{\"@type\":\"ImageObject\",\"inLanguage\":\"es\",\"@id\":\"https:\/\/inabalatam.com\/cl\/#\/schema\/logo\/image\/\",\"url\":\"https:\/\/inabalatam.com\/cl\/wp-content\/uploads\/2022\/12\/cropped-logo-inaba.png\",\"contentUrl\":\"https:\/\/inabalatam.com\/cl\/wp-content\/uploads\/2022\/12\/cropped-logo-inaba.png\",\"width\":800,\"height\":285,\"caption\":\"INABA Chile\"},\"image\":{\"@id\":\"https:\/\/inabalatam.com\/cl\/#\/schema\/logo\/image\/\"},\"sameAs\":[\"https:\/\/www.facebook.com\/Inaba.chile\/\",\"https:\/\/www.instagram.com\/inaba.chile\/?hl=es\"]}]}<\/script>\n<!-- \/ Yoast SEO plugin. -->","yoast_head_json":{"title":"Skin & Coat Variedades (50 tubos) - INABA Chile","robots":{"index":"index","follow":"follow","max-snippet":"max-snippet:-1","max-image-preview":"max-image-preview:large","max-video-preview":"max-video-preview:-1"},"canonical":"https:\/\/inabalatam.com\/cl\/producto\/skin-coat-variedades-50-tubos\/","og_locale":"es_ES","og_type":"article","og_title":"Skin & Coat Variedades (50 tubos) - INABA Chile","og_description":"Snack h\u00famedo premium en tubos para gatos. Elaborado con ingredientes de grado humano. Libre de granos, colorantes y preservantes artificiales. Aporta solo 6 kcal por tubito y se compone en un 91% de humedad.","og_url":"https:\/\/inabalatam.com\/cl\/producto\/skin-coat-variedades-50-tubos\/","og_site_name":"INABA Chile","article_publisher":"https:\/\/www.facebook.com\/Inaba.chile\/","article_modified_time":"2026-04-28T13:12:35+00:00","og_image":[{"width":969,"height":1600,"url":"https:\/\/inabalatam.com\/cl\/wp-content\/uploads\/2026\/04\/WhatsApp-Image-2026-04-28-at-07.08.14.jpeg","type":"image\/jpeg"}],"twitter_card":"summary_large_image","twitter_misc":{"Tiempo de lectura":"2 minutos"},"schema":{"@context":"https:\/\/schema.org","@graph":[{"@type":"WebPage","@id":"https:\/\/inabalatam.com\/cl\/producto\/skin-coat-variedades-50-tubos\/","url":"https:\/\/inabalatam.com\/cl\/producto\/skin-coat-variedades-50-tubos\/","name":"Skin & Coat Variedades (50 tubos) - INABA Chile","isPartOf":{"@id":"https:\/\/inabalatam.com\/cl\/#website"},"primaryImageOfPage":{"@id":"https:\/\/inabalatam.com\/cl\/producto\/skin-coat-variedades-50-tubos\/#primaryimage"},"image":{"@id":"https:\/\/inabalatam.com\/cl\/producto\/skin-coat-variedades-50-tubos\/#primaryimage"},"thumbnailUrl":"https:\/\/inabalatam.com\/cl\/wp-content\/uploads\/2026\/04\/WhatsApp-Image-2026-04-28-at-07.08.14.jpeg","datePublished":"2026-04-28T13:08:59+00:00","dateModified":"2026-04-28T13:12:35+00:00","breadcrumb":{"@id":"https:\/\/inabalatam.com\/cl\/producto\/skin-coat-variedades-50-tubos\/#breadcrumb"},"inLanguage":"es","potentialAction":[{"@type":"ReadAction","target":["https:\/\/inabalatam.com\/cl\/producto\/skin-coat-variedades-50-tubos\/"]}]},{"@type":"ImageObject","inLanguage":"es","@id":"https:\/\/inabalatam.com\/cl\/producto\/skin-coat-variedades-50-tubos\/#primaryimage","url":"https:\/\/inabalatam.com\/cl\/wp-content\/uploads\/2026\/04\/WhatsApp-Image-2026-04-28-at-07.08.14.jpeg","contentUrl":"https:\/\/inabalatam.com\/cl\/wp-content\/uploads\/2026\/04\/WhatsApp-Image-2026-04-28-at-07.08.14.jpeg","width":969,"height":1600},{"@type":"BreadcrumbList","@id":"https:\/\/inabalatam.com\/cl\/producto\/skin-coat-variedades-50-tubos\/#breadcrumb","itemListElement":[{"@type":"ListItem","position":1,"name":"Home","item":"https:\/\/inabalatam.com\/cl\/"},{"@type":"ListItem","position":2,"name":"Productos","item":"https:\/\/inabalatam.com\/cl\/tienda\/"},{"@type":"ListItem","position":3,"name":"Skin &#038; Coat Variedades (50 tubos)"}]},{"@type":"WebSite","@id":"https:\/\/inabalatam.com\/cl\/#website","url":"https:\/\/inabalatam.com\/cl\/","name":"INABA Chile","description":"Snacks s\u00faper premium para mascotas","publisher":{"@id":"https:\/\/inabalatam.com\/cl\/#organization"},"potentialAction":[{"@type":"SearchAction","target":{"@type":"EntryPoint","urlTemplate":"https:\/\/inabalatam.com\/cl\/?s={search_term_string}"},"query-input":{"@type":"PropertyValueSpecification","valueRequired":true,"valueName":"search_term_string"}}],"inLanguage":"es"},{"@type":"Organization","@id":"https:\/\/inabalatam.com\/cl\/#organization","name":"INABA Chile","url":"https:\/\/inabalatam.com\/cl\/","logo":{"@type":"ImageObject","inLanguage":"es","@id":"https:\/\/inabalatam.com\/cl\/#\/schema\/logo\/image\/","url":"https:\/\/inabalatam.com\/cl\/wp-content\/uploads\/2022\/12\/cropped-logo-inaba.png","contentUrl":"https:\/\/inabalatam.com\/cl\/wp-content\/uploads\/2022\/12\/cropped-logo-inaba.png","width":800,"height":285,"caption":"INABA Chile"},"image":{"@id":"https:\/\/inabalatam.com\/cl\/#\/schema\/logo\/image\/"},"sameAs":["https:\/\/www.facebook.com\/Inaba.chile\/","https:\/\/www.instagram.com\/inaba.chile\/?hl=es"]}]}},"_links":{"self":[{"href":"https:\/\/inabalatam.com\/cl\/wp-json\/wp\/v2\/product\/2731","targetHints":{"allow":["GET"]}}],"collection":[{"href":"https:\/\/inabalatam.com\/cl\/wp-json\/wp\/v2\/product"}],"about":[{"href":"https:\/\/inabalatam.com\/cl\/wp-json\/wp\/v2\/types\/product"}],"replies":[{"embeddable":true,"href":"https:\/\/inabalatam.com\/cl\/wp-json\/wp\/v2\/comments?post=2731"}],"wp:featuredmedia":[{"embeddable":true,"href":"https:\/\/inabalatam.com\/cl\/wp-json\/wp\/v2\/media\/2732"}],"wp:attachment":[{"href":"https:\/\/inabalatam.com\/cl\/wp-json\/wp\/v2\/media?parent=2731"}],"wp:term":[{"taxonomy":"product_cat","embeddable":true,"href":"https:\/\/inabalatam.com\/cl\/wp-json\/wp\/v2\/product_cat?post=2731"},{"taxonomy":"product_tag","embeddable":true,"href":"https:\/\/inabalatam.com\/cl\/wp-json\/wp\/v2\/product_tag?post=2731"}],"curies":[{"name":"wp","href":"https:\/\/api.w.org\/{rel}","templated":true}]}}