{"id":347,"date":"2022-12-16T22:37:34","date_gmt":"2022-12-16T22:37:34","guid":{"rendered":"https:\/\/inabalatam.com\/cl\/?post_type=product&#038;p=347"},"modified":"2022-12-28T16:59:47","modified_gmt":"2022-12-28T16:59:47","slug":"churu-bites-de-pollo-con-atun-y-salmon","status":"publish","type":"product","link":"https:\/\/inabalatam.com\/cl\/producto\/churu-bites-de-pollo-con-atun-y-salmon\/","title":{"rendered":"Churu Bites de pollo con at\u00fan y salm\u00f3n"},"content":{"rendered":"<p><b><span lang=\"ES-MX\">Suplemento para gatos de todas las edades.<\/span><\/b><\/p>\n<p><b>Contenido neto:<\/b>\u00a010 g x 3 (30 g)<\/p>\n<p><strong>Ingredientes: <\/strong>pollo, at\u00fan, agua, tapioca, clara de huevo, caseinato de sodio, salm\u00f3n, goma guar, saborizante natural de pollo, saborizantes naturales, extracto de levadura, saborizante natural de at\u00fan, carragenina, suplemento de vitamina E, oleorresina de paprika (color), extracto de t\u00e9 verde.<\/p>\n<p><strong>Instrucciones de uso:\u00a0<\/strong>dar a tu gato como premio. Una vez abierto mant\u00e9ngase refrigerado y consumir lo antes posible.<\/p>\n<p><b>An\u00e1lisis nutricional garantizado:<\/b><\/p>\n<table>\n<tbody>\n<tr>\n<td>Prote\u00edna bruta (min) 22,00%<\/td>\n<\/tr>\n<tr>\n<td>Grasa cruda (min) 3,00%<\/td>\n<\/tr>\n<tr>\n<td>Fibra bruta (m\u00e1x.) 0,50%<\/td>\n<\/tr>\n<tr>\n<td>Humedad (m\u00e1x.) 72,00%<\/td>\n<\/tr>\n<tr>\n<td>Vitamina E (min) 80 UI \/ kg<\/td>\n<\/tr>\n<tr>\n<td>Calor\u00edas: 13 kcal\/pp<\/td>\n<\/tr>\n<\/tbody>\n<\/table>\n","protected":false},"excerpt":{"rendered":"<p>Snack cremoso de pollo sazonado con sabores naturales, extracto de t\u00e9 verde y vitamina E. Elaborado con ingredientes de grado humano. Libre de granos, colorantes y preservantes artificiales.<\/p>\n","protected":false},"featured_media":345,"comment_status":"open","ping_status":"closed","template":"","meta":[],"product_cat":[26,20],"product_tag":[46,45,44,48,49],"class_list":["post-347","product","type-product","status-publish","has-post-thumbnail","hentry","product_cat-churu-bites","product_cat-gato","product_tag-atun","product_tag-churu","product_tag-gato","product_tag-pollo","product_tag-salmon"],"yoast_head":"<!-- This site is optimized with the Yoast SEO plugin v26.8 - https:\/\/yoast.com\/product\/yoast-seo-wordpress\/ -->\n<title>Churu Bites de pollo con at\u00fan y salm\u00f3n - INABA Chile<\/title>\n<meta name=\"robots\" content=\"index, follow, max-snippet:-1, max-image-preview:large, max-video-preview:-1\" \/>\n<link rel=\"canonical\" href=\"https:\/\/inabalatam.com\/cl\/producto\/churu-bites-de-pollo-con-atun-y-salmon\/\" \/>\n<meta property=\"og:locale\" content=\"es_ES\" \/>\n<meta property=\"og:type\" content=\"article\" \/>\n<meta property=\"og:title\" content=\"Churu Bites de pollo con at\u00fan y salm\u00f3n - INABA Chile\" \/>\n<meta property=\"og:description\" content=\"Snack cremoso de pollo sazonado con sabores naturales, extracto de t\u00e9 verde y vitamina E. Elaborado con ingredientes de grado humano. Libre de granos, colorantes y preservantes artificiales.\" \/>\n<meta property=\"og:url\" content=\"https:\/\/inabalatam.com\/cl\/producto\/churu-bites-de-pollo-con-atun-y-salmon\/\" \/>\n<meta property=\"og:site_name\" content=\"INABA Chile\" \/>\n<meta property=\"article:publisher\" content=\"https:\/\/www.facebook.com\/Inaba.chile\/\" \/>\n<meta property=\"article:modified_time\" content=\"2022-12-28T16:59:47+00:00\" \/>\n<meta property=\"og:image\" content=\"https:\/\/inabalatam.com\/cl\/wp-content\/uploads\/2022\/12\/Churu-Bites-pollo-con-atun-y-salmon.jpg\" \/>\n\t<meta property=\"og:image:width\" content=\"1000\" \/>\n\t<meta property=\"og:image:height\" content=\"1000\" \/>\n\t<meta property=\"og:image:type\" content=\"image\/jpeg\" \/>\n<meta name=\"twitter:card\" content=\"summary_large_image\" \/>\n<meta name=\"twitter:label1\" content=\"Tiempo de lectura\" \/>\n\t<meta name=\"twitter:data1\" content=\"1 minuto\" \/>\n<script type=\"application\/ld+json\" class=\"yoast-schema-graph\">{\"@context\":\"https:\/\/schema.org\",\"@graph\":[{\"@type\":\"WebPage\",\"@id\":\"https:\/\/inabalatam.com\/cl\/producto\/churu-bites-de-pollo-con-atun-y-salmon\/\",\"url\":\"https:\/\/inabalatam.com\/cl\/producto\/churu-bites-de-pollo-con-atun-y-salmon\/\",\"name\":\"Churu Bites de pollo con at\u00fan y salm\u00f3n - INABA Chile\",\"isPartOf\":{\"@id\":\"https:\/\/inabalatam.com\/cl\/#website\"},\"primaryImageOfPage\":{\"@id\":\"https:\/\/inabalatam.com\/cl\/producto\/churu-bites-de-pollo-con-atun-y-salmon\/#primaryimage\"},\"image\":{\"@id\":\"https:\/\/inabalatam.com\/cl\/producto\/churu-bites-de-pollo-con-atun-y-salmon\/#primaryimage\"},\"thumbnailUrl\":\"https:\/\/inabalatam.com\/cl\/wp-content\/uploads\/2022\/12\/Churu-Bites-pollo-con-atun-y-salmon.jpg\",\"datePublished\":\"2022-12-16T22:37:34+00:00\",\"dateModified\":\"2022-12-28T16:59:47+00:00\",\"breadcrumb\":{\"@id\":\"https:\/\/inabalatam.com\/cl\/producto\/churu-bites-de-pollo-con-atun-y-salmon\/#breadcrumb\"},\"inLanguage\":\"es\",\"potentialAction\":[{\"@type\":\"ReadAction\",\"target\":[\"https:\/\/inabalatam.com\/cl\/producto\/churu-bites-de-pollo-con-atun-y-salmon\/\"]}]},{\"@type\":\"ImageObject\",\"inLanguage\":\"es\",\"@id\":\"https:\/\/inabalatam.com\/cl\/producto\/churu-bites-de-pollo-con-atun-y-salmon\/#primaryimage\",\"url\":\"https:\/\/inabalatam.com\/cl\/wp-content\/uploads\/2022\/12\/Churu-Bites-pollo-con-atun-y-salmon.jpg\",\"contentUrl\":\"https:\/\/inabalatam.com\/cl\/wp-content\/uploads\/2022\/12\/Churu-Bites-pollo-con-atun-y-salmon.jpg\",\"width\":1000,\"height\":1000},{\"@type\":\"BreadcrumbList\",\"@id\":\"https:\/\/inabalatam.com\/cl\/producto\/churu-bites-de-pollo-con-atun-y-salmon\/#breadcrumb\",\"itemListElement\":[{\"@type\":\"ListItem\",\"position\":1,\"name\":\"Home\",\"item\":\"https:\/\/inabalatam.com\/cl\/\"},{\"@type\":\"ListItem\",\"position\":2,\"name\":\"Productos\",\"item\":\"https:\/\/inabalatam.com\/cl\/tienda\/\"},{\"@type\":\"ListItem\",\"position\":3,\"name\":\"Churu Bites de pollo con at\u00fan y salm\u00f3n\"}]},{\"@type\":\"WebSite\",\"@id\":\"https:\/\/inabalatam.com\/cl\/#website\",\"url\":\"https:\/\/inabalatam.com\/cl\/\",\"name\":\"INABA Chile\",\"description\":\"Snacks s\u00faper premium para mascotas\",\"publisher\":{\"@id\":\"https:\/\/inabalatam.com\/cl\/#organization\"},\"potentialAction\":[{\"@type\":\"SearchAction\",\"target\":{\"@type\":\"EntryPoint\",\"urlTemplate\":\"https:\/\/inabalatam.com\/cl\/?s={search_term_string}\"},\"query-input\":{\"@type\":\"PropertyValueSpecification\",\"valueRequired\":true,\"valueName\":\"search_term_string\"}}],\"inLanguage\":\"es\"},{\"@type\":\"Organization\",\"@id\":\"https:\/\/inabalatam.com\/cl\/#organization\",\"name\":\"INABA Chile\",\"url\":\"https:\/\/inabalatam.com\/cl\/\",\"logo\":{\"@type\":\"ImageObject\",\"inLanguage\":\"es\",\"@id\":\"https:\/\/inabalatam.com\/cl\/#\/schema\/logo\/image\/\",\"url\":\"https:\/\/inabalatam.com\/cl\/wp-content\/uploads\/2022\/12\/cropped-logo-inaba.png\",\"contentUrl\":\"https:\/\/inabalatam.com\/cl\/wp-content\/uploads\/2022\/12\/cropped-logo-inaba.png\",\"width\":800,\"height\":285,\"caption\":\"INABA Chile\"},\"image\":{\"@id\":\"https:\/\/inabalatam.com\/cl\/#\/schema\/logo\/image\/\"},\"sameAs\":[\"https:\/\/www.facebook.com\/Inaba.chile\/\",\"https:\/\/www.instagram.com\/inaba.chile\/?hl=es\"]}]}<\/script>\n<!-- \/ Yoast SEO plugin. -->","yoast_head_json":{"title":"Churu Bites de pollo con at\u00fan y salm\u00f3n - INABA Chile","robots":{"index":"index","follow":"follow","max-snippet":"max-snippet:-1","max-image-preview":"max-image-preview:large","max-video-preview":"max-video-preview:-1"},"canonical":"https:\/\/inabalatam.com\/cl\/producto\/churu-bites-de-pollo-con-atun-y-salmon\/","og_locale":"es_ES","og_type":"article","og_title":"Churu Bites de pollo con at\u00fan y salm\u00f3n - INABA Chile","og_description":"Snack cremoso de pollo sazonado con sabores naturales, extracto de t\u00e9 verde y vitamina E. Elaborado con ingredientes de grado humano. Libre de granos, colorantes y preservantes artificiales.","og_url":"https:\/\/inabalatam.com\/cl\/producto\/churu-bites-de-pollo-con-atun-y-salmon\/","og_site_name":"INABA Chile","article_publisher":"https:\/\/www.facebook.com\/Inaba.chile\/","article_modified_time":"2022-12-28T16:59:47+00:00","og_image":[{"width":1000,"height":1000,"url":"https:\/\/inabalatam.com\/cl\/wp-content\/uploads\/2022\/12\/Churu-Bites-pollo-con-atun-y-salmon.jpg","type":"image\/jpeg"}],"twitter_card":"summary_large_image","twitter_misc":{"Tiempo de lectura":"1 minuto"},"schema":{"@context":"https:\/\/schema.org","@graph":[{"@type":"WebPage","@id":"https:\/\/inabalatam.com\/cl\/producto\/churu-bites-de-pollo-con-atun-y-salmon\/","url":"https:\/\/inabalatam.com\/cl\/producto\/churu-bites-de-pollo-con-atun-y-salmon\/","name":"Churu Bites de pollo con at\u00fan y salm\u00f3n - INABA Chile","isPartOf":{"@id":"https:\/\/inabalatam.com\/cl\/#website"},"primaryImageOfPage":{"@id":"https:\/\/inabalatam.com\/cl\/producto\/churu-bites-de-pollo-con-atun-y-salmon\/#primaryimage"},"image":{"@id":"https:\/\/inabalatam.com\/cl\/producto\/churu-bites-de-pollo-con-atun-y-salmon\/#primaryimage"},"thumbnailUrl":"https:\/\/inabalatam.com\/cl\/wp-content\/uploads\/2022\/12\/Churu-Bites-pollo-con-atun-y-salmon.jpg","datePublished":"2022-12-16T22:37:34+00:00","dateModified":"2022-12-28T16:59:47+00:00","breadcrumb":{"@id":"https:\/\/inabalatam.com\/cl\/producto\/churu-bites-de-pollo-con-atun-y-salmon\/#breadcrumb"},"inLanguage":"es","potentialAction":[{"@type":"ReadAction","target":["https:\/\/inabalatam.com\/cl\/producto\/churu-bites-de-pollo-con-atun-y-salmon\/"]}]},{"@type":"ImageObject","inLanguage":"es","@id":"https:\/\/inabalatam.com\/cl\/producto\/churu-bites-de-pollo-con-atun-y-salmon\/#primaryimage","url":"https:\/\/inabalatam.com\/cl\/wp-content\/uploads\/2022\/12\/Churu-Bites-pollo-con-atun-y-salmon.jpg","contentUrl":"https:\/\/inabalatam.com\/cl\/wp-content\/uploads\/2022\/12\/Churu-Bites-pollo-con-atun-y-salmon.jpg","width":1000,"height":1000},{"@type":"BreadcrumbList","@id":"https:\/\/inabalatam.com\/cl\/producto\/churu-bites-de-pollo-con-atun-y-salmon\/#breadcrumb","itemListElement":[{"@type":"ListItem","position":1,"name":"Home","item":"https:\/\/inabalatam.com\/cl\/"},{"@type":"ListItem","position":2,"name":"Productos","item":"https:\/\/inabalatam.com\/cl\/tienda\/"},{"@type":"ListItem","position":3,"name":"Churu Bites de pollo con at\u00fan y salm\u00f3n"}]},{"@type":"WebSite","@id":"https:\/\/inabalatam.com\/cl\/#website","url":"https:\/\/inabalatam.com\/cl\/","name":"INABA Chile","description":"Snacks s\u00faper premium para mascotas","publisher":{"@id":"https:\/\/inabalatam.com\/cl\/#organization"},"potentialAction":[{"@type":"SearchAction","target":{"@type":"EntryPoint","urlTemplate":"https:\/\/inabalatam.com\/cl\/?s={search_term_string}"},"query-input":{"@type":"PropertyValueSpecification","valueRequired":true,"valueName":"search_term_string"}}],"inLanguage":"es"},{"@type":"Organization","@id":"https:\/\/inabalatam.com\/cl\/#organization","name":"INABA Chile","url":"https:\/\/inabalatam.com\/cl\/","logo":{"@type":"ImageObject","inLanguage":"es","@id":"https:\/\/inabalatam.com\/cl\/#\/schema\/logo\/image\/","url":"https:\/\/inabalatam.com\/cl\/wp-content\/uploads\/2022\/12\/cropped-logo-inaba.png","contentUrl":"https:\/\/inabalatam.com\/cl\/wp-content\/uploads\/2022\/12\/cropped-logo-inaba.png","width":800,"height":285,"caption":"INABA Chile"},"image":{"@id":"https:\/\/inabalatam.com\/cl\/#\/schema\/logo\/image\/"},"sameAs":["https:\/\/www.facebook.com\/Inaba.chile\/","https:\/\/www.instagram.com\/inaba.chile\/?hl=es"]}]}},"_links":{"self":[{"href":"https:\/\/inabalatam.com\/cl\/wp-json\/wp\/v2\/product\/347","targetHints":{"allow":["GET"]}}],"collection":[{"href":"https:\/\/inabalatam.com\/cl\/wp-json\/wp\/v2\/product"}],"about":[{"href":"https:\/\/inabalatam.com\/cl\/wp-json\/wp\/v2\/types\/product"}],"replies":[{"embeddable":true,"href":"https:\/\/inabalatam.com\/cl\/wp-json\/wp\/v2\/comments?post=347"}],"wp:featuredmedia":[{"embeddable":true,"href":"https:\/\/inabalatam.com\/cl\/wp-json\/wp\/v2\/media\/345"}],"wp:attachment":[{"href":"https:\/\/inabalatam.com\/cl\/wp-json\/wp\/v2\/media?parent=347"}],"wp:term":[{"taxonomy":"product_cat","embeddable":true,"href":"https:\/\/inabalatam.com\/cl\/wp-json\/wp\/v2\/product_cat?post=347"},{"taxonomy":"product_tag","embeddable":true,"href":"https:\/\/inabalatam.com\/cl\/wp-json\/wp\/v2\/product_tag?post=347"}],"curies":[{"name":"wp","href":"https:\/\/api.w.org\/{rel}","templated":true}]}}