{"id":365,"date":"2022-12-16T22:44:50","date_gmt":"2022-12-16T22:44:50","guid":{"rendered":"https:\/\/inabalatam.com\/cl\/?post_type=product&#038;p=365"},"modified":"2022-12-28T16:58:53","modified_gmt":"2022-12-28T16:58:53","slug":"juicy-bites-de-camaron-con-mariscos","status":"publish","type":"product","link":"https:\/\/inabalatam.com\/cl\/producto\/juicy-bites-de-camaron-con-mariscos\/","title":{"rendered":"Juicy Bites de camar\u00f3n con mariscos"},"content":{"rendered":"<p><b><span lang=\"ES-MX\">Suplemento para gatos de todas las edades.<\/span><\/b><\/p>\n<p><b><span lang=\"ES-MX\">Contenido neto: 11,3 g x 3 (33,9 g)<\/span><span lang=\"ES-MX\"><u><\/u>\u00a0<\/span><\/b><\/p>\n<p><span lang=\"ES-MX\"><strong>Ingredientes:<\/strong> pollo, at\u00fan, tapioca, sabor natural de camarones, sabor natural de at\u00fan, sabor natural de osti\u00f3n, sabor natural de cangrejo, suplemento de vitamina E, oleorresina de piment\u00f3n, extracto de t\u00e9 verde.<\/span><\/p>\n<p><strong>Instrucciones de uso:\u00a0<\/strong>dar a tu gato como premio. Una vez abierto mant\u00e9ngase refrigerado y consumir lo antes posible.<\/p>\n<p><strong>An\u00e1lisis nutricional garantizado:<\/strong><\/p>\n<table width=\"450\">\n<tbody>\n<tr>\n<td>Crude Protein \u201cProte\u00edna Cruda\u201d<\/td>\n<td>(Min)<\/td>\n<td>24%<\/td>\n<\/tr>\n<tr>\n<td>Crude Fat \u201cGrasa Cruda\u201d<\/td>\n<td>(Min)<\/td>\n<td>2,5%<\/td>\n<\/tr>\n<tr>\n<td>Crude Fiber \u201cFibra Cruda\u201d<\/td>\n<td>(Max)<\/td>\n<td>0,5%<\/td>\n<\/tr>\n<tr>\n<td>Moisture \u201cHumedad\u201d<\/td>\n<td>(Max)<\/td>\n<td>71%<\/td>\n<\/tr>\n<tr>\n<td>Vitamin E<\/td>\n<td>(Min)<\/td>\n<td>200 UI\/Kg<\/td>\n<\/tr>\n<tr>\n<td>Energ\u00eda (Kcal\/pieza): 15 kcal\/pp<\/td>\n<\/tr>\n<\/tbody>\n<\/table>\n","protected":false},"excerpt":{"rendered":"<p>Exquisitos y saludables bocados semi h\u00famedos con formas divertidas.<\/p>\n","protected":false},"featured_media":363,"comment_status":"open","ping_status":"closed","template":"","meta":[],"product_cat":[20,29],"product_tag":[50,44,56,57],"class_list":["post-365","product","type-product","status-publish","has-post-thumbnail","hentry","product_cat-gato","product_cat-juicy-bites","product_tag-camarones","product_tag-gato","product_tag-juicy-bites","product_tag-mariscos"],"yoast_head":"<!-- This site is optimized with the Yoast SEO plugin v26.8 - https:\/\/yoast.com\/product\/yoast-seo-wordpress\/ -->\n<title>Juicy Bites de camar\u00f3n con mariscos - INABA Chile<\/title>\n<meta name=\"robots\" content=\"index, follow, max-snippet:-1, max-image-preview:large, max-video-preview:-1\" \/>\n<link rel=\"canonical\" href=\"https:\/\/inabalatam.com\/cl\/producto\/juicy-bites-de-camaron-con-mariscos\/\" \/>\n<meta property=\"og:locale\" content=\"es_ES\" \/>\n<meta property=\"og:type\" content=\"article\" \/>\n<meta property=\"og:title\" content=\"Juicy Bites de camar\u00f3n con mariscos - INABA Chile\" \/>\n<meta property=\"og:description\" content=\"Exquisitos y saludables bocados semi h\u00famedos con formas divertidas.\" \/>\n<meta property=\"og:url\" content=\"https:\/\/inabalatam.com\/cl\/producto\/juicy-bites-de-camaron-con-mariscos\/\" \/>\n<meta property=\"og:site_name\" content=\"INABA Chile\" \/>\n<meta property=\"article:publisher\" content=\"https:\/\/www.facebook.com\/Inaba.chile\/\" \/>\n<meta property=\"article:modified_time\" content=\"2022-12-28T16:58:53+00:00\" \/>\n<meta property=\"og:image\" content=\"https:\/\/inabalatam.com\/cl\/wp-content\/uploads\/2022\/12\/Juicy-Bites-camaron-con-marisco.jpg\" \/>\n\t<meta property=\"og:image:width\" content=\"1000\" \/>\n\t<meta property=\"og:image:height\" content=\"1000\" \/>\n\t<meta property=\"og:image:type\" content=\"image\/jpeg\" \/>\n<meta name=\"twitter:card\" content=\"summary_large_image\" \/>\n<meta name=\"twitter:label1\" content=\"Tiempo de lectura\" \/>\n\t<meta name=\"twitter:data1\" content=\"1 minuto\" \/>\n<script type=\"application\/ld+json\" class=\"yoast-schema-graph\">{\"@context\":\"https:\/\/schema.org\",\"@graph\":[{\"@type\":\"WebPage\",\"@id\":\"https:\/\/inabalatam.com\/cl\/producto\/juicy-bites-de-camaron-con-mariscos\/\",\"url\":\"https:\/\/inabalatam.com\/cl\/producto\/juicy-bites-de-camaron-con-mariscos\/\",\"name\":\"Juicy Bites de camar\u00f3n con mariscos - INABA Chile\",\"isPartOf\":{\"@id\":\"https:\/\/inabalatam.com\/cl\/#website\"},\"primaryImageOfPage\":{\"@id\":\"https:\/\/inabalatam.com\/cl\/producto\/juicy-bites-de-camaron-con-mariscos\/#primaryimage\"},\"image\":{\"@id\":\"https:\/\/inabalatam.com\/cl\/producto\/juicy-bites-de-camaron-con-mariscos\/#primaryimage\"},\"thumbnailUrl\":\"https:\/\/inabalatam.com\/cl\/wp-content\/uploads\/2022\/12\/Juicy-Bites-camaron-con-marisco.jpg\",\"datePublished\":\"2022-12-16T22:44:50+00:00\",\"dateModified\":\"2022-12-28T16:58:53+00:00\",\"breadcrumb\":{\"@id\":\"https:\/\/inabalatam.com\/cl\/producto\/juicy-bites-de-camaron-con-mariscos\/#breadcrumb\"},\"inLanguage\":\"es\",\"potentialAction\":[{\"@type\":\"ReadAction\",\"target\":[\"https:\/\/inabalatam.com\/cl\/producto\/juicy-bites-de-camaron-con-mariscos\/\"]}]},{\"@type\":\"ImageObject\",\"inLanguage\":\"es\",\"@id\":\"https:\/\/inabalatam.com\/cl\/producto\/juicy-bites-de-camaron-con-mariscos\/#primaryimage\",\"url\":\"https:\/\/inabalatam.com\/cl\/wp-content\/uploads\/2022\/12\/Juicy-Bites-camaron-con-marisco.jpg\",\"contentUrl\":\"https:\/\/inabalatam.com\/cl\/wp-content\/uploads\/2022\/12\/Juicy-Bites-camaron-con-marisco.jpg\",\"width\":1000,\"height\":1000},{\"@type\":\"BreadcrumbList\",\"@id\":\"https:\/\/inabalatam.com\/cl\/producto\/juicy-bites-de-camaron-con-mariscos\/#breadcrumb\",\"itemListElement\":[{\"@type\":\"ListItem\",\"position\":1,\"name\":\"Home\",\"item\":\"https:\/\/inabalatam.com\/cl\/\"},{\"@type\":\"ListItem\",\"position\":2,\"name\":\"Productos\",\"item\":\"https:\/\/inabalatam.com\/cl\/tienda\/\"},{\"@type\":\"ListItem\",\"position\":3,\"name\":\"Juicy Bites de camar\u00f3n con mariscos\"}]},{\"@type\":\"WebSite\",\"@id\":\"https:\/\/inabalatam.com\/cl\/#website\",\"url\":\"https:\/\/inabalatam.com\/cl\/\",\"name\":\"INABA Chile\",\"description\":\"Snacks s\u00faper premium para mascotas\",\"publisher\":{\"@id\":\"https:\/\/inabalatam.com\/cl\/#organization\"},\"potentialAction\":[{\"@type\":\"SearchAction\",\"target\":{\"@type\":\"EntryPoint\",\"urlTemplate\":\"https:\/\/inabalatam.com\/cl\/?s={search_term_string}\"},\"query-input\":{\"@type\":\"PropertyValueSpecification\",\"valueRequired\":true,\"valueName\":\"search_term_string\"}}],\"inLanguage\":\"es\"},{\"@type\":\"Organization\",\"@id\":\"https:\/\/inabalatam.com\/cl\/#organization\",\"name\":\"INABA Chile\",\"url\":\"https:\/\/inabalatam.com\/cl\/\",\"logo\":{\"@type\":\"ImageObject\",\"inLanguage\":\"es\",\"@id\":\"https:\/\/inabalatam.com\/cl\/#\/schema\/logo\/image\/\",\"url\":\"https:\/\/inabalatam.com\/cl\/wp-content\/uploads\/2022\/12\/cropped-logo-inaba.png\",\"contentUrl\":\"https:\/\/inabalatam.com\/cl\/wp-content\/uploads\/2022\/12\/cropped-logo-inaba.png\",\"width\":800,\"height\":285,\"caption\":\"INABA Chile\"},\"image\":{\"@id\":\"https:\/\/inabalatam.com\/cl\/#\/schema\/logo\/image\/\"},\"sameAs\":[\"https:\/\/www.facebook.com\/Inaba.chile\/\",\"https:\/\/www.instagram.com\/inaba.chile\/?hl=es\"]}]}<\/script>\n<!-- \/ Yoast SEO plugin. -->","yoast_head_json":{"title":"Juicy Bites de camar\u00f3n con mariscos - INABA Chile","robots":{"index":"index","follow":"follow","max-snippet":"max-snippet:-1","max-image-preview":"max-image-preview:large","max-video-preview":"max-video-preview:-1"},"canonical":"https:\/\/inabalatam.com\/cl\/producto\/juicy-bites-de-camaron-con-mariscos\/","og_locale":"es_ES","og_type":"article","og_title":"Juicy Bites de camar\u00f3n con mariscos - INABA Chile","og_description":"Exquisitos y saludables bocados semi h\u00famedos con formas divertidas.","og_url":"https:\/\/inabalatam.com\/cl\/producto\/juicy-bites-de-camaron-con-mariscos\/","og_site_name":"INABA Chile","article_publisher":"https:\/\/www.facebook.com\/Inaba.chile\/","article_modified_time":"2022-12-28T16:58:53+00:00","og_image":[{"width":1000,"height":1000,"url":"https:\/\/inabalatam.com\/cl\/wp-content\/uploads\/2022\/12\/Juicy-Bites-camaron-con-marisco.jpg","type":"image\/jpeg"}],"twitter_card":"summary_large_image","twitter_misc":{"Tiempo de lectura":"1 minuto"},"schema":{"@context":"https:\/\/schema.org","@graph":[{"@type":"WebPage","@id":"https:\/\/inabalatam.com\/cl\/producto\/juicy-bites-de-camaron-con-mariscos\/","url":"https:\/\/inabalatam.com\/cl\/producto\/juicy-bites-de-camaron-con-mariscos\/","name":"Juicy Bites de camar\u00f3n con mariscos - INABA Chile","isPartOf":{"@id":"https:\/\/inabalatam.com\/cl\/#website"},"primaryImageOfPage":{"@id":"https:\/\/inabalatam.com\/cl\/producto\/juicy-bites-de-camaron-con-mariscos\/#primaryimage"},"image":{"@id":"https:\/\/inabalatam.com\/cl\/producto\/juicy-bites-de-camaron-con-mariscos\/#primaryimage"},"thumbnailUrl":"https:\/\/inabalatam.com\/cl\/wp-content\/uploads\/2022\/12\/Juicy-Bites-camaron-con-marisco.jpg","datePublished":"2022-12-16T22:44:50+00:00","dateModified":"2022-12-28T16:58:53+00:00","breadcrumb":{"@id":"https:\/\/inabalatam.com\/cl\/producto\/juicy-bites-de-camaron-con-mariscos\/#breadcrumb"},"inLanguage":"es","potentialAction":[{"@type":"ReadAction","target":["https:\/\/inabalatam.com\/cl\/producto\/juicy-bites-de-camaron-con-mariscos\/"]}]},{"@type":"ImageObject","inLanguage":"es","@id":"https:\/\/inabalatam.com\/cl\/producto\/juicy-bites-de-camaron-con-mariscos\/#primaryimage","url":"https:\/\/inabalatam.com\/cl\/wp-content\/uploads\/2022\/12\/Juicy-Bites-camaron-con-marisco.jpg","contentUrl":"https:\/\/inabalatam.com\/cl\/wp-content\/uploads\/2022\/12\/Juicy-Bites-camaron-con-marisco.jpg","width":1000,"height":1000},{"@type":"BreadcrumbList","@id":"https:\/\/inabalatam.com\/cl\/producto\/juicy-bites-de-camaron-con-mariscos\/#breadcrumb","itemListElement":[{"@type":"ListItem","position":1,"name":"Home","item":"https:\/\/inabalatam.com\/cl\/"},{"@type":"ListItem","position":2,"name":"Productos","item":"https:\/\/inabalatam.com\/cl\/tienda\/"},{"@type":"ListItem","position":3,"name":"Juicy Bites de camar\u00f3n con mariscos"}]},{"@type":"WebSite","@id":"https:\/\/inabalatam.com\/cl\/#website","url":"https:\/\/inabalatam.com\/cl\/","name":"INABA Chile","description":"Snacks s\u00faper premium para mascotas","publisher":{"@id":"https:\/\/inabalatam.com\/cl\/#organization"},"potentialAction":[{"@type":"SearchAction","target":{"@type":"EntryPoint","urlTemplate":"https:\/\/inabalatam.com\/cl\/?s={search_term_string}"},"query-input":{"@type":"PropertyValueSpecification","valueRequired":true,"valueName":"search_term_string"}}],"inLanguage":"es"},{"@type":"Organization","@id":"https:\/\/inabalatam.com\/cl\/#organization","name":"INABA Chile","url":"https:\/\/inabalatam.com\/cl\/","logo":{"@type":"ImageObject","inLanguage":"es","@id":"https:\/\/inabalatam.com\/cl\/#\/schema\/logo\/image\/","url":"https:\/\/inabalatam.com\/cl\/wp-content\/uploads\/2022\/12\/cropped-logo-inaba.png","contentUrl":"https:\/\/inabalatam.com\/cl\/wp-content\/uploads\/2022\/12\/cropped-logo-inaba.png","width":800,"height":285,"caption":"INABA Chile"},"image":{"@id":"https:\/\/inabalatam.com\/cl\/#\/schema\/logo\/image\/"},"sameAs":["https:\/\/www.facebook.com\/Inaba.chile\/","https:\/\/www.instagram.com\/inaba.chile\/?hl=es"]}]}},"_links":{"self":[{"href":"https:\/\/inabalatam.com\/cl\/wp-json\/wp\/v2\/product\/365","targetHints":{"allow":["GET"]}}],"collection":[{"href":"https:\/\/inabalatam.com\/cl\/wp-json\/wp\/v2\/product"}],"about":[{"href":"https:\/\/inabalatam.com\/cl\/wp-json\/wp\/v2\/types\/product"}],"replies":[{"embeddable":true,"href":"https:\/\/inabalatam.com\/cl\/wp-json\/wp\/v2\/comments?post=365"}],"wp:featuredmedia":[{"embeddable":true,"href":"https:\/\/inabalatam.com\/cl\/wp-json\/wp\/v2\/media\/363"}],"wp:attachment":[{"href":"https:\/\/inabalatam.com\/cl\/wp-json\/wp\/v2\/media?parent=365"}],"wp:term":[{"taxonomy":"product_cat","embeddable":true,"href":"https:\/\/inabalatam.com\/cl\/wp-json\/wp\/v2\/product_cat?post=365"},{"taxonomy":"product_tag","embeddable":true,"href":"https:\/\/inabalatam.com\/cl\/wp-json\/wp\/v2\/product_tag?post=365"}],"curies":[{"name":"wp","href":"https:\/\/api.w.org\/{rel}","templated":true}]}}