{"id":1306,"date":"2022-12-20T19:36:59","date_gmt":"2022-12-20T19:36:59","guid":{"rendered":"https:\/\/inabalatam.com\/co\/?post_type=product&#038;p=1306"},"modified":"2022-12-28T17:08:40","modified_gmt":"2022-12-28T17:08:40","slug":"churu-pops-de-atun-con-pollo","status":"publish","type":"product","link":"https:\/\/inabalatam.com\/co\/producto\/churu-pops-de-atun-con-pollo\/","title":{"rendered":"Churu Pops de at\u00fan con pollo"},"content":{"rendered":"<p><b><span lang=\"ES-MX\">Suplemento para gatos de todas las edades.<\/span><\/b><\/p>\n<p><b>Contenido neto:\u00a0<\/b>15 g x 4 (60 g)<\/p>\n<p><strong>Ingredientes: <\/strong>agua, at\u00fan, pollo, sabores naturales, sabor natural de at\u00fan, carragenina, goma xantana, goma guar, cloruro de potasio, suplemento de Vitamina E, citrato de sodio, extracto de t\u00e9 verde.<\/p>\n<p><strong>Instrucciones de uso:\u00a0<\/strong>dar a tu gato como premio. Una vez abierto mant\u00e9ngase refrigerado y consumir lo antes posible.<\/p>\n<p><b>An\u00e1lisis nutricional garantizado:<\/b><\/p>\n<table>\n<tbody>\n<tr>\n<td>Prote\u00edna bruta (min) 7,00%<\/td>\n<\/tr>\n<tr>\n<td>Grasa cruda (min) 0,20%<\/td>\n<\/tr>\n<tr>\n<td>Fibra bruta (m\u00e1x.) 0,30%<\/td>\n<\/tr>\n<tr>\n<td>Humedad (m\u00e1x.) 91,00%<\/td>\n<\/tr>\n<tr>\n<td>Vitamina E (min) 310 UI \/ kg<\/td>\n<\/tr>\n<tr>\n<td>Calor\u00edas: 6,5 kcal\/tubo<\/td>\n<\/tr>\n<\/tbody>\n<\/table>\n<p>&nbsp;<\/p>\n","protected":false},"excerpt":{"rendered":"<p>Snack h\u00famedo elaborado con ingredientes de grado humano.\u00a0Libre de granos, colorantes y preservantes artificiales. Fortalecido con Vitamina E y t\u00e9 verde.<\/p>\n","protected":false},"featured_media":1391,"comment_status":"open","ping_status":"closed","template":"","meta":[],"product_brand":[],"product_cat":[27,20],"product_tag":[46,54,44,48],"class_list":{"0":"post-1306","1":"product","2":"type-product","3":"status-publish","4":"has-post-thumbnail","6":"product_cat-churu-pops","7":"product_cat-gato","8":"product_tag-atun","9":"product_tag-churu-pops","10":"product_tag-gato","11":"product_tag-pollo","13":"first","14":"instock","15":"shipping-taxable","16":"product-type-simple"},"yoast_head":"<!-- This site is optimized with the Yoast SEO Premium plugin v19.1 (Yoast SEO v26.8) - https:\/\/yoast.com\/product\/yoast-seo-premium-wordpress\/ -->\n<title>Churu Pops de at\u00fan con pollo - INABA Colombia<\/title>\n<meta name=\"robots\" content=\"index, follow, max-snippet:-1, max-image-preview:large, max-video-preview:-1\" \/>\n<link rel=\"canonical\" href=\"https:\/\/inabalatam.com\/co\/producto\/churu-pops-de-atun-con-pollo\/\" \/>\n<meta property=\"og:locale\" content=\"es_ES\" \/>\n<meta property=\"og:type\" content=\"article\" \/>\n<meta property=\"og:title\" content=\"Churu Pops de at\u00fan con pollo\" \/>\n<meta property=\"og:description\" content=\"Snack h\u00famedo elaborado con ingredientes de grado humano.\u00a0Libre de granos, colorantes y preservantes artificiales. Fortalecido con Vitamina E y t\u00e9 verde.\" \/>\n<meta property=\"og:url\" content=\"https:\/\/inabalatam.com\/co\/producto\/churu-pops-de-atun-con-pollo\/\" \/>\n<meta property=\"og:site_name\" content=\"INABA Colombia\" \/>\n<meta property=\"article:publisher\" content=\"https:\/\/www.facebook.com\/inaba.colombia\" \/>\n<meta property=\"article:modified_time\" content=\"2022-12-28T17:08:40+00:00\" \/>\n<meta property=\"og:image\" content=\"https:\/\/inabalatam.com\/co\/wp-content\/uploads\/2022\/12\/USA713A-Front-1.jpg\" \/>\n\t<meta property=\"og:image:width\" content=\"700\" \/>\n\t<meta property=\"og:image:height\" content=\"700\" \/>\n\t<meta property=\"og:image:type\" content=\"image\/jpeg\" \/>\n<meta name=\"twitter:card\" content=\"summary_large_image\" \/>\n<script type=\"application\/ld+json\" class=\"yoast-schema-graph\">{\"@context\":\"https:\/\/schema.org\",\"@graph\":[{\"@type\":\"WebPage\",\"@id\":\"https:\/\/inabalatam.com\/co\/producto\/churu-pops-de-atun-con-pollo\/\",\"url\":\"https:\/\/inabalatam.com\/co\/producto\/churu-pops-de-atun-con-pollo\/\",\"name\":\"Churu Pops de at\u00fan con pollo - INABA Colombia\",\"isPartOf\":{\"@id\":\"https:\/\/inabalatam.com\/co\/#website\"},\"primaryImageOfPage\":{\"@id\":\"https:\/\/inabalatam.com\/co\/producto\/churu-pops-de-atun-con-pollo\/#primaryimage\"},\"image\":{\"@id\":\"https:\/\/inabalatam.com\/co\/producto\/churu-pops-de-atun-con-pollo\/#primaryimage\"},\"thumbnailUrl\":\"https:\/\/inabalatam.com\/co\/wp-content\/uploads\/2022\/12\/USA713A-Front-1.jpg\",\"datePublished\":\"2022-12-20T19:36:59+00:00\",\"dateModified\":\"2022-12-28T17:08:40+00:00\",\"breadcrumb\":{\"@id\":\"https:\/\/inabalatam.com\/co\/producto\/churu-pops-de-atun-con-pollo\/#breadcrumb\"},\"inLanguage\":\"es\",\"potentialAction\":[{\"@type\":\"ReadAction\",\"target\":[\"https:\/\/inabalatam.com\/co\/producto\/churu-pops-de-atun-con-pollo\/\"]}]},{\"@type\":\"ImageObject\",\"inLanguage\":\"es\",\"@id\":\"https:\/\/inabalatam.com\/co\/producto\/churu-pops-de-atun-con-pollo\/#primaryimage\",\"url\":\"https:\/\/inabalatam.com\/co\/wp-content\/uploads\/2022\/12\/USA713A-Front-1.jpg\",\"contentUrl\":\"https:\/\/inabalatam.com\/co\/wp-content\/uploads\/2022\/12\/USA713A-Front-1.jpg\",\"width\":700,\"height\":700},{\"@type\":\"BreadcrumbList\",\"@id\":\"https:\/\/inabalatam.com\/co\/producto\/churu-pops-de-atun-con-pollo\/#breadcrumb\",\"itemListElement\":[{\"@type\":\"ListItem\",\"position\":1,\"name\":\"Home\",\"item\":\"https:\/\/inabalatam.com\/co\/\"},{\"@type\":\"ListItem\",\"position\":2,\"name\":\"Tienda\",\"item\":\"https:\/\/inabalatam.com\/co\/tienda\/\"},{\"@type\":\"ListItem\",\"position\":3,\"name\":\"Churu Pops de at\u00fan con pollo\"}]},{\"@type\":\"WebSite\",\"@id\":\"https:\/\/inabalatam.com\/co\/#website\",\"url\":\"https:\/\/inabalatam.com\/co\/\",\"name\":\"INABA Colombia\",\"description\":\"Snacks s\u00faper premium para mascotas\",\"publisher\":{\"@id\":\"https:\/\/inabalatam.com\/co\/#organization\"},\"potentialAction\":[{\"@type\":\"SearchAction\",\"target\":{\"@type\":\"EntryPoint\",\"urlTemplate\":\"https:\/\/inabalatam.com\/co\/?s={search_term_string}\"},\"query-input\":{\"@type\":\"PropertyValueSpecification\",\"valueRequired\":true,\"valueName\":\"search_term_string\"}}],\"inLanguage\":\"es\"},{\"@type\":\"Organization\",\"@id\":\"https:\/\/inabalatam.com\/co\/#organization\",\"name\":\"INABA Colombia\",\"url\":\"https:\/\/inabalatam.com\/co\/\",\"logo\":{\"@type\":\"ImageObject\",\"inLanguage\":\"es\",\"@id\":\"https:\/\/inabalatam.com\/co\/#\/schema\/logo\/image\/\",\"url\":\"https:\/\/inabalatam.com\/co\/wp-content\/uploads\/2022\/12\/cropped-logo-inaba.png\",\"contentUrl\":\"https:\/\/inabalatam.com\/co\/wp-content\/uploads\/2022\/12\/cropped-logo-inaba.png\",\"width\":800,\"height\":285,\"caption\":\"INABA Colombia\"},\"image\":{\"@id\":\"https:\/\/inabalatam.com\/co\/#\/schema\/logo\/image\/\"},\"sameAs\":[\"https:\/\/www.facebook.com\/inaba.colombia\",\"https:\/\/www.instagram.com\/inaba_colombia\"]}]}<\/script>\n<!-- \/ Yoast SEO Premium plugin. -->","yoast_head_json":{"title":"Churu Pops de at\u00fan con pollo - INABA Colombia","robots":{"index":"index","follow":"follow","max-snippet":"max-snippet:-1","max-image-preview":"max-image-preview:large","max-video-preview":"max-video-preview:-1"},"canonical":"https:\/\/inabalatam.com\/co\/producto\/churu-pops-de-atun-con-pollo\/","og_locale":"es_ES","og_type":"article","og_title":"Churu Pops de at\u00fan con pollo","og_description":"Snack h\u00famedo elaborado con ingredientes de grado humano.\u00a0Libre de granos, colorantes y preservantes artificiales. Fortalecido con Vitamina E y t\u00e9 verde.","og_url":"https:\/\/inabalatam.com\/co\/producto\/churu-pops-de-atun-con-pollo\/","og_site_name":"INABA Colombia","article_publisher":"https:\/\/www.facebook.com\/inaba.colombia","article_modified_time":"2022-12-28T17:08:40+00:00","og_image":[{"width":700,"height":700,"url":"https:\/\/inabalatam.com\/co\/wp-content\/uploads\/2022\/12\/USA713A-Front-1.jpg","type":"image\/jpeg"}],"twitter_card":"summary_large_image","schema":{"@context":"https:\/\/schema.org","@graph":[{"@type":"WebPage","@id":"https:\/\/inabalatam.com\/co\/producto\/churu-pops-de-atun-con-pollo\/","url":"https:\/\/inabalatam.com\/co\/producto\/churu-pops-de-atun-con-pollo\/","name":"Churu Pops de at\u00fan con pollo - INABA Colombia","isPartOf":{"@id":"https:\/\/inabalatam.com\/co\/#website"},"primaryImageOfPage":{"@id":"https:\/\/inabalatam.com\/co\/producto\/churu-pops-de-atun-con-pollo\/#primaryimage"},"image":{"@id":"https:\/\/inabalatam.com\/co\/producto\/churu-pops-de-atun-con-pollo\/#primaryimage"},"thumbnailUrl":"https:\/\/inabalatam.com\/co\/wp-content\/uploads\/2022\/12\/USA713A-Front-1.jpg","datePublished":"2022-12-20T19:36:59+00:00","dateModified":"2022-12-28T17:08:40+00:00","breadcrumb":{"@id":"https:\/\/inabalatam.com\/co\/producto\/churu-pops-de-atun-con-pollo\/#breadcrumb"},"inLanguage":"es","potentialAction":[{"@type":"ReadAction","target":["https:\/\/inabalatam.com\/co\/producto\/churu-pops-de-atun-con-pollo\/"]}]},{"@type":"ImageObject","inLanguage":"es","@id":"https:\/\/inabalatam.com\/co\/producto\/churu-pops-de-atun-con-pollo\/#primaryimage","url":"https:\/\/inabalatam.com\/co\/wp-content\/uploads\/2022\/12\/USA713A-Front-1.jpg","contentUrl":"https:\/\/inabalatam.com\/co\/wp-content\/uploads\/2022\/12\/USA713A-Front-1.jpg","width":700,"height":700},{"@type":"BreadcrumbList","@id":"https:\/\/inabalatam.com\/co\/producto\/churu-pops-de-atun-con-pollo\/#breadcrumb","itemListElement":[{"@type":"ListItem","position":1,"name":"Home","item":"https:\/\/inabalatam.com\/co\/"},{"@type":"ListItem","position":2,"name":"Tienda","item":"https:\/\/inabalatam.com\/co\/tienda\/"},{"@type":"ListItem","position":3,"name":"Churu Pops de at\u00fan con pollo"}]},{"@type":"WebSite","@id":"https:\/\/inabalatam.com\/co\/#website","url":"https:\/\/inabalatam.com\/co\/","name":"INABA Colombia","description":"Snacks s\u00faper premium para mascotas","publisher":{"@id":"https:\/\/inabalatam.com\/co\/#organization"},"potentialAction":[{"@type":"SearchAction","target":{"@type":"EntryPoint","urlTemplate":"https:\/\/inabalatam.com\/co\/?s={search_term_string}"},"query-input":{"@type":"PropertyValueSpecification","valueRequired":true,"valueName":"search_term_string"}}],"inLanguage":"es"},{"@type":"Organization","@id":"https:\/\/inabalatam.com\/co\/#organization","name":"INABA Colombia","url":"https:\/\/inabalatam.com\/co\/","logo":{"@type":"ImageObject","inLanguage":"es","@id":"https:\/\/inabalatam.com\/co\/#\/schema\/logo\/image\/","url":"https:\/\/inabalatam.com\/co\/wp-content\/uploads\/2022\/12\/cropped-logo-inaba.png","contentUrl":"https:\/\/inabalatam.com\/co\/wp-content\/uploads\/2022\/12\/cropped-logo-inaba.png","width":800,"height":285,"caption":"INABA Colombia"},"image":{"@id":"https:\/\/inabalatam.com\/co\/#\/schema\/logo\/image\/"},"sameAs":["https:\/\/www.facebook.com\/inaba.colombia","https:\/\/www.instagram.com\/inaba_colombia"]}]}},"_links":{"self":[{"href":"https:\/\/inabalatam.com\/co\/wp-json\/wp\/v2\/product\/1306","targetHints":{"allow":["GET"]}}],"collection":[{"href":"https:\/\/inabalatam.com\/co\/wp-json\/wp\/v2\/product"}],"about":[{"href":"https:\/\/inabalatam.com\/co\/wp-json\/wp\/v2\/types\/product"}],"replies":[{"embeddable":true,"href":"https:\/\/inabalatam.com\/co\/wp-json\/wp\/v2\/comments?post=1306"}],"wp:featuredmedia":[{"embeddable":true,"href":"https:\/\/inabalatam.com\/co\/wp-json\/wp\/v2\/media\/1391"}],"wp:attachment":[{"href":"https:\/\/inabalatam.com\/co\/wp-json\/wp\/v2\/media?parent=1306"}],"wp:term":[{"taxonomy":"product_brand","embeddable":true,"href":"https:\/\/inabalatam.com\/co\/wp-json\/wp\/v2\/product_brand?post=1306"},{"taxonomy":"product_cat","embeddable":true,"href":"https:\/\/inabalatam.com\/co\/wp-json\/wp\/v2\/product_cat?post=1306"},{"taxonomy":"product_tag","embeddable":true,"href":"https:\/\/inabalatam.com\/co\/wp-json\/wp\/v2\/product_tag?post=1306"}],"curies":[{"name":"wp","href":"https:\/\/api.w.org\/{rel}","templated":true}]}}