{"id":312,"date":"2022-12-16T22:05:37","date_gmt":"2022-12-16T22:05:37","guid":{"rendered":"https:\/\/inaba-chile.somosflip.cl\/?post_type=product&#038;p=312"},"modified":"2022-12-28T17:06:40","modified_gmt":"2022-12-28T17:06:40","slug":"churu-de-atun","status":"publish","type":"product","link":"https:\/\/inabalatam.com\/co\/producto\/churu-de-atun\/","title":{"rendered":"Churu de at\u00fan"},"content":{"rendered":"<p><b><span lang=\"ES-MX\">Suplemento para gatos de todas las edades.<\/span><\/b><\/p>\n<p><b>Contenido neto:\u00a0<\/b>14 g x 4 (56 g)<\/p>\n<p><b>Ingredientes:\u00a0<\/b>agua, at\u00fan, tapioca, sabores naturales, goma guar, sabor natural de at\u00fan (extracto de at\u00fan), taurina, suplemento de vitamina E, extracto de t\u00e9 verde.<\/p>\n<p><strong>Instrucciones de uso:\u00a0<\/strong>dar a tu gato como premio. Una vez abierto mant\u00e9ngase refrigerado y consumir lo antes posible.<\/p>\n<p><b>An\u00e1lisis nutricional garantizado:<\/b><\/p>\n<table>\n<tbody>\n<tr>\n<td>Prote\u00edna bruta (min) 7,00%<\/td>\n<\/tr>\n<tr>\n<td>Grasa cruda (min) 0,20%<\/td>\n<\/tr>\n<tr>\n<td>Fibra bruta (m\u00e1x.) 0,30%<\/td>\n<\/tr>\n<tr>\n<td>Humedad (m\u00e1x.) 91,00%<\/td>\n<\/tr>\n<tr>\n<td>Vitamina E (min) 310 UI \/ kg<\/td>\n<\/tr>\n<tr>\n<td>Calor\u00edas: 6 Kcal\/tubo<\/td>\n<\/tr>\n<\/tbody>\n<\/table>\n<p><b><span lang=\"ES-MX\">Consumo diario recomendado<\/span><\/b><span lang=\"ES-MX\">: 4 tubos.<\/span><span lang=\"ES-MX\"><u><\/u>\u00a0<\/span><\/p>\n","protected":false},"excerpt":{"rendered":"<p>Snack cremoso elaborado con ingredientes de grado humano.\u00a0Libre de granos, colorantes y preservantes artificiales. Fortalecido con Vitamina E y t\u00e9 verde.<\/p>\n","protected":false},"featured_media":313,"comment_status":"open","ping_status":"closed","template":"","meta":[],"product_brand":[],"product_cat":[23,22,20],"product_tag":[46,45,44],"class_list":{"0":"post-312","1":"product","2":"type-product","3":"status-publish","4":"has-post-thumbnail","6":"product_cat-4-unidades","7":"product_cat-churu","8":"product_cat-gato","9":"product_tag-atun","10":"product_tag-churu","11":"product_tag-gato","13":"first","14":"instock","15":"shipping-taxable","16":"product-type-simple"},"yoast_head":"<!-- This site is optimized with the Yoast SEO Premium plugin v19.1 (Yoast SEO v26.8) - https:\/\/yoast.com\/product\/yoast-seo-premium-wordpress\/ -->\n<title>Churu de at\u00fan - INABA Colombia<\/title>\n<meta name=\"robots\" content=\"index, follow, max-snippet:-1, max-image-preview:large, max-video-preview:-1\" \/>\n<link rel=\"canonical\" href=\"https:\/\/inabalatam.com\/co\/producto\/churu-de-atun\/\" \/>\n<meta property=\"og:locale\" content=\"es_ES\" \/>\n<meta property=\"og:type\" content=\"article\" \/>\n<meta property=\"og:title\" content=\"Churu de at\u00fan\" \/>\n<meta property=\"og:description\" content=\"Snack cremoso elaborado con ingredientes de grado humano.\u00a0Libre de granos, colorantes y preservantes artificiales. Fortalecido con Vitamina E y t\u00e9 verde.\" \/>\n<meta property=\"og:url\" content=\"https:\/\/inabalatam.com\/co\/producto\/churu-de-atun\/\" \/>\n<meta property=\"og:site_name\" content=\"INABA Colombia\" \/>\n<meta property=\"article:publisher\" content=\"https:\/\/www.facebook.com\/inaba.colombia\" \/>\n<meta property=\"article:modified_time\" content=\"2022-12-28T17:06:40+00:00\" \/>\n<meta property=\"og:image\" content=\"https:\/\/inabalatam.com\/co\/wp-content\/uploads\/2022\/12\/Churu-atun-4-unidades.jpg\" \/>\n\t<meta property=\"og:image:width\" content=\"1000\" \/>\n\t<meta property=\"og:image:height\" content=\"1000\" \/>\n\t<meta property=\"og:image:type\" content=\"image\/jpeg\" \/>\n<meta name=\"twitter:card\" content=\"summary_large_image\" \/>\n<script type=\"application\/ld+json\" class=\"yoast-schema-graph\">{\"@context\":\"https:\/\/schema.org\",\"@graph\":[{\"@type\":\"WebPage\",\"@id\":\"https:\/\/inabalatam.com\/co\/producto\/churu-de-atun\/\",\"url\":\"https:\/\/inabalatam.com\/co\/producto\/churu-de-atun\/\",\"name\":\"Churu de at\u00fan - INABA Colombia\",\"isPartOf\":{\"@id\":\"https:\/\/inabalatam.com\/co\/#website\"},\"primaryImageOfPage\":{\"@id\":\"https:\/\/inabalatam.com\/co\/producto\/churu-de-atun\/#primaryimage\"},\"image\":{\"@id\":\"https:\/\/inabalatam.com\/co\/producto\/churu-de-atun\/#primaryimage\"},\"thumbnailUrl\":\"https:\/\/inabalatam.com\/co\/wp-content\/uploads\/2022\/12\/Churu-atun-4-unidades.jpg\",\"datePublished\":\"2022-12-16T22:05:37+00:00\",\"dateModified\":\"2022-12-28T17:06:40+00:00\",\"breadcrumb\":{\"@id\":\"https:\/\/inabalatam.com\/co\/producto\/churu-de-atun\/#breadcrumb\"},\"inLanguage\":\"es\",\"potentialAction\":[{\"@type\":\"ReadAction\",\"target\":[\"https:\/\/inabalatam.com\/co\/producto\/churu-de-atun\/\"]}]},{\"@type\":\"ImageObject\",\"inLanguage\":\"es\",\"@id\":\"https:\/\/inabalatam.com\/co\/producto\/churu-de-atun\/#primaryimage\",\"url\":\"https:\/\/inabalatam.com\/co\/wp-content\/uploads\/2022\/12\/Churu-atun-4-unidades.jpg\",\"contentUrl\":\"https:\/\/inabalatam.com\/co\/wp-content\/uploads\/2022\/12\/Churu-atun-4-unidades.jpg\",\"width\":1000,\"height\":1000},{\"@type\":\"BreadcrumbList\",\"@id\":\"https:\/\/inabalatam.com\/co\/producto\/churu-de-atun\/#breadcrumb\",\"itemListElement\":[{\"@type\":\"ListItem\",\"position\":1,\"name\":\"Home\",\"item\":\"https:\/\/inabalatam.com\/co\/\"},{\"@type\":\"ListItem\",\"position\":2,\"name\":\"Tienda\",\"item\":\"https:\/\/inabalatam.com\/co\/tienda\/\"},{\"@type\":\"ListItem\",\"position\":3,\"name\":\"Churu de at\u00fan\"}]},{\"@type\":\"WebSite\",\"@id\":\"https:\/\/inabalatam.com\/co\/#website\",\"url\":\"https:\/\/inabalatam.com\/co\/\",\"name\":\"INABA Colombia\",\"description\":\"Snacks s\u00faper premium para mascotas\",\"publisher\":{\"@id\":\"https:\/\/inabalatam.com\/co\/#organization\"},\"potentialAction\":[{\"@type\":\"SearchAction\",\"target\":{\"@type\":\"EntryPoint\",\"urlTemplate\":\"https:\/\/inabalatam.com\/co\/?s={search_term_string}\"},\"query-input\":{\"@type\":\"PropertyValueSpecification\",\"valueRequired\":true,\"valueName\":\"search_term_string\"}}],\"inLanguage\":\"es\"},{\"@type\":\"Organization\",\"@id\":\"https:\/\/inabalatam.com\/co\/#organization\",\"name\":\"INABA Colombia\",\"url\":\"https:\/\/inabalatam.com\/co\/\",\"logo\":{\"@type\":\"ImageObject\",\"inLanguage\":\"es\",\"@id\":\"https:\/\/inabalatam.com\/co\/#\/schema\/logo\/image\/\",\"url\":\"https:\/\/inabalatam.com\/co\/wp-content\/uploads\/2022\/12\/cropped-logo-inaba.png\",\"contentUrl\":\"https:\/\/inabalatam.com\/co\/wp-content\/uploads\/2022\/12\/cropped-logo-inaba.png\",\"width\":800,\"height\":285,\"caption\":\"INABA Colombia\"},\"image\":{\"@id\":\"https:\/\/inabalatam.com\/co\/#\/schema\/logo\/image\/\"},\"sameAs\":[\"https:\/\/www.facebook.com\/inaba.colombia\",\"https:\/\/www.instagram.com\/inaba_colombia\"]}]}<\/script>\n<!-- \/ Yoast SEO Premium plugin. -->","yoast_head_json":{"title":"Churu de at\u00fan - INABA Colombia","robots":{"index":"index","follow":"follow","max-snippet":"max-snippet:-1","max-image-preview":"max-image-preview:large","max-video-preview":"max-video-preview:-1"},"canonical":"https:\/\/inabalatam.com\/co\/producto\/churu-de-atun\/","og_locale":"es_ES","og_type":"article","og_title":"Churu de at\u00fan","og_description":"Snack cremoso elaborado con ingredientes de grado humano.\u00a0Libre de granos, colorantes y preservantes artificiales. Fortalecido con Vitamina E y t\u00e9 verde.","og_url":"https:\/\/inabalatam.com\/co\/producto\/churu-de-atun\/","og_site_name":"INABA Colombia","article_publisher":"https:\/\/www.facebook.com\/inaba.colombia","article_modified_time":"2022-12-28T17:06:40+00:00","og_image":[{"width":1000,"height":1000,"url":"https:\/\/inabalatam.com\/co\/wp-content\/uploads\/2022\/12\/Churu-atun-4-unidades.jpg","type":"image\/jpeg"}],"twitter_card":"summary_large_image","schema":{"@context":"https:\/\/schema.org","@graph":[{"@type":"WebPage","@id":"https:\/\/inabalatam.com\/co\/producto\/churu-de-atun\/","url":"https:\/\/inabalatam.com\/co\/producto\/churu-de-atun\/","name":"Churu de at\u00fan - INABA Colombia","isPartOf":{"@id":"https:\/\/inabalatam.com\/co\/#website"},"primaryImageOfPage":{"@id":"https:\/\/inabalatam.com\/co\/producto\/churu-de-atun\/#primaryimage"},"image":{"@id":"https:\/\/inabalatam.com\/co\/producto\/churu-de-atun\/#primaryimage"},"thumbnailUrl":"https:\/\/inabalatam.com\/co\/wp-content\/uploads\/2022\/12\/Churu-atun-4-unidades.jpg","datePublished":"2022-12-16T22:05:37+00:00","dateModified":"2022-12-28T17:06:40+00:00","breadcrumb":{"@id":"https:\/\/inabalatam.com\/co\/producto\/churu-de-atun\/#breadcrumb"},"inLanguage":"es","potentialAction":[{"@type":"ReadAction","target":["https:\/\/inabalatam.com\/co\/producto\/churu-de-atun\/"]}]},{"@type":"ImageObject","inLanguage":"es","@id":"https:\/\/inabalatam.com\/co\/producto\/churu-de-atun\/#primaryimage","url":"https:\/\/inabalatam.com\/co\/wp-content\/uploads\/2022\/12\/Churu-atun-4-unidades.jpg","contentUrl":"https:\/\/inabalatam.com\/co\/wp-content\/uploads\/2022\/12\/Churu-atun-4-unidades.jpg","width":1000,"height":1000},{"@type":"BreadcrumbList","@id":"https:\/\/inabalatam.com\/co\/producto\/churu-de-atun\/#breadcrumb","itemListElement":[{"@type":"ListItem","position":1,"name":"Home","item":"https:\/\/inabalatam.com\/co\/"},{"@type":"ListItem","position":2,"name":"Tienda","item":"https:\/\/inabalatam.com\/co\/tienda\/"},{"@type":"ListItem","position":3,"name":"Churu de at\u00fan"}]},{"@type":"WebSite","@id":"https:\/\/inabalatam.com\/co\/#website","url":"https:\/\/inabalatam.com\/co\/","name":"INABA Colombia","description":"Snacks s\u00faper premium para mascotas","publisher":{"@id":"https:\/\/inabalatam.com\/co\/#organization"},"potentialAction":[{"@type":"SearchAction","target":{"@type":"EntryPoint","urlTemplate":"https:\/\/inabalatam.com\/co\/?s={search_term_string}"},"query-input":{"@type":"PropertyValueSpecification","valueRequired":true,"valueName":"search_term_string"}}],"inLanguage":"es"},{"@type":"Organization","@id":"https:\/\/inabalatam.com\/co\/#organization","name":"INABA Colombia","url":"https:\/\/inabalatam.com\/co\/","logo":{"@type":"ImageObject","inLanguage":"es","@id":"https:\/\/inabalatam.com\/co\/#\/schema\/logo\/image\/","url":"https:\/\/inabalatam.com\/co\/wp-content\/uploads\/2022\/12\/cropped-logo-inaba.png","contentUrl":"https:\/\/inabalatam.com\/co\/wp-content\/uploads\/2022\/12\/cropped-logo-inaba.png","width":800,"height":285,"caption":"INABA Colombia"},"image":{"@id":"https:\/\/inabalatam.com\/co\/#\/schema\/logo\/image\/"},"sameAs":["https:\/\/www.facebook.com\/inaba.colombia","https:\/\/www.instagram.com\/inaba_colombia"]}]}},"_links":{"self":[{"href":"https:\/\/inabalatam.com\/co\/wp-json\/wp\/v2\/product\/312","targetHints":{"allow":["GET"]}}],"collection":[{"href":"https:\/\/inabalatam.com\/co\/wp-json\/wp\/v2\/product"}],"about":[{"href":"https:\/\/inabalatam.com\/co\/wp-json\/wp\/v2\/types\/product"}],"replies":[{"embeddable":true,"href":"https:\/\/inabalatam.com\/co\/wp-json\/wp\/v2\/comments?post=312"}],"wp:featuredmedia":[{"embeddable":true,"href":"https:\/\/inabalatam.com\/co\/wp-json\/wp\/v2\/media\/313"}],"wp:attachment":[{"href":"https:\/\/inabalatam.com\/co\/wp-json\/wp\/v2\/media?parent=312"}],"wp:term":[{"taxonomy":"product_brand","embeddable":true,"href":"https:\/\/inabalatam.com\/co\/wp-json\/wp\/v2\/product_brand?post=312"},{"taxonomy":"product_cat","embeddable":true,"href":"https:\/\/inabalatam.com\/co\/wp-json\/wp\/v2\/product_cat?post=312"},{"taxonomy":"product_tag","embeddable":true,"href":"https:\/\/inabalatam.com\/co\/wp-json\/wp\/v2\/product_tag?post=312"}],"curies":[{"name":"wp","href":"https:\/\/api.w.org\/{rel}","templated":true}]}}