{"id":422,"date":"2022-12-16T23:13:50","date_gmt":"2022-12-16T23:13:50","guid":{"rendered":"https:\/\/inaba-chile.somosflip.cl\/?post_type=product&#038;p=422"},"modified":"2025-07-30T14:43:20","modified_gmt":"2025-07-30T14:43:20","slug":"snack-para-perros-dog-churu-de-pollo-con-salmon","status":"publish","type":"product","link":"https:\/\/inabalatam.com\/co\/producto\/snack-para-perros-dog-churu-de-pollo-con-salmon\/","title":{"rendered":"Dog Churu de pollo con salm\u00f3n"},"content":{"rendered":"<p><b>Suplemento para perros de todas las edades.<\/b><\/p>\n<p><b>Contenido neto: 14 g x 4 (56 g)<\/b><\/p>\n<p><strong>Ingredientes: <\/strong>agua, pollo, tapioca, salm\u00f3n, saborizante natural de pollo (extracto de pollo), goma guar, extracto de levadura, gelatina, suplemento de vitamina E, extracto de t\u00e9 verde.<\/p>\n<p><b>Instrucciones de uso: <\/b>dar a tu perro como premio. Una vez abierto mant\u00e9ngase refrigerado y consumir lo antes posible.<\/p>\n<table>\n<tbody>\n<tr>\n<td><b>An\u00e1lisis nutricional garantizado<\/b><\/td>\n<\/tr>\n<tr>\n<td>Prote\u00edna cruda (min): 6,5%<\/td>\n<\/tr>\n<tr>\n<td>Fibra cruda (m\u00e1x): 0,3%<\/td>\n<\/tr>\n<tr>\n<td>Grasas (min): 0,2%<\/td>\n<\/tr>\n<tr>\n<td>Humedad (m\u00e1x): 91%<\/td>\n<\/tr>\n<tr>\n<td>Calor\u00edas: 8,6 kcal\/tubo<\/td>\n<\/tr>\n<\/tbody>\n<\/table>\n<p><b>Consumo diario recomendado<\/b>: 4 tubos.<\/p>\n<p>______________________________________________<\/p>\n<p><strong>Dog Churu de Pollo<\/strong> <strong>con salm\u00f3n<\/strong> es un <strong>snack para perros<\/strong> que transforma el momento del premio en una experiencia deliciosa y saludable. Distribuido por <strong>INABA Colombia<\/strong>, este producto contiene ingredientes de grado humano, por lo que puedes estar tranquilo\/a al ofrecerle a tu perro una golosina nutritiva, libre de granos, conservantes artificiales y colorantes.<\/p>\n<p>Cada envase incluye <strong>4 tubos individuales de sabor pollo con salm\u00f3n,<\/strong> f\u00e1ciles de servir directamente desde el sobre o para complementar el alimento seco. Su textura cremosa es ideal para perros de todas las edades, especialmente aquellos con dificultades para masticar.<\/p>\n<p>Adem\u00e1s de su sabor irresistible, D<strong>og Churu de Pollo con salm\u00f3n<\/strong> est\u00e1 <strong>fortalecido con Vitamina E<\/strong> (un potente antioxidante) y <strong>t\u00e9 verde<\/strong>, que contribuyen al bienestar general y la salud del pelaje. Esta combinaci\u00f3n hace que no sea solo un premio, sino tambi\u00e9n un alimento funcional que apoya el sistema inmunol\u00f3gico.<\/p>\n<p>Este <strong>snack h\u00famedo para perros<\/strong> es perfecto para el adiestramiento, como forma de reforzamiento positivo o simplemente para consentir a tu mascota. Puede usarse como golosina directa, topping para croquetas o en juguetes rellenables para mayor entretenimiento.<\/p>\n<p>En <strong>INABA Colombia<\/strong> creemos que la nutrici\u00f3n debe ir de la mano con el cari\u00f1o, por eso cada <strong>Dog Churu<\/strong> es producido bajo los m\u00e1s altos est\u00e1ndares de calidad. Es un producto recomendado por veterinarios y amado por perros en todo el mundo.<\/p>\n<p>\u00bfBuscas m\u00e1s sabores? Descubre toda la l\u00ednea Dog Churu y encuentra el favorito de tu peludo.<\/p>\n<p>______________________________________________<\/p>\n<p data-start=\"2996\" data-end=\"3083\">Ver todos los sabores de <a href=\"\/categoria-producto\/perro\/dog-churu\/\" target=\"_blank\" rel=\"noopener\">Dog Churu<\/a><\/p>\n<p data-start=\"3086\" data-end=\"3174\">Conoce m\u00e1s sobre Churu en <a href=\"https:\/\/inabafoods.com\" target=\"_blank\" rel=\"noopener\">Inaba Global<\/a><\/p>\n","protected":false},"excerpt":{"rendered":"<p>Snack cremoso elaborado con ingredientes de grado humano. Libre de granos, colorantes y preservantes artificiales. Fortalecido con Vitamina E y t\u00e9 verde.<\/p>\n","protected":false},"featured_media":1744,"comment_status":"open","ping_status":"closed","template":"","meta":[],"product_brand":[],"product_cat":[40,39,71],"product_tag":[65,64,48,49],"class_list":{"0":"post-422","1":"product","2":"type-product","3":"status-publish","4":"has-post-thumbnail","6":"product_cat-4-unidades-dog-churu","7":"product_cat-dog-churu","8":"product_cat-perro","9":"product_tag-dog-churu","10":"product_tag-perro","11":"product_tag-pollo","12":"product_tag-salmon","14":"first","15":"instock","16":"shipping-taxable","17":"product-type-simple"},"yoast_head":"<!-- This site is optimized with the Yoast SEO Premium plugin v19.1 (Yoast SEO v26.8) - https:\/\/yoast.com\/product\/yoast-seo-premium-wordpress\/ -->\n<title>Dog Churu Pollo con Salm\u00f3n - Snack para perros 4 unidades - INABA Colombia<\/title>\n<meta name=\"description\" content=\"Dog Churu Pollo con Salm\u00f3n, un snack para perros hecho con ingredientes de grado humano. Bajo en calor\u00edas, sin granos ni conservantes artificiales. Colombia\" \/>\n<meta name=\"robots\" content=\"index, follow, max-snippet:-1, max-image-preview:large, max-video-preview:-1\" \/>\n<link rel=\"canonical\" href=\"https:\/\/inabalatam.com\/co\/producto\/snack-para-perros-dog-churu-de-pollo-con-salmon\/\" \/>\n<meta property=\"og:locale\" content=\"es_ES\" \/>\n<meta property=\"og:type\" content=\"article\" \/>\n<meta property=\"og:title\" content=\"Dog Churu de pollo con salm\u00f3n\" \/>\n<meta property=\"og:description\" content=\"Dog Churu Pollo con Salm\u00f3n, un snack para perros hecho con ingredientes de grado humano. Bajo en calor\u00edas, sin granos ni conservantes artificiales. Colombia\" \/>\n<meta property=\"og:url\" content=\"https:\/\/inabalatam.com\/co\/producto\/snack-para-perros-dog-churu-de-pollo-con-salmon\/\" \/>\n<meta property=\"og:site_name\" content=\"INABA Colombia\" \/>\n<meta property=\"article:publisher\" content=\"https:\/\/www.facebook.com\/inaba.colombia\" \/>\n<meta property=\"article:modified_time\" content=\"2025-07-30T14:43:20+00:00\" \/>\n<meta property=\"og:image\" content=\"https:\/\/inabalatam.com\/co\/wp-content\/uploads\/2022\/12\/dog-churu-pollo-salmon-inaba-colombia.jpg\" \/>\n\t<meta property=\"og:image:width\" content=\"1000\" \/>\n\t<meta property=\"og:image:height\" content=\"1000\" \/>\n\t<meta property=\"og:image:type\" content=\"image\/jpeg\" \/>\n<meta name=\"twitter:card\" content=\"summary_large_image\" \/>\n<meta name=\"twitter:label1\" content=\"Tiempo de lectura\" \/>\n\t<meta name=\"twitter:data1\" content=\"2 minutos\" \/>\n<script type=\"application\/ld+json\" class=\"yoast-schema-graph\">{\"@context\":\"https:\/\/schema.org\",\"@graph\":[{\"@type\":\"WebPage\",\"@id\":\"https:\/\/inabalatam.com\/co\/producto\/snack-para-perros-dog-churu-de-pollo-con-salmon\/\",\"url\":\"https:\/\/inabalatam.com\/co\/producto\/snack-para-perros-dog-churu-de-pollo-con-salmon\/\",\"name\":\"Dog Churu Pollo con Salm\u00f3n - Snack para perros 4 unidades - INABA Colombia\",\"isPartOf\":{\"@id\":\"https:\/\/inabalatam.com\/co\/#website\"},\"primaryImageOfPage\":{\"@id\":\"https:\/\/inabalatam.com\/co\/producto\/snack-para-perros-dog-churu-de-pollo-con-salmon\/#primaryimage\"},\"image\":{\"@id\":\"https:\/\/inabalatam.com\/co\/producto\/snack-para-perros-dog-churu-de-pollo-con-salmon\/#primaryimage\"},\"thumbnailUrl\":\"https:\/\/inabalatam.com\/co\/wp-content\/uploads\/2022\/12\/dog-churu-pollo-salmon-inaba-colombia.jpg\",\"datePublished\":\"2022-12-16T23:13:50+00:00\",\"dateModified\":\"2025-07-30T14:43:20+00:00\",\"description\":\"Dog Churu Pollo con Salm\u00f3n, un snack para perros hecho con ingredientes de grado humano. Bajo en calor\u00edas, sin granos ni conservantes artificiales. Colombia\",\"breadcrumb\":{\"@id\":\"https:\/\/inabalatam.com\/co\/producto\/snack-para-perros-dog-churu-de-pollo-con-salmon\/#breadcrumb\"},\"inLanguage\":\"es\",\"potentialAction\":[{\"@type\":\"ReadAction\",\"target\":[\"https:\/\/inabalatam.com\/co\/producto\/snack-para-perros-dog-churu-de-pollo-con-salmon\/\"]}]},{\"@type\":\"ImageObject\",\"inLanguage\":\"es\",\"@id\":\"https:\/\/inabalatam.com\/co\/producto\/snack-para-perros-dog-churu-de-pollo-con-salmon\/#primaryimage\",\"url\":\"https:\/\/inabalatam.com\/co\/wp-content\/uploads\/2022\/12\/dog-churu-pollo-salmon-inaba-colombia.jpg\",\"contentUrl\":\"https:\/\/inabalatam.com\/co\/wp-content\/uploads\/2022\/12\/dog-churu-pollo-salmon-inaba-colombia.jpg\",\"width\":1000,\"height\":1000,\"caption\":\"Dog Churu sabor pollo con salm\u00f3n, golosina funcional para perros exigentes\"},{\"@type\":\"BreadcrumbList\",\"@id\":\"https:\/\/inabalatam.com\/co\/producto\/snack-para-perros-dog-churu-de-pollo-con-salmon\/#breadcrumb\",\"itemListElement\":[{\"@type\":\"ListItem\",\"position\":1,\"name\":\"Home\",\"item\":\"https:\/\/inabalatam.com\/co\/\"},{\"@type\":\"ListItem\",\"position\":2,\"name\":\"Tienda\",\"item\":\"https:\/\/inabalatam.com\/co\/tienda\/\"},{\"@type\":\"ListItem\",\"position\":3,\"name\":\"Dog Churu de pollo con salm\u00f3n\"}]},{\"@type\":\"WebSite\",\"@id\":\"https:\/\/inabalatam.com\/co\/#website\",\"url\":\"https:\/\/inabalatam.com\/co\/\",\"name\":\"INABA Colombia\",\"description\":\"Snacks s\u00faper premium para mascotas\",\"publisher\":{\"@id\":\"https:\/\/inabalatam.com\/co\/#organization\"},\"potentialAction\":[{\"@type\":\"SearchAction\",\"target\":{\"@type\":\"EntryPoint\",\"urlTemplate\":\"https:\/\/inabalatam.com\/co\/?s={search_term_string}\"},\"query-input\":{\"@type\":\"PropertyValueSpecification\",\"valueRequired\":true,\"valueName\":\"search_term_string\"}}],\"inLanguage\":\"es\"},{\"@type\":\"Organization\",\"@id\":\"https:\/\/inabalatam.com\/co\/#organization\",\"name\":\"INABA Colombia\",\"url\":\"https:\/\/inabalatam.com\/co\/\",\"logo\":{\"@type\":\"ImageObject\",\"inLanguage\":\"es\",\"@id\":\"https:\/\/inabalatam.com\/co\/#\/schema\/logo\/image\/\",\"url\":\"https:\/\/inabalatam.com\/co\/wp-content\/uploads\/2022\/12\/cropped-logo-inaba.png\",\"contentUrl\":\"https:\/\/inabalatam.com\/co\/wp-content\/uploads\/2022\/12\/cropped-logo-inaba.png\",\"width\":800,\"height\":285,\"caption\":\"INABA Colombia\"},\"image\":{\"@id\":\"https:\/\/inabalatam.com\/co\/#\/schema\/logo\/image\/\"},\"sameAs\":[\"https:\/\/www.facebook.com\/inaba.colombia\",\"https:\/\/www.instagram.com\/inaba_colombia\"]}]}<\/script>\n<!-- \/ Yoast SEO Premium plugin. -->","yoast_head_json":{"title":"Dog Churu Pollo con Salm\u00f3n - Snack para perros 4 unidades - INABA Colombia","description":"Dog Churu Pollo con Salm\u00f3n, un snack para perros hecho con ingredientes de grado humano. Bajo en calor\u00edas, sin granos ni conservantes artificiales. Colombia","robots":{"index":"index","follow":"follow","max-snippet":"max-snippet:-1","max-image-preview":"max-image-preview:large","max-video-preview":"max-video-preview:-1"},"canonical":"https:\/\/inabalatam.com\/co\/producto\/snack-para-perros-dog-churu-de-pollo-con-salmon\/","og_locale":"es_ES","og_type":"article","og_title":"Dog Churu de pollo con salm\u00f3n","og_description":"Dog Churu Pollo con Salm\u00f3n, un snack para perros hecho con ingredientes de grado humano. Bajo en calor\u00edas, sin granos ni conservantes artificiales. Colombia","og_url":"https:\/\/inabalatam.com\/co\/producto\/snack-para-perros-dog-churu-de-pollo-con-salmon\/","og_site_name":"INABA Colombia","article_publisher":"https:\/\/www.facebook.com\/inaba.colombia","article_modified_time":"2025-07-30T14:43:20+00:00","og_image":[{"width":1000,"height":1000,"url":"https:\/\/inabalatam.com\/co\/wp-content\/uploads\/2022\/12\/dog-churu-pollo-salmon-inaba-colombia.jpg","type":"image\/jpeg"}],"twitter_card":"summary_large_image","twitter_misc":{"Tiempo de lectura":"2 minutos"},"schema":{"@context":"https:\/\/schema.org","@graph":[{"@type":"WebPage","@id":"https:\/\/inabalatam.com\/co\/producto\/snack-para-perros-dog-churu-de-pollo-con-salmon\/","url":"https:\/\/inabalatam.com\/co\/producto\/snack-para-perros-dog-churu-de-pollo-con-salmon\/","name":"Dog Churu Pollo con Salm\u00f3n - Snack para perros 4 unidades - INABA Colombia","isPartOf":{"@id":"https:\/\/inabalatam.com\/co\/#website"},"primaryImageOfPage":{"@id":"https:\/\/inabalatam.com\/co\/producto\/snack-para-perros-dog-churu-de-pollo-con-salmon\/#primaryimage"},"image":{"@id":"https:\/\/inabalatam.com\/co\/producto\/snack-para-perros-dog-churu-de-pollo-con-salmon\/#primaryimage"},"thumbnailUrl":"https:\/\/inabalatam.com\/co\/wp-content\/uploads\/2022\/12\/dog-churu-pollo-salmon-inaba-colombia.jpg","datePublished":"2022-12-16T23:13:50+00:00","dateModified":"2025-07-30T14:43:20+00:00","description":"Dog Churu Pollo con Salm\u00f3n, un snack para perros hecho con ingredientes de grado humano. Bajo en calor\u00edas, sin granos ni conservantes artificiales. Colombia","breadcrumb":{"@id":"https:\/\/inabalatam.com\/co\/producto\/snack-para-perros-dog-churu-de-pollo-con-salmon\/#breadcrumb"},"inLanguage":"es","potentialAction":[{"@type":"ReadAction","target":["https:\/\/inabalatam.com\/co\/producto\/snack-para-perros-dog-churu-de-pollo-con-salmon\/"]}]},{"@type":"ImageObject","inLanguage":"es","@id":"https:\/\/inabalatam.com\/co\/producto\/snack-para-perros-dog-churu-de-pollo-con-salmon\/#primaryimage","url":"https:\/\/inabalatam.com\/co\/wp-content\/uploads\/2022\/12\/dog-churu-pollo-salmon-inaba-colombia.jpg","contentUrl":"https:\/\/inabalatam.com\/co\/wp-content\/uploads\/2022\/12\/dog-churu-pollo-salmon-inaba-colombia.jpg","width":1000,"height":1000,"caption":"Dog Churu sabor pollo con salm\u00f3n, golosina funcional para perros exigentes"},{"@type":"BreadcrumbList","@id":"https:\/\/inabalatam.com\/co\/producto\/snack-para-perros-dog-churu-de-pollo-con-salmon\/#breadcrumb","itemListElement":[{"@type":"ListItem","position":1,"name":"Home","item":"https:\/\/inabalatam.com\/co\/"},{"@type":"ListItem","position":2,"name":"Tienda","item":"https:\/\/inabalatam.com\/co\/tienda\/"},{"@type":"ListItem","position":3,"name":"Dog Churu de pollo con salm\u00f3n"}]},{"@type":"WebSite","@id":"https:\/\/inabalatam.com\/co\/#website","url":"https:\/\/inabalatam.com\/co\/","name":"INABA Colombia","description":"Snacks s\u00faper premium para mascotas","publisher":{"@id":"https:\/\/inabalatam.com\/co\/#organization"},"potentialAction":[{"@type":"SearchAction","target":{"@type":"EntryPoint","urlTemplate":"https:\/\/inabalatam.com\/co\/?s={search_term_string}"},"query-input":{"@type":"PropertyValueSpecification","valueRequired":true,"valueName":"search_term_string"}}],"inLanguage":"es"},{"@type":"Organization","@id":"https:\/\/inabalatam.com\/co\/#organization","name":"INABA Colombia","url":"https:\/\/inabalatam.com\/co\/","logo":{"@type":"ImageObject","inLanguage":"es","@id":"https:\/\/inabalatam.com\/co\/#\/schema\/logo\/image\/","url":"https:\/\/inabalatam.com\/co\/wp-content\/uploads\/2022\/12\/cropped-logo-inaba.png","contentUrl":"https:\/\/inabalatam.com\/co\/wp-content\/uploads\/2022\/12\/cropped-logo-inaba.png","width":800,"height":285,"caption":"INABA Colombia"},"image":{"@id":"https:\/\/inabalatam.com\/co\/#\/schema\/logo\/image\/"},"sameAs":["https:\/\/www.facebook.com\/inaba.colombia","https:\/\/www.instagram.com\/inaba_colombia"]}]}},"_links":{"self":[{"href":"https:\/\/inabalatam.com\/co\/wp-json\/wp\/v2\/product\/422","targetHints":{"allow":["GET"]}}],"collection":[{"href":"https:\/\/inabalatam.com\/co\/wp-json\/wp\/v2\/product"}],"about":[{"href":"https:\/\/inabalatam.com\/co\/wp-json\/wp\/v2\/types\/product"}],"replies":[{"embeddable":true,"href":"https:\/\/inabalatam.com\/co\/wp-json\/wp\/v2\/comments?post=422"}],"wp:featuredmedia":[{"embeddable":true,"href":"https:\/\/inabalatam.com\/co\/wp-json\/wp\/v2\/media\/1744"}],"wp:attachment":[{"href":"https:\/\/inabalatam.com\/co\/wp-json\/wp\/v2\/media?parent=422"}],"wp:term":[{"taxonomy":"product_brand","embeddable":true,"href":"https:\/\/inabalatam.com\/co\/wp-json\/wp\/v2\/product_brand?post=422"},{"taxonomy":"product_cat","embeddable":true,"href":"https:\/\/inabalatam.com\/co\/wp-json\/wp\/v2\/product_cat?post=422"},{"taxonomy":"product_tag","embeddable":true,"href":"https:\/\/inabalatam.com\/co\/wp-json\/wp\/v2\/product_tag?post=422"}],"curies":[{"name":"wp","href":"https:\/\/api.w.org\/{rel}","templated":true}]}}