{"id":1687,"date":"2023-05-20T23:26:39","date_gmt":"2023-05-20T23:26:39","guid":{"rendered":"https:\/\/inaba-guatemala.somosflip.cl\/?post_type=product&#038;p=1687"},"modified":"2023-05-22T01:02:00","modified_gmt":"2023-05-22T01:02:00","slug":"grilled-tuna-extra-tender-in-tuna-broth","status":"publish","type":"product","link":"https:\/\/inabalatam.com\/gt\/producto\/grilled-tuna-extra-tender-in-tuna-broth\/","title":{"rendered":"Filete de At\u00fan Extra Tierno en Caldo de At\u00fan"},"content":{"rendered":"<p><b>Suplemento para gatos de todas las edades.<\/b><\/p>\n<p><b>Contenido neto: 15 gr<\/b><\/p>\n<p><strong>Ingredientes: <\/strong>at\u00fan, caldo sabor natural de at\u00fan, tapioca, col\u00e1geno, goma guar, suplemento de Vitamina E, extracto de t\u00e9 verde.<\/p>\n<p><b>Instrucciones de uso:\u00a0<\/b>dar a tu gato como premio. Una vez abierto mant\u00e9ngase refrigerado y consumir lo antes posible.<\/p>\n<p><strong>An\u00e1lisis nutricional garantizado:<\/strong><\/p>\n<table>\n<tbody>\n<tr>\n<td>Proteina Cruda<\/td>\n<td>(Min)<\/td>\n<td>26,50%<\/td>\n<\/tr>\n<tr>\n<td>Grasa Cruda<\/td>\n<td>(Min)<\/td>\n<td>0,80%<\/td>\n<\/tr>\n<tr>\n<td>Fibra Cruda<\/td>\n<td>(Max)<\/td>\n<td>0,50%<\/td>\n<\/tr>\n<tr>\n<td>Humedad<\/td>\n<td>(Max)<\/td>\n<td>71,00%<\/td>\n<\/tr>\n<tr>\n<td>Vitamina E<\/td>\n<td>(Min)<\/td>\n<td>14 IU\/kg<\/td>\n<\/tr>\n<tr>\n<td>Calor\u00edas<\/td>\n<td>(Max)<\/td>\n<td>19 kcal<\/td>\n<\/tr>\n<\/tbody>\n<\/table>\n","protected":false},"excerpt":{"rendered":"<p>Saludables filetes ricos en prote\u00ednas reposados en un caldo rico en antioxidantes.<\/p>\n","protected":false},"featured_media":1715,"comment_status":"open","ping_status":"closed","template":"","meta":[],"product_cat":[20,76,77],"product_tag":[46,44,58],"class_list":["post-1687","product","type-product","status-publish","has-post-thumbnail","hentry","product_cat-gato","product_cat-grilled-fillet","product_cat-tuna-fillet","product_tag-atun","product_tag-gato","product_tag-grilled-fillet"],"_links":{"self":[{"href":"https:\/\/inabalatam.com\/gt\/wp-json\/wp\/v2\/product\/1687","targetHints":{"allow":["GET"]}}],"collection":[{"href":"https:\/\/inabalatam.com\/gt\/wp-json\/wp\/v2\/product"}],"about":[{"href":"https:\/\/inabalatam.com\/gt\/wp-json\/wp\/v2\/types\/product"}],"replies":[{"embeddable":true,"href":"https:\/\/inabalatam.com\/gt\/wp-json\/wp\/v2\/comments?post=1687"}],"wp:featuredmedia":[{"embeddable":true,"href":"https:\/\/inabalatam.com\/gt\/wp-json\/wp\/v2\/media\/1715"}],"wp:attachment":[{"href":"https:\/\/inabalatam.com\/gt\/wp-json\/wp\/v2\/media?parent=1687"}],"wp:term":[{"taxonomy":"product_cat","embeddable":true,"href":"https:\/\/inabalatam.com\/gt\/wp-json\/wp\/v2\/product_cat?post=1687"},{"taxonomy":"product_tag","embeddable":true,"href":"https:\/\/inabalatam.com\/gt\/wp-json\/wp\/v2\/product_tag?post=1687"}],"curies":[{"name":"wp","href":"https:\/\/api.w.org\/{rel}","templated":true}]}}