{"id":620,"date":"2022-12-17T05:18:05","date_gmt":"2022-12-17T05:18:05","guid":{"rendered":"https:\/\/inaba-peru.somosflip.cl\/?page_id=620"},"modified":"2024-12-18T21:21:29","modified_gmt":"2024-12-18T21:21:29","slug":"quiero-vender","status":"publish","type":"page","link":"https:\/\/inabalatam.com\/mx\/quiero-vender\/","title":{"rendered":"Quiero vender"},"content":{"rendered":"\t\t<div data-elementor-type=\"wp-page\" data-elementor-id=\"620\" class=\"elementor elementor-620\">\n\t\t\t\t\t\t<section class=\"elementor-section elementor-top-section elementor-element elementor-element-a7a68a9 elementor-section-stretched elementor-section-full_width elementor-section-height-default elementor-section-height-default\" data-id=\"a7a68a9\" data-element_type=\"section\" data-e-type=\"section\" data-settings=\"{&quot;stretch_section&quot;:&quot;section-stretched&quot;,&quot;background_background&quot;:&quot;classic&quot;}\">\n\t\t\t\t\t\t\t<div class=\"elementor-background-overlay\"><\/div>\n\t\t\t\t\t\t\t<div class=\"elementor-container elementor-column-gap-default\">\n\t\t\t\t\t<div class=\"elementor-column elementor-col-100 elementor-top-column elementor-element elementor-element-858e5f8\" data-id=\"858e5f8\" data-element_type=\"column\" data-e-type=\"column\">\n\t\t\t<div class=\"elementor-widget-wrap elementor-element-populated\">\n\t\t\t\t\t\t<div class=\"elementor-element elementor-element-52a5b8e elementor-widget elementor-widget-spacer\" data-id=\"52a5b8e\" data-element_type=\"widget\" data-e-type=\"widget\" data-widget_type=\"spacer.default\">\n\t\t\t\t<div class=\"elementor-widget-container\">\n\t\t\t\t\t\t\t<div class=\"elementor-spacer\">\n\t\t\t<div class=\"elementor-spacer-inner\"><\/div>\n\t\t<\/div>\n\t\t\t\t\t\t<\/div>\n\t\t\t\t<\/div>\n\t\t\t\t<div class=\"elementor-element elementor-element-2aab4df elementor-widget elementor-widget-heading\" data-id=\"2aab4df\" data-element_type=\"widget\" data-e-type=\"widget\" data-widget_type=\"heading.default\">\n\t\t\t\t<div class=\"elementor-widget-container\">\n\t\t\t\t\t<h2 class=\"elementor-heading-title elementor-size-xl\">Quiero vender<\/h2>\t\t\t\t<\/div>\n\t\t\t\t<\/div>\n\t\t\t\t<div class=\"elementor-element elementor-element-3ceb588 elementor-widget elementor-widget-spacer\" data-id=\"3ceb588\" data-element_type=\"widget\" data-e-type=\"widget\" data-widget_type=\"spacer.default\">\n\t\t\t\t<div class=\"elementor-widget-container\">\n\t\t\t\t\t\t\t<div class=\"elementor-spacer\">\n\t\t\t<div class=\"elementor-spacer-inner\"><\/div>\n\t\t<\/div>\n\t\t\t\t\t\t<\/div>\n\t\t\t\t<\/div>\n\t\t\t\t\t<\/div>\n\t\t<\/div>\n\t\t\t\t\t<\/div>\n\t\t<\/section>\n\t\t\t\t<section class=\"elementor-section elementor-top-section elementor-element elementor-element-d5a6994 elementor-reverse-mobile elementor-section-boxed elementor-section-height-default elementor-section-height-default\" data-id=\"d5a6994\" data-element_type=\"section\" data-e-type=\"section\" data-settings=\"{&quot;background_background&quot;:&quot;classic&quot;}\">\n\t\t\t\t\t\t<div class=\"elementor-container elementor-column-gap-default\">\n\t\t\t\t\t<div class=\"elementor-column elementor-col-50 elementor-top-column elementor-element elementor-element-153de31\" data-id=\"153de31\" data-element_type=\"column\" data-e-type=\"column\" data-settings=\"{&quot;background_background&quot;:&quot;classic&quot;}\">\n\t\t\t<div class=\"elementor-widget-wrap elementor-element-populated\">\n\t\t\t\t\t\t<div class=\"elementor-element elementor-element-18d36fb elementor-widget elementor-widget-text-editor\" data-id=\"18d36fb\" data-element_type=\"widget\" data-e-type=\"widget\" data-widget_type=\"text-editor.default\">\n\t\t\t\t<div class=\"elementor-widget-container\">\n\t\t\t\t\t\t\t\t\t<p>\u00bfTe gustar\u00eda vender nuestros productos?<br \/>Completa este formulario y nos contactaremos contigo.<\/p>\t\t\t\t\t\t\t\t<\/div>\n\t\t\t\t<\/div>\n\t\t\t\t<div class=\"elementor-element elementor-element-150ac03 elementor-button-align-stretch elementor-widget elementor-widget-form\" data-id=\"150ac03\" data-element_type=\"widget\" data-e-type=\"widget\" data-settings=\"{&quot;step_next_label&quot;:&quot;Next&quot;,&quot;step_previous_label&quot;:&quot;Previous&quot;,&quot;button_width&quot;:&quot;100&quot;,&quot;step_type&quot;:&quot;number_text&quot;,&quot;step_icon_shape&quot;:&quot;circle&quot;}\" data-widget_type=\"form.default\">\n\t\t\t\t<div class=\"elementor-widget-container\">\n\t\t\t\t\t\t\t<form class=\"elementor-form\" method=\"post\" name=\"Formulario Venta\">\n\t\t\t<input type=\"hidden\" name=\"post_id\" value=\"620\"\/>\n\t\t\t<input type=\"hidden\" name=\"form_id\" value=\"150ac03\"\/>\n\t\t\t<input type=\"hidden\" name=\"referer_title\" value=\"\" \/>\n\n\t\t\t\n\t\t\t<div class=\"elementor-form-fields-wrapper elementor-labels-\">\n\t\t\t\t\t\t\t\t<div class=\"elementor-field-type-text elementor-field-group elementor-column elementor-field-group-nombre_venta elementor-col-50\">\n\t\t\t\t\t\t\t\t\t\t\t\t<label for=\"form-field-nombre_venta\" class=\"elementor-field-label elementor-screen-only\">\n\t\t\t\t\t\t\t\tNombre\t\t\t\t\t\t\t<\/label>\n\t\t\t\t\t\t\t\t\t\t\t\t\t\t<input size=\"1\" type=\"text\" name=\"form_fields[nombre_venta]\" id=\"form-field-nombre_venta\" class=\"elementor-field elementor-size-sm  elementor-field-textual\" placeholder=\"Nombre\">\n\t\t\t\t\t\t\t\t\t\t\t<\/div>\n\t\t\t\t\t\t\t\t<div class=\"elementor-field-type-text elementor-field-group elementor-column elementor-field-group-apellido_venta elementor-col-50\">\n\t\t\t\t\t\t\t\t\t\t\t\t<label for=\"form-field-apellido_venta\" class=\"elementor-field-label elementor-screen-only\">\n\t\t\t\t\t\t\t\tApellido\t\t\t\t\t\t\t<\/label>\n\t\t\t\t\t\t\t\t\t\t\t\t\t\t<input size=\"1\" type=\"text\" name=\"form_fields[apellido_venta]\" id=\"form-field-apellido_venta\" class=\"elementor-field elementor-size-sm  elementor-field-textual\" placeholder=\"Apellido\">\n\t\t\t\t\t\t\t\t\t\t\t<\/div>\n\t\t\t\t\t\t\t\t<div class=\"elementor-field-type-text elementor-field-group elementor-column elementor-field-group-rfc_venta elementor-col-50\">\n\t\t\t\t\t\t\t\t\t\t\t\t<label for=\"form-field-rfc_venta\" class=\"elementor-field-label elementor-screen-only\">\n\t\t\t\t\t\t\t\tRFC de la empresa\t\t\t\t\t\t\t<\/label>\n\t\t\t\t\t\t\t\t\t\t\t\t\t\t<input size=\"1\" type=\"text\" name=\"form_fields[rfc_venta]\" id=\"form-field-rfc_venta\" class=\"elementor-field elementor-size-sm  elementor-field-textual\" placeholder=\"RFC de la empresa\">\n\t\t\t\t\t\t\t\t\t\t\t<\/div>\n\t\t\t\t\t\t\t\t<div class=\"elementor-field-type-text elementor-field-group elementor-column elementor-field-group-tienda_venta elementor-col-50\">\n\t\t\t\t\t\t\t\t\t\t\t\t<label for=\"form-field-tienda_venta\" class=\"elementor-field-label elementor-screen-only\">\n\t\t\t\t\t\t\t\tTienda\t\t\t\t\t\t\t<\/label>\n\t\t\t\t\t\t\t\t\t\t\t\t\t\t<input size=\"1\" type=\"text\" name=\"form_fields[tienda_venta]\" id=\"form-field-tienda_venta\" class=\"elementor-field elementor-size-sm  elementor-field-textual\" placeholder=\"Nombre de la tienda o cl\u00ednica\">\n\t\t\t\t\t\t\t\t\t\t\t<\/div>\n\t\t\t\t\t\t\t\t<div class=\"elementor-field-type-tel elementor-field-group elementor-column elementor-field-group-telefono_venta elementor-col-50\">\n\t\t\t\t\t\t\t\t\t\t\t\t<label for=\"form-field-telefono_venta\" class=\"elementor-field-label elementor-screen-only\">\n\t\t\t\t\t\t\t\tTel\u00e9fono\t\t\t\t\t\t\t<\/label>\n\t\t\t\t\t\t\t\t<input size=\"1\" type=\"tel\" name=\"form_fields[telefono_venta]\" id=\"form-field-telefono_venta\" class=\"elementor-field elementor-size-sm  elementor-field-textual\" placeholder=\"N\u00famero de tel\u00e9fono\" pattern=\"[0-9()#&amp;+*-=.]+\" title=\"Only numbers and phone characters (#, -, *, etc) are accepted.\">\n\n\t\t\t\t\t\t<\/div>\n\t\t\t\t\t\t\t\t<div class=\"elementor-field-type-email elementor-field-group elementor-column elementor-field-group-correo_vendedor elementor-col-50\">\n\t\t\t\t\t\t\t\t\t\t\t\t<label for=\"form-field-correo_vendedor\" class=\"elementor-field-label elementor-screen-only\">\n\t\t\t\t\t\t\t\tCorreo electr\u00f3nico\t\t\t\t\t\t\t<\/label>\n\t\t\t\t\t\t\t\t\t\t\t\t\t\t<input size=\"1\" type=\"email\" name=\"form_fields[correo_vendedor]\" id=\"form-field-correo_vendedor\" class=\"elementor-field elementor-size-sm  elementor-field-textual\" placeholder=\"Correo electr\u00f3nico\">\n\t\t\t\t\t\t\t\t\t\t\t<\/div>\n\t\t\t\t\t\t\t\t<div class=\"elementor-field-type-select elementor-field-group elementor-column elementor-field-group-estado_venta elementor-col-50\">\n\t\t\t\t\t\t\t\t\t\t\t\t<label for=\"form-field-estado_venta\" class=\"elementor-field-label elementor-screen-only\">\n\t\t\t\t\t\t\t\tEstado\t\t\t\t\t\t\t<\/label>\n\t\t\t\t\t\t\t\t<div class=\"elementor-field elementor-select-wrapper remove-before \">\n\t\t\t<div class=\"select-caret-down-wrapper\">\n\t\t\t\t<i aria-hidden=\"true\" class=\"eicon-caret-down\"><\/i>\t\t\t<\/div>\n\t\t\t<select name=\"form_fields[estado_venta]\" id=\"form-field-estado_venta\" class=\"elementor-field-textual elementor-size-sm\">\n\t\t\t\t\t\t\t\t\t<option value=\"Estado\">Estado<\/option>\n\t\t\t\t\t\t\t\t\t<option value=\"Aguascalientes\">Aguascalientes<\/option>\n\t\t\t\t\t\t\t\t\t<option value=\"Baja California\">Baja California<\/option>\n\t\t\t\t\t\t\t\t\t<option value=\"Baja California Sur\">Baja California Sur<\/option>\n\t\t\t\t\t\t\t\t\t<option value=\"Campeche\">Campeche<\/option>\n\t\t\t\t\t\t\t\t\t<option value=\"Coahuila\">Coahuila<\/option>\n\t\t\t\t\t\t\t\t\t<option value=\"Colima\">Colima<\/option>\n\t\t\t\t\t\t\t\t\t<option value=\"Chiapas\">Chiapas<\/option>\n\t\t\t\t\t\t\t\t\t<option value=\"Chihuahua\">Chihuahua<\/option>\n\t\t\t\t\t\t\t\t\t<option value=\"Ciudad de M\u00e9xico\">Ciudad de M\u00e9xico<\/option>\n\t\t\t\t\t\t\t\t\t<option value=\"Durango\">Durango<\/option>\n\t\t\t\t\t\t\t\t\t<option value=\"Guanajuato\">Guanajuato<\/option>\n\t\t\t\t\t\t\t\t\t<option value=\"Guerrero\">Guerrero<\/option>\n\t\t\t\t\t\t\t\t\t<option value=\"Hidalgo\">Hidalgo<\/option>\n\t\t\t\t\t\t\t\t\t<option value=\"Jalisco\">Jalisco<\/option>\n\t\t\t\t\t\t\t\t\t<option value=\"Estado de M\u00e9xico\">Estado de M\u00e9xico<\/option>\n\t\t\t\t\t\t\t\t\t<option value=\"Michoac\u00e1n\">Michoac\u00e1n<\/option>\n\t\t\t\t\t\t\t\t\t<option value=\"Morelos\">Morelos<\/option>\n\t\t\t\t\t\t\t\t\t<option value=\"Nayarit\">Nayarit<\/option>\n\t\t\t\t\t\t\t\t\t<option value=\"Nuevo Le\u00f3n\">Nuevo Le\u00f3n<\/option>\n\t\t\t\t\t\t\t\t\t<option value=\"Oaxaca\">Oaxaca<\/option>\n\t\t\t\t\t\t\t\t\t<option value=\"Puebla\">Puebla<\/option>\n\t\t\t\t\t\t\t\t\t<option value=\"Quer\u00e9taro\">Quer\u00e9taro<\/option>\n\t\t\t\t\t\t\t\t\t<option value=\"Quintana Roo\">Quintana Roo<\/option>\n\t\t\t\t\t\t\t\t\t<option value=\"San Luis Potos\u00ed\">San Luis Potos\u00ed<\/option>\n\t\t\t\t\t\t\t\t\t<option value=\"Sinaloa\">Sinaloa<\/option>\n\t\t\t\t\t\t\t\t\t<option value=\"Sonora\">Sonora<\/option>\n\t\t\t\t\t\t\t\t\t<option value=\"Tabasco\">Tabasco<\/option>\n\t\t\t\t\t\t\t\t\t<option value=\"Tamaulipas\">Tamaulipas<\/option>\n\t\t\t\t\t\t\t\t\t<option value=\"Tlaxcala\">Tlaxcala<\/option>\n\t\t\t\t\t\t\t\t\t<option value=\"Veracruz\">Veracruz<\/option>\n\t\t\t\t\t\t\t\t\t<option value=\"Yucat\u00e1n\">Yucat\u00e1n<\/option>\n\t\t\t\t\t\t\t\t\t<option value=\"Zacatecas\">Zacatecas<\/option>\n\t\t\t\t\t\t\t<\/select>\n\t\t<\/div>\n\t\t\t\t\t\t<\/div>\n\t\t\t\t\t\t\t\t<div class=\"elementor-field-type-text elementor-field-group elementor-column elementor-field-group-ciudad_venta elementor-col-50\">\n\t\t\t\t\t\t\t\t\t\t\t\t<label for=\"form-field-ciudad_venta\" class=\"elementor-field-label elementor-screen-only\">\n\t\t\t\t\t\t\t\tCiudad\t\t\t\t\t\t\t<\/label>\n\t\t\t\t\t\t\t\t\t\t\t\t\t\t<input size=\"1\" type=\"text\" name=\"form_fields[ciudad_venta]\" id=\"form-field-ciudad_venta\" class=\"elementor-field elementor-size-sm  elementor-field-textual\" placeholder=\"Ciudad\">\n\t\t\t\t\t\t\t\t\t\t\t<\/div>\n\t\t\t\t\t\t\t\t<div class=\"elementor-field-type-text elementor-field-group elementor-column elementor-field-group-direccion_venta elementor-col-50\">\n\t\t\t\t\t\t\t\t\t\t\t\t<label for=\"form-field-direccion_venta\" class=\"elementor-field-label elementor-screen-only\">\n\t\t\t\t\t\t\t\tDirecci\u00f3n\t\t\t\t\t\t\t<\/label>\n\t\t\t\t\t\t\t\t\t\t\t\t\t\t<input size=\"1\" type=\"text\" name=\"form_fields[direccion_venta]\" id=\"form-field-direccion_venta\" class=\"elementor-field elementor-size-sm  elementor-field-textual\" placeholder=\"Direcci\u00f3n de la empresa\">\n\t\t\t\t\t\t\t\t\t\t\t<\/div>\n\t\t\t\t\t\t\t\t<div class=\"elementor-field-type-select elementor-field-group elementor-column elementor-field-group-tipocompra_venta elementor-col-50\">\n\t\t\t\t\t\t\t\t\t\t\t\t<label for=\"form-field-tipocompra_venta\" class=\"elementor-field-label elementor-screen-only\">\n\t\t\t\t\t\t\t\tTipo de compra\t\t\t\t\t\t\t<\/label>\n\t\t\t\t\t\t\t\t<div class=\"elementor-field elementor-select-wrapper remove-before \">\n\t\t\t<div class=\"select-caret-down-wrapper\">\n\t\t\t\t<i aria-hidden=\"true\" class=\"eicon-caret-down\"><\/i>\t\t\t<\/div>\n\t\t\t<select name=\"form_fields[tipocompra_venta]\" id=\"form-field-tipocompra_venta\" class=\"elementor-field-textual elementor-size-sm\">\n\t\t\t\t\t\t\t\t\t<option value=\"Tipo de compra\">Tipo de compra<\/option>\n\t\t\t\t\t\t\t\t\t<option value=\"Comprar para mi cl\u00ednica\/consulta\">Comprar para mi cl\u00ednica\/consulta<\/option>\n\t\t\t\t\t\t\t\t\t<option value=\"Comprar para mi tienda\">Comprar para mi tienda<\/option>\n\t\t\t\t\t\t\t<\/select>\n\t\t<\/div>\n\t\t\t\t\t\t<\/div>\n\t\t\t\t\t\t\t\t<div class=\"elementor-field-type-html elementor-field-group elementor-column elementor-field-group-field_df6a3fc elementor-col-100\">\n\t\t\t\t\t<div style=\"margin: 10px 0px -18px 0px;\">\u00bfCu\u00e1l es tu punto de venta?:<\/div>\t\t\t\t<\/div>\n\t\t\t\t\t\t\t\t<div class=\"elementor-field-type-checkbox elementor-field-group elementor-column elementor-field-group-productos_venta elementor-col-80\">\n\t\t\t\t\t\t\t\t\t\t\t\t<label for=\"form-field-productos_venta\" class=\"elementor-field-label elementor-screen-only\">\n\t\t\t\t\t\t\t\tProductos\t\t\t\t\t\t\t<\/label>\n\t\t\t\t\t\t<div class=\"elementor-field-subgroup  elementor-subgroup-inline\"><span class=\"elementor-field-option\"><input type=\"checkbox\" value=\"Cl\u00ednica Veterinaria\" id=\"form-field-productos_venta-0\" name=\"form_fields[productos_venta][]\"> <label for=\"form-field-productos_venta-0\">Cl\u00ednica Veterinaria<\/label><\/span><span class=\"elementor-field-option\"><input type=\"checkbox\" value=\"Petshop\" id=\"form-field-productos_venta-1\" name=\"form_fields[productos_venta][]\"> <label for=\"form-field-productos_venta-1\">Petshop<\/label><\/span><span class=\"elementor-field-option\"><input type=\"checkbox\" value=\"E-commerce\" id=\"form-field-productos_venta-2\" name=\"form_fields[productos_venta][]\"> <label for=\"form-field-productos_venta-2\">E-commerce<\/label><\/span><span class=\"elementor-field-option\"><input type=\"checkbox\" value=\"Otro\" id=\"form-field-productos_venta-3\" name=\"form_fields[productos_venta][]\"> <label for=\"form-field-productos_venta-3\">Otro<\/label><\/span><\/div>\t\t\t\t<\/div>\n\t\t\t\t\t\t\t\t<div class=\"elementor-field-type-textarea elementor-field-group elementor-column elementor-field-group-mensaje_venta elementor-col-100\">\n\t\t\t\t\t\t\t\t\t\t\t\t<label for=\"form-field-mensaje_venta\" class=\"elementor-field-label elementor-screen-only\">\n\t\t\t\t\t\t\t\tMensaje\t\t\t\t\t\t\t<\/label>\n\t\t\t\t\t\t<textarea class=\"elementor-field-textual elementor-field  elementor-size-sm\" name=\"form_fields[mensaje_venta]\" id=\"form-field-mensaje_venta\" rows=\"4\" placeholder=\"Mensaje\"><\/textarea>\t\t\t\t<\/div>\n\t\t\t\t\t\t\t\t<div class=\"elementor-field-group elementor-column elementor-field-type-submit elementor-col-100 e-form__buttons\">\n\t\t\t\t\t<button type=\"submit\" class=\"elementor-button elementor-size-sm\">\n\t\t\t\t\t\t<span >\n\t\t\t\t\t\t\t\t\t\t\t\t\t\t\t<span class=\" elementor-button-icon\">\n\t\t\t\t\t\t\t\t\t\t\t\t\t\t\t\t\t\t\t\t\t\t\t\t\t\t<\/span>\n\t\t\t\t\t\t\t\t\t\t\t\t\t\t\t\t\t\t\t\t\t\t<span class=\"elementor-button-text\">Enviar<\/span>\n\t\t\t\t\t\t\t\t\t\t\t\t\t<\/span>\n\t\t\t\t\t<\/button>\n\t\t\t\t<\/div>\n\t\t\t<\/div>\n\t\t<\/form>\n\t\t\t\t\t\t<\/div>\n\t\t\t\t<\/div>\n\t\t\t\t\t<\/div>\n\t\t<\/div>\n\t\t\t\t<div class=\"elementor-column elementor-col-50 elementor-top-column elementor-element elementor-element-43ab949\" data-id=\"43ab949\" data-element_type=\"column\" data-e-type=\"column\">\n\t\t\t<div class=\"elementor-widget-wrap elementor-element-populated\">\n\t\t\t\t\t\t<div class=\"elementor-element elementor-element-89c001b elementor-widget elementor-widget-spacer\" data-id=\"89c001b\" data-element_type=\"widget\" data-e-type=\"widget\" data-widget_type=\"spacer.default\">\n\t\t\t\t<div class=\"elementor-widget-container\">\n\t\t\t\t\t\t\t<div class=\"elementor-spacer\">\n\t\t\t<div class=\"elementor-spacer-inner\"><\/div>\n\t\t<\/div>\n\t\t\t\t\t\t<\/div>\n\t\t\t\t<\/div>\n\t\t\t\t<div class=\"elementor-element elementor-element-ad4bbec elementor-widget elementor-widget-heading\" data-id=\"ad4bbec\" data-element_type=\"widget\" data-e-type=\"widget\" data-widget_type=\"heading.default\">\n\t\t\t\t<div class=\"elementor-widget-container\">\n\t\t\t\t\t<h3 class=\"elementor-heading-title elementor-size-large\">\u00danete a la familia INABA<\/h3>\t\t\t\t<\/div>\n\t\t\t\t<\/div>\n\t\t\t\t<div class=\"elementor-element elementor-element-d3862de elementor-widget elementor-widget-text-editor\" data-id=\"d3862de\" data-element_type=\"widget\" data-e-type=\"widget\" data-widget_type=\"text-editor.default\">\n\t\t\t\t<div class=\"elementor-widget-container\">\n\t\t\t\t\t\t\t\t\t<p>En Inaba Foods M\u00e9xico trabajamos con distribuidores oficiales, quienes realizan la venta al por mayor de nuestras diferentes l\u00edneas de productos.<\/p><p>As\u00ed que, si quieres vender productos Inaba, completa nuestro formulario y te derivaremos con ellos.<\/p>\t\t\t\t\t\t\t\t<\/div>\n\t\t\t\t<\/div>\n\t\t\t\t<section class=\"elementor-section elementor-inner-section elementor-element elementor-element-d1667b5 elementor-section-boxed elementor-section-height-default elementor-section-height-default\" data-id=\"d1667b5\" data-element_type=\"section\" data-e-type=\"section\">\n\t\t\t\t\t\t<div class=\"elementor-container elementor-column-gap-default\">\n\t\t\t\t\t<div class=\"elementor-column elementor-col-50 elementor-inner-column elementor-element elementor-element-4b93be6\" data-id=\"4b93be6\" data-element_type=\"column\" data-e-type=\"column\">\n\t\t\t<div class=\"elementor-widget-wrap elementor-element-populated\">\n\t\t\t\t\t\t<div class=\"elementor-element elementor-element-78a3a49 elementor-view-stacked elementor-shape-circle elementor-widget elementor-widget-icon\" data-id=\"78a3a49\" data-element_type=\"widget\" data-e-type=\"widget\" data-widget_type=\"icon.default\">\n\t\t\t\t<div class=\"elementor-widget-container\">\n\t\t\t\t\t\t\t<div class=\"elementor-icon-wrapper\">\n\t\t\t<a class=\"elementor-icon\" href=\"https:\/\/www.instagram.com\/inaba.mx\/\" target=\"_blank\">\n\t\t\t<i aria-hidden=\"true\" class=\"fab fa-instagram\"><\/i>\t\t\t<\/a>\n\t\t<\/div>\n\t\t\t\t\t\t<\/div>\n\t\t\t\t<\/div>\n\t\t\t\t\t<\/div>\n\t\t<\/div>\n\t\t\t\t<div class=\"elementor-column elementor-col-50 elementor-inner-column elementor-element elementor-element-6ce8b76\" data-id=\"6ce8b76\" data-element_type=\"column\" data-e-type=\"column\">\n\t\t\t<div class=\"elementor-widget-wrap elementor-element-populated\">\n\t\t\t\t\t\t<div class=\"elementor-element elementor-element-f113f07 elementor-view-stacked elementor-shape-circle elementor-widget elementor-widget-icon\" data-id=\"f113f07\" data-element_type=\"widget\" data-e-type=\"widget\" data-widget_type=\"icon.default\">\n\t\t\t\t<div class=\"elementor-widget-container\">\n\t\t\t\t\t\t\t<div class=\"elementor-icon-wrapper\">\n\t\t\t<a class=\"elementor-icon\" href=\"https:\/\/www.facebook.com\/profile.php?id=100087168846129\" target=\"_blank\">\n\t\t\t<i aria-hidden=\"true\" class=\"fab fa-facebook\"><\/i>\t\t\t<\/a>\n\t\t<\/div>\n\t\t\t\t\t\t<\/div>\n\t\t\t\t<\/div>\n\t\t\t\t\t<\/div>\n\t\t<\/div>\n\t\t\t\t\t<\/div>\n\t\t<\/section>\n\t\t\t\t\t<\/div>\n\t\t<\/div>\n\t\t\t\t\t<\/div>\n\t\t<\/section>\n\t\t\t\t<\/div>\n\t\t","protected":false},"excerpt":{"rendered":"<p>Quiero vender \u00bfTe gustar\u00eda vender nuestros productos?Completa este formulario y nos contactaremos contigo. \u00danete a la familia INABA En Inaba Foods M\u00e9xico trabajamos con distribuidores oficiales, quienes realizan la venta al por mayor de nuestras diferentes l\u00edneas de productos. As\u00ed que, si quieres vender productos Inaba, completa nuestro formulario y te derivaremos con ellos.<\/p>\n","protected":false},"author":1,"featured_media":0,"parent":0,"menu_order":0,"comment_status":"closed","ping_status":"closed","template":"","meta":{"footnotes":""},"class_list":["post-620","page","type-page","status-publish","hentry"],"_links":{"self":[{"href":"https:\/\/inabalatam.com\/mx\/wp-json\/wp\/v2\/pages\/620","targetHints":{"allow":["GET"]}}],"collection":[{"href":"https:\/\/inabalatam.com\/mx\/wp-json\/wp\/v2\/pages"}],"about":[{"href":"https:\/\/inabalatam.com\/mx\/wp-json\/wp\/v2\/types\/page"}],"author":[{"embeddable":true,"href":"https:\/\/inabalatam.com\/mx\/wp-json\/wp\/v2\/users\/1"}],"replies":[{"embeddable":true,"href":"https:\/\/inabalatam.com\/mx\/wp-json\/wp\/v2\/comments?post=620"}],"version-history":[{"count":104,"href":"https:\/\/inabalatam.com\/mx\/wp-json\/wp\/v2\/pages\/620\/revisions"}],"predecessor-version":[{"id":2496,"href":"https:\/\/inabalatam.com\/mx\/wp-json\/wp\/v2\/pages\/620\/revisions\/2496"}],"wp:attachment":[{"href":"https:\/\/inabalatam.com\/mx\/wp-json\/wp\/v2\/media?parent=620"}],"curies":[{"name":"wp","href":"https:\/\/api.w.org\/{rel}","templated":true}]}}