{"id":1902,"date":"2024-12-18T21:47:19","date_gmt":"2024-12-18T21:47:19","guid":{"rendered":"https:\/\/inabalatam.com\/mx\/?post_type=product&#038;p=1902"},"modified":"2024-12-26T20:05:22","modified_gmt":"2024-12-26T20:05:22","slug":"churu-receta-de-atun-y-churu-receta-de-atun-con-vieiras-10-tubos","status":"publish","type":"product","link":"https:\/\/inabalatam.com\/mx\/producto\/churu-receta-de-atun-y-churu-receta-de-atun-con-vieiras-10-tubos\/","title":{"rendered":"Churu Receta de At\u00fan y Churu Receta de At\u00fan con Vieiras (10 tubos)"},"content":{"rendered":"<p><strong>Informaci\u00f3n adicional:<\/strong><\/p>\n<p><strong>Suplemento para gatos de todas las edades.<\/strong><\/p>\n<p><strong>Contenido neto: 14 g x 10 (140 g)<\/strong><\/p>\n<p><strong>Composici\u00f3n:<\/strong><\/p>\n<p>5 tubos Churu Tuna Recipe (Res. SAG 495\/2021): USA601<br \/>\nAgua, at\u00fan, tapioca, saborizantes naturales, goma guar, saborizante natural de at\u00fan (extracto de at\u00fan), taurina, suplemento de vitamina E, extracto de t\u00e9 verde.<\/p>\n<p>5 tubos Churu Tuna with scallop Recipe (Res. SAG 495\/2021): USA604<br \/>\nAgua, at\u00fan, osti\u00f3n, tapioca, saborizante natural de vieiras (extracto de osti\u00f3n), saborizantes naturales, goma guar, taurina, suplemento de vitamina E, extracto de t\u00e9 verde.<\/p>\n<p><strong>Instrucciones de uso:<\/strong>\u00a0Dar a tu gato como premio. Una vez abierto mant\u00e9ngase refrigerado y consumir lo antes posible.<\/p>\n<p><strong>An\u00e1lisis nutricional garantizado:<\/strong><\/p>\n<p>&nbsp;<\/p>\n<table>\n<tbody>\n<tr>\n<td width=\"589\">\n<table width=\"1120\">\n<tbody>\n<tr>\n<td>Prote\u00edna bruta (m\u00edn) 7,00%<\/td>\n<\/tr>\n<tr>\n<td>Grasa cruda (m\u00edn) 0,20%<\/td>\n<\/tr>\n<tr>\n<td>Fibra bruta (m\u00e1x.) 0,30%<\/td>\n<\/tr>\n<tr>\n<td>Humedad (m\u00e1x.) 91,00%<\/td>\n<\/tr>\n<tr>\n<td>Vitamina E (m\u00edn) 310 UI \/ kg<\/td>\n<\/tr>\n<tr>\n<td>Calor\u00edas: 6 Kcal\/tubo<\/td>\n<\/tr>\n<\/tbody>\n<\/table>\n<\/td>\n<\/tr>\n<\/tbody>\n<\/table>\n<p><strong><br \/>\nConsumo diario recomendado:<\/strong>\u00a0Hasta 4 tubos.<\/p>\n<p><strong>Precauciones:<\/strong><br \/>\nNo permitas que tu gato muerda el envase. Proporcione agua limpia y fresca todos los<br \/>\nd\u00edas. Consulte a su m\u00e9dico veterinario regularmente.<\/p>\n<p>Producto elaborado en Tailandia por:<br \/>\nThai Inaba Foods Company Limited. 190 Moo 7, Nong Pla Kradi Road, Nong Pla Mo, Nong Kae, Saraburi<br \/>\n18140, Tailandia<\/p>\n<p>INABA Foods M\u00e9xico<br \/>\nAv. de los Insurgentes Sur 730-Piso 1, Col del Valle Nte, Benito Ju\u00e1rez, 03100 Ciudad de M\u00e9xico, CDMX<br \/>\nmexico@inabalatam.com<\/p>\n<p>USO EXCLUSIVO EN LA ALIMENTACI\u00d3N ANIMAL<br \/>\nNO CORRESPONDE A UN ALIMENTO COMPLETO<br \/>\nPROHIBIDO SU USO EN LA ALIMENTACI\u00d3N DE RUMIANTES<\/p>\n<p>Vida \u00fatil: 24 meses<br \/>\nFecha de vencimiento y N\u00famero de Lote impreso en el envase.<br \/>\nFormato de Fecha: Mes\/D\u00eda\/A\u00f1o<\/p>\n","protected":false},"excerpt":{"rendered":"<div class=\"elementor-element elementor-element-a9828ad elementor-widget elementor-widget-woocommerce-product-short-description\" data-id=\"a9828ad\" data-element_type=\"widget\" data-settings=\"{&quot;ekit_we_effect_on&quot;:&quot;none&quot;}\" data-widget_type=\"woocommerce-product-short-description.default\">\n<div class=\"elementor-widget-container\">\n<div class=\"woocommerce-product-details__short-description\">\n<p>Snack cremoso elaborado con ingredientes de grado humano. Libre de granos, colorantes y preservantes artificiales. Fortalecido con taurina y antioxidantes.<\/p>\n<\/div>\n<\/div>\n<\/div>\n<div class=\"elementor-element elementor-element-47c970a elementor-woo-meta--view-stacked elementor-widget elementor-widget-woocommerce-product-meta\" data-id=\"47c970a\" data-element_type=\"widget\" data-settings=\"{&quot;ekit_we_effect_on&quot;:&quot;none&quot;}\" data-widget_type=\"woocommerce-product-meta.default\">\n<div class=\"elementor-widget-container\">\n<div class=\"product_meta\"><\/div>\n<\/div>\n<\/div>\n","protected":false},"featured_media":1903,"comment_status":"open","ping_status":"closed","template":"","meta":[],"product_brand":[],"product_cat":[76,22,89,20],"product_tag":[46,45,44,63,77],"class_list":{"0":"post-1902","1":"product","2":"type-product","3":"status-publish","4":"has-post-thumbnail","6":"product_cat-10-unidades","7":"product_cat-churu","8":"product_cat-churu-variedades","9":"product_cat-gato","10":"product_tag-atun","11":"product_tag-churu","12":"product_tag-gato","13":"product_tag-variedades","14":"product_tag-vieiras","16":"first","17":"instock","18":"shipping-taxable","19":"product-type-simple"},"_links":{"self":[{"href":"https:\/\/inabalatam.com\/mx\/wp-json\/wp\/v2\/product\/1902","targetHints":{"allow":["GET"]}}],"collection":[{"href":"https:\/\/inabalatam.com\/mx\/wp-json\/wp\/v2\/product"}],"about":[{"href":"https:\/\/inabalatam.com\/mx\/wp-json\/wp\/v2\/types\/product"}],"replies":[{"embeddable":true,"href":"https:\/\/inabalatam.com\/mx\/wp-json\/wp\/v2\/comments?post=1902"}],"wp:featuredmedia":[{"embeddable":true,"href":"https:\/\/inabalatam.com\/mx\/wp-json\/wp\/v2\/media\/1903"}],"wp:attachment":[{"href":"https:\/\/inabalatam.com\/mx\/wp-json\/wp\/v2\/media?parent=1902"}],"wp:term":[{"taxonomy":"product_brand","embeddable":true,"href":"https:\/\/inabalatam.com\/mx\/wp-json\/wp\/v2\/product_brand?post=1902"},{"taxonomy":"product_cat","embeddable":true,"href":"https:\/\/inabalatam.com\/mx\/wp-json\/wp\/v2\/product_cat?post=1902"},{"taxonomy":"product_tag","embeddable":true,"href":"https:\/\/inabalatam.com\/mx\/wp-json\/wp\/v2\/product_tag?post=1902"}],"curies":[{"name":"wp","href":"https:\/\/api.w.org\/{rel}","templated":true}]}}