{"id":1910,"date":"2024-12-19T12:41:48","date_gmt":"2024-12-19T12:41:48","guid":{"rendered":"https:\/\/inabalatam.com\/mx\/?post_type=product&#038;p=1910"},"modified":"2024-12-26T20:04:48","modified_gmt":"2024-12-26T20:04:48","slug":"churu-de-atun-con-cangrejo","status":"publish","type":"product","link":"https:\/\/inabalatam.com\/mx\/producto\/churu-de-atun-con-cangrejo\/","title":{"rendered":"Churu de at\u00fan con cangrejo"},"content":{"rendered":"<p><b><span lang=\"ES-MX\">Suplemento para gatos de todas las edades.<\/span><\/b><\/p>\n<p><b>Contenido neto:\u00a0<\/b>14 g x 4 (56 g)<\/p>\n<p><b>Ingredientes:\u00a0<\/b>agua, at\u00fan, almid\u00f3n de tapioca, sabores naturales, goma guar, sabor a cangrejo natural, suplemento de vitamina E, taurina, extracto de t\u00e9 verde.<\/p>\n<p><strong>Instrucciones de uso:\u00a0<\/strong>dar a tu gato como premio. Una vez abierto mant\u00e9ngase refrigerado y consumir lo antes posible.<\/p>\n<p><b>An\u00e1lisis nutricional garantizado:<\/b><\/p>\n<table>\n<tbody>\n<tr>\n<td>Prote\u00edna bruta (min) 7,00%<\/td>\n<\/tr>\n<tr>\n<td>Grasa cruda (min) 0,20%<\/td>\n<\/tr>\n<tr>\n<td>Fibra bruta (m\u00e1x.) 0,30%<\/td>\n<\/tr>\n<tr>\n<td>Humedad (m\u00e1x.) 91,00%<\/td>\n<\/tr>\n<tr>\n<td>Vitamina E (min) 310 UI \/ kg<\/td>\n<\/tr>\n<tr>\n<td>Calor\u00edas: 6 Kcal\/tubo<\/td>\n<\/tr>\n<\/tbody>\n<\/table>\n<p><b><span lang=\"ES-MX\">Consumo diario recomendado<\/span><\/b><span lang=\"ES-MX\">: 4 tubos.<\/span><span lang=\"ES-MX\"><u><\/u>\u00a0<\/span><\/p>\n<p><strong>Precauciones:<\/strong><br \/>\nNo permitas que tu gato muerda el envase. Proporcione agua limpia y fresca todos los<br \/>\nd\u00edas. Consulte a su m\u00e9dico veterinario regularmente.<\/p>\n<p>Producto elaborado en Tailandia por:<br \/>\nThai Inaba Foods Company Limited. 190 Moo 7, Nong Pla Kradi Road, Nong Pla Mo, Nong Kae, Saraburi<br \/>\n18140, Tailandia<\/p>\n<p>INABA Foods M\u00e9xico<br \/>\nAv. de los Insurgentes Sur 730-Piso 1, Col del Valle Nte, Benito Ju\u00e1rez, 03100 Ciudad de M\u00e9xico, CDMX<br \/>\nmexico@inabalatam.com<\/p>\n<p>USO EXCLUSIVO EN LA ALIMENTACI\u00d3N ANIMAL<br \/>\nNO CORRESPONDE A UN ALIMENTO COMPLETO<br \/>\nPROHIBIDO SU USO EN LA ALIMENTACI\u00d3N DE RUMIANTES<\/p>\n<p>Vida \u00fatil: 24 meses<br \/>\nFecha de vencimiento y N\u00famero de Lote impreso en el envase.<br \/>\nFormato de Fecha: Mes\/D\u00eda\/A\u00f1o<\/p>\n","protected":false},"excerpt":{"rendered":"<p>Snack cremoso elaborado con ingredientes de grado humano.\u00a0Libre de granos, colorantes y preservantes artificiales. Fortalecido con Vitamina E y t\u00e9 verde.<\/p>\n","protected":false},"featured_media":1911,"comment_status":"open","ping_status":"closed","template":"","meta":[],"product_brand":[],"product_cat":[78,22,20],"product_tag":[46,51,45,44],"class_list":{"0":"post-1910","1":"product","2":"type-product","3":"status-publish","4":"has-post-thumbnail","6":"product_cat-4-unidades","7":"product_cat-churu","8":"product_cat-gato","9":"product_tag-atun","10":"product_tag-cangrejo","11":"product_tag-churu","12":"product_tag-gato","14":"first","15":"instock","16":"shipping-taxable","17":"product-type-simple"},"_links":{"self":[{"href":"https:\/\/inabalatam.com\/mx\/wp-json\/wp\/v2\/product\/1910","targetHints":{"allow":["GET"]}}],"collection":[{"href":"https:\/\/inabalatam.com\/mx\/wp-json\/wp\/v2\/product"}],"about":[{"href":"https:\/\/inabalatam.com\/mx\/wp-json\/wp\/v2\/types\/product"}],"replies":[{"embeddable":true,"href":"https:\/\/inabalatam.com\/mx\/wp-json\/wp\/v2\/comments?post=1910"}],"wp:featuredmedia":[{"embeddable":true,"href":"https:\/\/inabalatam.com\/mx\/wp-json\/wp\/v2\/media\/1911"}],"wp:attachment":[{"href":"https:\/\/inabalatam.com\/mx\/wp-json\/wp\/v2\/media?parent=1910"}],"wp:term":[{"taxonomy":"product_brand","embeddable":true,"href":"https:\/\/inabalatam.com\/mx\/wp-json\/wp\/v2\/product_brand?post=1910"},{"taxonomy":"product_cat","embeddable":true,"href":"https:\/\/inabalatam.com\/mx\/wp-json\/wp\/v2\/product_cat?post=1910"},{"taxonomy":"product_tag","embeddable":true,"href":"https:\/\/inabalatam.com\/mx\/wp-json\/wp\/v2\/product_tag?post=1910"}],"curies":[{"name":"wp","href":"https:\/\/api.w.org\/{rel}","templated":true}]}}