{"id":1931,"date":"2024-12-19T19:11:58","date_gmt":"2024-12-19T19:11:58","guid":{"rendered":"https:\/\/inabalatam.com\/mx\/?post_type=product&#038;p=1931"},"modified":"2024-12-26T20:02:57","modified_gmt":"2024-12-26T20:02:57","slug":"churu-skin-coat-receta-de-atun","status":"publish","type":"product","link":"https:\/\/inabalatam.com\/mx\/producto\/churu-skin-coat-receta-de-atun\/","title":{"rendered":"Churu Skin &#038; Coat  Receta de At\u00fan"},"content":{"rendered":"<p><strong>Informaci\u00f3n adicional<\/strong><\/p>\n<p>Suplemento para gatos de todas las edades.<\/p>\n<p><strong>Contenido neto: <\/strong>14 g x 4 (56 g)<strong>\u00a0<\/strong><\/p>\n<p><strong>Ingredientes:\u00a0<\/strong>Agua, at\u00fan, almid\u00f3n de tapioca, aceite de soja, sabores naturales, goma guar, saborizante natural de at\u00fan, aceite de pescado, suplemento de vitamina E, taurina, extracto de t\u00e9 verde.<\/p>\n<p><strong>Instrucciones de uso:\u00a0<\/strong>Dar a tu gato como premio.<br \/>\nUna vez abierto mant\u00e9ngase refrigerado y consumir lo antes posible.<\/p>\n<table>\n<tbody>\n<tr>\n<td><b>An\u00e1lisis nutricional garantizado<\/b><\/td>\n<\/tr>\n<tr>\n<td>Prote\u00edna cruda (min): 7,00%<\/td>\n<\/tr>\n<tr>\n<td>Fibra cruda (m\u00e1x): 2,80%<\/td>\n<\/tr>\n<tr>\n<td>Grasas (min): 0.3%<\/td>\n<\/tr>\n<tr>\n<td>Humedad (m\u00e1x): 88,00%<\/td>\n<\/tr>\n<tr>\n<td>Calor\u00edas: 9,2 kcal\/tubo<\/td>\n<\/tr>\n<\/tbody>\n<\/table>\n<p><strong>Consumo diario recomendado: <\/strong>4 tubos.<\/p>\n<p><strong>Precauciones:<\/strong><br \/>\nNo permitas que tu gato muerda el envase. Proporcione agua limpia y fresca todos los<br \/>\nd\u00edas. Consulte a su m\u00e9dico veterinario regularmente.<\/p>\n<p>Producto elaborado en Tailandia por:<br \/>\nThai Inaba Foods Company Limited. 190 Moo 7, Nong Pla Kradi Road, Nong Pla Mo, Nong Kae, Saraburi<br \/>\n18140, Tailandia<\/p>\n<p>INABA Foods M\u00e9xico<br \/>\nAv. de los Insurgentes Sur 730-Piso 1, Col del Valle Nte, Benito Ju\u00e1rez, 03100 Ciudad de M\u00e9xico, CDMX<br \/>\nmexico@inabalatam.com<\/p>\n<p>USO EXCLUSIVO EN LA ALIMENTACI\u00d3N ANIMAL<br \/>\nNO CORRESPONDE A UN ALIMENTO COMPLETO<br \/>\nPROHIBIDO SU USO EN LA ALIMENTACI\u00d3N DE RUMIANTES<\/p>\n<p>Vida \u00fatil: 24 meses<br \/>\nFecha de vencimiento y N\u00famero de Lote impreso en el envase.<br \/>\nFormato de Fecha: Mes\/D\u00eda\/A\u00f1o<\/p>\n","protected":false},"excerpt":{"rendered":"<p>Snack cremoso elaborado a partir de ingredientes de grado humano con \u00e1cidos grasos omega-3 de aceite de pescado que ayudan a tu gato a mantener una piel saludable y un pelaje brillante. Libre de granos, colorantes y preservantes artificiales. Fortalecido con Vitamina E y t\u00e9 verde.<\/p>\n","protected":false},"featured_media":1932,"comment_status":"open","ping_status":"closed","template":"","meta":[],"product_brand":[],"product_cat":[20,83,31],"product_tag":[46,44,59],"class_list":{"0":"post-1931","1":"product","2":"type-product","3":"status-publish","4":"has-post-thumbnail","6":"product_cat-gato","7":"product_cat-linea-funcional","8":"product_cat-skincoat","9":"product_tag-atun","10":"product_tag-gato","11":"product_tag-skincoat","13":"first","14":"instock","15":"shipping-taxable","16":"product-type-simple"},"_links":{"self":[{"href":"https:\/\/inabalatam.com\/mx\/wp-json\/wp\/v2\/product\/1931","targetHints":{"allow":["GET"]}}],"collection":[{"href":"https:\/\/inabalatam.com\/mx\/wp-json\/wp\/v2\/product"}],"about":[{"href":"https:\/\/inabalatam.com\/mx\/wp-json\/wp\/v2\/types\/product"}],"replies":[{"embeddable":true,"href":"https:\/\/inabalatam.com\/mx\/wp-json\/wp\/v2\/comments?post=1931"}],"wp:featuredmedia":[{"embeddable":true,"href":"https:\/\/inabalatam.com\/mx\/wp-json\/wp\/v2\/media\/1932"}],"wp:attachment":[{"href":"https:\/\/inabalatam.com\/mx\/wp-json\/wp\/v2\/media?parent=1931"}],"wp:term":[{"taxonomy":"product_brand","embeddable":true,"href":"https:\/\/inabalatam.com\/mx\/wp-json\/wp\/v2\/product_brand?post=1931"},{"taxonomy":"product_cat","embeddable":true,"href":"https:\/\/inabalatam.com\/mx\/wp-json\/wp\/v2\/product_cat?post=1931"},{"taxonomy":"product_tag","embeddable":true,"href":"https:\/\/inabalatam.com\/mx\/wp-json\/wp\/v2\/product_tag?post=1931"}],"curies":[{"name":"wp","href":"https:\/\/api.w.org\/{rel}","templated":true}]}}