{"id":1940,"date":"2024-12-19T19:28:11","date_gmt":"2024-12-19T19:28:11","guid":{"rendered":"https:\/\/inabalatam.com\/mx\/?post_type=product&#038;p=1940"},"modified":"2024-12-26T20:02:37","modified_gmt":"2024-12-26T20:02:37","slug":"hairball-control-receta-de-atun-control-de-bolas-de-pelo-de-churu-receta-de-atun","status":"publish","type":"product","link":"https:\/\/inabalatam.com\/mx\/producto\/hairball-control-receta-de-atun-control-de-bolas-de-pelo-de-churu-receta-de-atun\/","title":{"rendered":"Hairball Control Receta de At\u00fan \/ Control de Bolas de Pelo de Churu Receta de At\u00fan"},"content":{"rendered":"<p><strong>Informaci\u00f3n adicional<\/strong><\/p>\n<p>Suplemento para gatos de todas las edades.<\/p>\n<p><strong>Contenido neto: <\/strong>14 g x 4 (56 g)<strong>\u00a0<\/strong><\/p>\n<p><strong>Ingredientes:\u00a0<\/strong>Agua, at\u00fan, almid\u00f3n de tapioca, celulosa en polvo, sabores naturales, goma guar, sabor natural a at\u00fan, suplemento de vitamina E, taurina, extracto de t\u00e9 verde.<\/p>\n<p><strong>Instrucciones de uso:\u00a0<\/strong>Dar a tu gato como premio. Una vez abierto mant\u00e9ngase refrigerado y consumir lo antes posible.<br \/>\n<strong>Ingredientes Naturales:<\/strong> Su amigo felino es importante para nosotros, por eso hemos mantenido cosas como granos, conservantes, colorantes artificiales y carragenina fuera de nuestras golosinas para gatos, pero agregamos cosas como vitamina E para la inmunidad y taurina para la salud general.<\/p>\n<p><strong>Genera Un V\u00ednculo Con Tu Mascota: <\/strong>Estas golosinas para gatos que se pueden lamer est\u00e1n dise\u00f1adas para ser administradas con la mano para promover la interacci\u00f3n entre gatos y humanos, pero puedes usarlas como complemento de comida h\u00fameda o seca para gatos o para disfrazar medicamentos. Perfectas para gatos de todas las edades (desde gatitos hasta adultos)<\/p>\n<p><strong>An\u00e1lisis nutricional garantizado:<\/strong><\/p>\n<table style=\"height: 303px;\" width=\"658\">\n<tbody>\n<tr>\n<td width=\"294\">Prote\u00edna Cruda (M\u00edn)<\/td>\n<td width=\"294\">7,00%<\/td>\n<\/tr>\n<tr>\n<td width=\"294\">Grasa Cruda (M\u00edn)<\/td>\n<td width=\"294\">0,20%<\/td>\n<\/tr>\n<tr>\n<td width=\"294\">Fibra Cruda (M\u00e1x)<\/td>\n<td width=\"294\">0,60%<\/td>\n<\/tr>\n<tr>\n<td width=\"294\">Humedad (M\u00e1x)<\/td>\n<td width=\"294\">88,00%<\/td>\n<\/tr>\n<tr>\n<td width=\"294\">Vitamina E (M\u00edn)<\/td>\n<td width=\"294\">310 UI\/Kg<\/td>\n<\/tr>\n<tr>\n<td width=\"294\">Calor\u00edas<\/td>\n<td width=\"294\">430 kcal\/kg, 6,0 kcal\/tubo EM<\/td>\n<\/tr>\n<tr>\n<td width=\"294\">Taurina (M\u00edn)<\/td>\n<td width=\"294\">0,025%<\/td>\n<\/tr>\n<\/tbody>\n<\/table>\n<p><strong>Consumo diario recomendado: <\/strong>4 tubos.<\/p>\n<p><strong>Precauciones:<\/strong><br \/>\nNo permitas que tu gato muerda el envase. Proporcione agua limpia y fresca todos los<br \/>\nd\u00edas. Consulte a su m\u00e9dico veterinario regularmente.<\/p>\n<p>Producto elaborado en Tailandia por:<br \/>\nThai Inaba Foods Company Limited. 190 Moo 7, Nong Pla Kradi Road, Nong Pla Mo, Nong Kae, Saraburi<br \/>\n18140, Tailandia<\/p>\n<p>INABA Foods M\u00e9xico<br \/>\nAv. de los Insurgentes Sur 730-Piso 1, Col del Valle Nte, Benito Ju\u00e1rez, 03100 Ciudad de M\u00e9xico, CDMX<br \/>\nmexico@inabalatam.com<\/p>\n<p>USO EXCLUSIVO EN LA ALIMENTACI\u00d3N ANIMAL<br \/>\nNO CORRESPONDE A UN ALIMENTO COMPLETO<br \/>\nPROHIBIDO SU USO EN LA ALIMENTACI\u00d3N DE RUMIANTES<\/p>\n<p>Vida \u00fatil: 24 meses<br \/>\nFecha de vencimiento y N\u00famero de Lote impreso en el envase.<br \/>\nFormato de Fecha: Mes\/D\u00eda\/A\u00f1o<\/p>\n","protected":false},"excerpt":{"rendered":"<p>Un snack cremoso \u00fanico en su tipo, dise\u00f1ado para ayudar a controlar las bolas de pelo. Nuestra f\u00f3rmula Churu original con fibra vegetal insoluble agregada para favorecer una digesti\u00f3n saludable y controlar las bolas de pelo.<\/p>\n","protected":false},"featured_media":1943,"comment_status":"open","ping_status":"closed","template":"","meta":[],"product_brand":[],"product_cat":[20,85,83],"product_tag":[46,44,84],"class_list":{"0":"post-1940","1":"product","2":"type-product","3":"status-publish","4":"has-post-thumbnail","6":"product_cat-gato","7":"product_cat-hairball-control","8":"product_cat-linea-funcional","9":"product_tag-atun","10":"product_tag-gato","11":"product_tag-hairballcontrol","13":"first","14":"instock","15":"shipping-taxable","16":"product-type-simple"},"_links":{"self":[{"href":"https:\/\/inabalatam.com\/mx\/wp-json\/wp\/v2\/product\/1940","targetHints":{"allow":["GET"]}}],"collection":[{"href":"https:\/\/inabalatam.com\/mx\/wp-json\/wp\/v2\/product"}],"about":[{"href":"https:\/\/inabalatam.com\/mx\/wp-json\/wp\/v2\/types\/product"}],"replies":[{"embeddable":true,"href":"https:\/\/inabalatam.com\/mx\/wp-json\/wp\/v2\/comments?post=1940"}],"wp:featuredmedia":[{"embeddable":true,"href":"https:\/\/inabalatam.com\/mx\/wp-json\/wp\/v2\/media\/1943"}],"wp:attachment":[{"href":"https:\/\/inabalatam.com\/mx\/wp-json\/wp\/v2\/media?parent=1940"}],"wp:term":[{"taxonomy":"product_brand","embeddable":true,"href":"https:\/\/inabalatam.com\/mx\/wp-json\/wp\/v2\/product_brand?post=1940"},{"taxonomy":"product_cat","embeddable":true,"href":"https:\/\/inabalatam.com\/mx\/wp-json\/wp\/v2\/product_cat?post=1940"},{"taxonomy":"product_tag","embeddable":true,"href":"https:\/\/inabalatam.com\/mx\/wp-json\/wp\/v2\/product_tag?post=1940"}],"curies":[{"name":"wp","href":"https:\/\/api.w.org\/{rel}","templated":true}]}}