{"id":1949,"date":"2024-12-19T20:04:28","date_gmt":"2024-12-19T20:04:28","guid":{"rendered":"https:\/\/inabalatam.com\/mx\/?post_type=product&#038;p=1949"},"modified":"2024-12-26T20:02:09","modified_gmt":"2024-12-26T20:02:09","slug":"churu-tarro-variado-50-unidades","status":"publish","type":"product","link":"https:\/\/inabalatam.com\/mx\/producto\/churu-tarro-variado-50-unidades\/","title":{"rendered":"Churu Tarro Variado 50 Unidades"},"content":{"rendered":"<p><strong>Informaci\u00f3n adicional<\/strong><\/p>\n<p>Suplemento para gatos de todas las edades.<\/p>\n<p><strong>Contenido neto: <\/strong>14 g x 50 tubos.\u00a0\u00a0 25 oz(700 g)<\/p>\n<p><strong>Ingredientes:<br \/>\nReceta de At\u00fan x 15 tubos: <\/strong>Agua, at\u00fan, tapioca, sabores naturales, goma guar, sabores naturales de at\u00fan (extracto de at\u00fan) suplemento de Vitamina E, taurina, t\u00e9 verde.<br \/>\n<strong>Receta de At\u00fan con Vieiras x 15 tubos: <\/strong>Agua, at\u00fan, tapioca, sabores naturales, goma guar, sabores naturales de at\u00fan (extracto de vieiras) suplemento de Vitamina E, taurina, t\u00e9 verde.<br \/>\n<strong>Receta de At\u00fan con Canrejo x 10 tubos: <\/strong>Agua, at\u00fan, tapioca, sabores naturales, goma guar, sabores naturales de at\u00fan (extracto de cangrejo) suplemento de Vitamina E, taurina, t\u00e9 verde.<br \/>\n<strong>Receta de At\u00fan con Almeja x 10 tubos: <\/strong>Agua, at\u00fan, tapioca, sabores naturales, goma guar, sabores naturales de at\u00fan (extracto de almeja) suplemento de Vitamina E, taurina, t\u00e9 verde.<\/p>\n<p><strong>Instrucciones de uso:\u00a0<\/strong>Churu Tarro Variado de At\u00fan, At\u00fan con Vieiras, At\u00fan con Cangrejo y At\u00fan con Almeja es una golosina para gatos de cualquier tama\u00f1o y tipo de raza, puede ser consumida a partir de los 3 meses de edad.<\/p>\n<p>&nbsp;<\/p>\n<p><strong>An\u00e1lisis nutricional garantizado:<\/strong><\/p>\n<table>\n<tbody>\n<tr>\n<td width=\"294\">Prote\u00edna Cruda (M\u00edn)<\/td>\n<td width=\"294\">7.00%<\/td>\n<\/tr>\n<tr>\n<td width=\"294\">Grasa Cruda (M\u00edn)<\/td>\n<td width=\"294\">0.20%<\/td>\n<\/tr>\n<tr>\n<td width=\"294\">Fibra Cruda (M\u00e1x)<\/td>\n<td width=\"294\">0.30%<\/td>\n<\/tr>\n<tr>\n<td width=\"294\">Humedad (M\u00e1x)<\/td>\n<td width=\"294\">91.00%<\/td>\n<\/tr>\n<tr>\n<td width=\"294\">Vitamina E (M\u00edn)<\/td>\n<td width=\"294\">310 UI\/Kg<\/td>\n<\/tr>\n<tr>\n<td width=\"294\">Calor\u00edas<\/td>\n<td width=\"294\">6 Kcal\/tubo<\/td>\n<\/tr>\n<tr>\n<td width=\"294\">Ceniza (M\u00e1x)<\/td>\n<td width=\"294\">1.50%<\/td>\n<\/tr>\n<\/tbody>\n<\/table>\n<p><strong>Recomendaci\u00f3n diaria: <\/strong>4 tubos por d\u00eda o la que el m\u00e9dico veterinario indique.<\/p>\n<p><strong>Precauciones:<\/strong><br \/>\nNo permitas que tu gato muerda el envase. Proporcione agua limpia y fresca todos los<br \/>\nd\u00edas. Consulte a su m\u00e9dico veterinario regularmente.<\/p>\n<p>Producto elaborado en Tailandia por:<br \/>\nThai Inaba Foods Company Limited. 190 Moo 7, Nong Pla Kradi Road, Nong Pla Mo, Nong Kae, Saraburi<br \/>\n18140, Tailandia<\/p>\n<p>INABA Foods M\u00e9xico<br \/>\nAv. de los Insurgentes Sur 730-Piso 1, Col del Valle Nte, Benito Ju\u00e1rez, 03100 Ciudad de M\u00e9xico, CDMX<br \/>\nmexico@inabalatam.com<\/p>\n<p>USO EXCLUSIVO EN LA ALIMENTACI\u00d3N ANIMAL<br \/>\nNO CORRESPONDE A UN ALIMENTO COMPLETO<br \/>\nPROHIBIDO SU USO EN LA ALIMENTACI\u00d3N DE RUMIANTES<\/p>\n<p>Vida \u00fatil: 24 meses<br \/>\nFecha de vencimiento y N\u00famero de Lote impreso en el envase.<br \/>\nFormato de Fecha: Mes\/D\u00eda\/A\u00f1o<\/p>\n","protected":false},"excerpt":{"rendered":"<p>Snack cremoso elaborado con ingredientes de grado humano.\u00a0Libre de granos, colorantes y preservantes artificiales. Fortalecido con Vitamina E y t\u00e9 verde.<\/p>\n","protected":false},"featured_media":1993,"comment_status":"open","ping_status":"closed","template":"","meta":[],"product_brand":[],"product_cat":[22,89,20],"product_tag":[79,46,51,88,44,77],"class_list":{"0":"post-1949","1":"product","2":"type-product","3":"status-publish","4":"has-post-thumbnail","6":"product_cat-churu","7":"product_cat-churu-variedades","8":"product_cat-gato","9":"product_tag-almeja","10":"product_tag-atun","11":"product_tag-cangrejo","12":"product_tag-churu-tarro-50-unidades","13":"product_tag-gato","14":"product_tag-vieiras","16":"first","17":"instock","18":"shipping-taxable","19":"product-type-simple"},"_links":{"self":[{"href":"https:\/\/inabalatam.com\/mx\/wp-json\/wp\/v2\/product\/1949","targetHints":{"allow":["GET"]}}],"collection":[{"href":"https:\/\/inabalatam.com\/mx\/wp-json\/wp\/v2\/product"}],"about":[{"href":"https:\/\/inabalatam.com\/mx\/wp-json\/wp\/v2\/types\/product"}],"replies":[{"embeddable":true,"href":"https:\/\/inabalatam.com\/mx\/wp-json\/wp\/v2\/comments?post=1949"}],"wp:featuredmedia":[{"embeddable":true,"href":"https:\/\/inabalatam.com\/mx\/wp-json\/wp\/v2\/media\/1993"}],"wp:attachment":[{"href":"https:\/\/inabalatam.com\/mx\/wp-json\/wp\/v2\/media?parent=1949"}],"wp:term":[{"taxonomy":"product_brand","embeddable":true,"href":"https:\/\/inabalatam.com\/mx\/wp-json\/wp\/v2\/product_brand?post=1949"},{"taxonomy":"product_cat","embeddable":true,"href":"https:\/\/inabalatam.com\/mx\/wp-json\/wp\/v2\/product_cat?post=1949"},{"taxonomy":"product_tag","embeddable":true,"href":"https:\/\/inabalatam.com\/mx\/wp-json\/wp\/v2\/product_tag?post=1949"}],"curies":[{"name":"wp","href":"https:\/\/api.w.org\/{rel}","templated":true}]}}