{"id":1958,"date":"2024-12-19T21:22:56","date_gmt":"2024-12-19T21:22:56","guid":{"rendered":"https:\/\/inabalatam.com\/mx\/?post_type=product&#038;p=1958"},"modified":"2024-12-26T20:01:46","modified_gmt":"2024-12-26T20:01:46","slug":"bisque-de-churu-receta-de-atun","status":"publish","type":"product","link":"https:\/\/inabalatam.com\/mx\/producto\/bisque-de-churu-receta-de-atun\/","title":{"rendered":"Bisque de Churu Receta de At\u00fan"},"content":{"rendered":"<p><strong>Informaci\u00f3n adicional<\/strong><\/p>\n<p>Suplemento para gatos de todas las edades.<\/p>\n<p><strong>Contenido neto: <\/strong>1.4 oz (40g)<strong>\u00a0<\/strong><\/p>\n<p><strong>Ingredientes:\u00a0<\/strong>Caldo de at\u00fan, at\u00fan, almid\u00f3n de tapioca, sabores naturales, goma guar, suplemento de vitamina E, extracto de t\u00e9 verde<\/p>\n<p><strong>Instrucciones de uso:\u00a0<\/strong>Dar a tu gato como premio. Una vez abierto mant\u00e9ngase refrigerado y consumir lo antes posible.<br \/>\n<strong>Ingredientes Naturales:<\/strong> Cada porci\u00f3n no contiene cereales, conservantes, carragenina ni colorantes artificiales, pero hemos a\u00f1adido vitamina E para la inmunidad de tu gato.<\/p>\n<p><strong>An\u00e1lisis nutricional garantizado:<\/strong><\/p>\n<table>\n<tbody>\n<tr>\n<td width=\"294\">Prote\u00edna Cruda (M\u00edn)<\/td>\n<td width=\"294\">7,00%<\/td>\n<\/tr>\n<tr>\n<td width=\"294\">Grasa Cruda (M\u00edn)<\/td>\n<td width=\"294\">0,20%<\/td>\n<\/tr>\n<tr>\n<td width=\"294\">Fibra Cruda (M\u00e1x)<\/td>\n<td width=\"294\">0,30%<\/td>\n<\/tr>\n<tr>\n<td width=\"294\">Humedad (M\u00e1x)<\/td>\n<td width=\"294\">91,00%<\/td>\n<\/tr>\n<tr>\n<td width=\"294\">Vitamina E (M\u00edn)<\/td>\n<td width=\"294\">50 UI\/Kg<\/td>\n<\/tr>\n<tr>\n<td width=\"294\">Calor\u00edas<\/td>\n<td width=\"294\">400 kcal\/kg, 16,0 kcal\/tubo EM<\/td>\n<\/tr>\n<\/tbody>\n<\/table>\n<p><strong>Precauciones:<\/strong><br \/>\nNo permitas que tu gato muerda el envase. Proporcione agua limpia y fresca todos los<br \/>\nd\u00edas. Consulte a su m\u00e9dico veterinario regularmente.<\/p>\n<p>Producto elaborado en Tailandia por:<br \/>\nThai Inaba Foods Company Limited. 190 Moo 7, Nong Pla Kradi Road, Nong Pla Mo, Nong Kae, Saraburi<br \/>\n18140, Tailandia<\/p>\n<p>INABA Foods M\u00e9xico<br \/>\nAv. de los Insurgentes Sur 730-Piso 1, Col del Valle Nte, Benito Ju\u00e1rez, 03100 Ciudad de M\u00e9xico, CDMX<br \/>\nmexico@inabalatam.com<\/p>\n<p>USO EXCLUSIVO EN LA ALIMENTACI\u00d3N ANIMAL<br \/>\nNO CORRESPONDE A UN ALIMENTO COMPLETO<br \/>\nPROHIBIDO SU USO EN LA ALIMENTACI\u00d3N DE RUMIANTES<\/p>\n<p>Vida \u00fatil: 24 meses<br \/>\nFecha de vencimiento y N\u00famero de Lote impreso en el envase.<br \/>\nFormato de Fecha: Mes\/D\u00eda\/A\u00f1o<\/p>\n","protected":false},"excerpt":{"rendered":"<p>Churu Bisque es un pur\u00e9 rico y cremoso como nuestras golosinas para gatos Churu originales para lamer, pero con una consistencia m\u00e1s espesa que es perfecta para servir como guarnici\u00f3n.<\/p>\n<p>Adorne su comida con un delicioso premio que sea saludable e hidratante. Cada bolsita tiene un 91 % de humedad y solo 16 calor\u00edas, por lo que puede sentirse bien al agregarlo a su plato de comida seca y blanda para gatos.<\/p>\n","protected":false},"featured_media":1960,"comment_status":"open","ping_status":"closed","template":"","meta":[],"product_brand":[],"product_cat":[91,22,20],"product_tag":[46,92,93,44],"class_list":{"0":"post-1958","1":"product","2":"type-product","3":"status-publish","4":"has-post-thumbnail","6":"product_cat-bisque","7":"product_cat-churu","8":"product_cat-gato","9":"product_tag-atun","10":"product_tag-bisque","11":"product_tag-churubisque","12":"product_tag-gato","14":"first","15":"instock","16":"shipping-taxable","17":"product-type-simple"},"_links":{"self":[{"href":"https:\/\/inabalatam.com\/mx\/wp-json\/wp\/v2\/product\/1958","targetHints":{"allow":["GET"]}}],"collection":[{"href":"https:\/\/inabalatam.com\/mx\/wp-json\/wp\/v2\/product"}],"about":[{"href":"https:\/\/inabalatam.com\/mx\/wp-json\/wp\/v2\/types\/product"}],"replies":[{"embeddable":true,"href":"https:\/\/inabalatam.com\/mx\/wp-json\/wp\/v2\/comments?post=1958"}],"wp:featuredmedia":[{"embeddable":true,"href":"https:\/\/inabalatam.com\/mx\/wp-json\/wp\/v2\/media\/1960"}],"wp:attachment":[{"href":"https:\/\/inabalatam.com\/mx\/wp-json\/wp\/v2\/media?parent=1958"}],"wp:term":[{"taxonomy":"product_brand","embeddable":true,"href":"https:\/\/inabalatam.com\/mx\/wp-json\/wp\/v2\/product_brand?post=1958"},{"taxonomy":"product_cat","embeddable":true,"href":"https:\/\/inabalatam.com\/mx\/wp-json\/wp\/v2\/product_cat?post=1958"},{"taxonomy":"product_tag","embeddable":true,"href":"https:\/\/inabalatam.com\/mx\/wp-json\/wp\/v2\/product_tag?post=1958"}],"curies":[{"name":"wp","href":"https:\/\/api.w.org\/{rel}","templated":true}]}}