{"id":2505,"date":"2026-04-27T12:13:11","date_gmt":"2026-04-27T12:13:11","guid":{"rendered":"https:\/\/inabalatam.com\/mx\/?post_type=product&#038;p=2505"},"modified":"2026-05-01T16:34:00","modified_gmt":"2026-05-01T16:34:00","slug":"churu-kitten-de-atun","status":"publish","type":"product","link":"https:\/\/inabalatam.com\/mx\/producto\/churu-kitten-de-atun\/","title":{"rendered":"Churu Kitten de At\u00fan"},"content":{"rendered":"<p><strong>Informaci\u00f3n adicional<\/strong><\/p>\n<p>Suplemento para gatos de todas las edades.<\/p>\n<p><strong>Contenido neto: <\/strong>56 g (Bolsa con 4 tubos de 14 g c\/u)<\/p>\n<p><strong>Ingredientes: <\/strong>Agua, at\u00fan, almid\u00f3n de tapioca, sabor natural de at\u00fan, goma guar, carbonato de calcio, aceite de pescado, vitamina E, taurina, extracto de t\u00e9 verde.<\/p>\n<p><strong>An\u00e1lisis nutricional garantizado:<\/strong><\/p>\n<table style=\"height: 303px;\" width=\"658\">\n<tbody>\n<tr>\n<td width=\"294\">Prote\u00edna Cruda (M\u00edn)<\/td>\n<td width=\"294\">7,00%<\/td>\n<\/tr>\n<tr>\n<td width=\"294\">Grasa Cruda (M\u00edn)<\/td>\n<td width=\"294\">0,80%<\/td>\n<\/tr>\n<tr>\n<td width=\"294\">Fibra Cruda (M\u00e1x)<\/td>\n<td width=\"294\">0,30%<\/td>\n<\/tr>\n<tr>\n<td width=\"294\">Humedad (M\u00e1x)<\/td>\n<td width=\"294\">88,00%<\/td>\n<\/tr>\n<tr>\n<td width=\"294\">Materia minerla (M\u00e1x)<\/td>\n<td width=\"294\">2,5%<\/td>\n<\/tr>\n<tr>\n<td width=\"294\">Vitamina E (M\u00edn)<\/td>\n<td width=\"294\">310 UI\/Kg<\/td>\n<\/tr>\n<tr>\n<td width=\"294\">Taurina (M\u00edn)<\/td>\n<td width=\"294\">0,025%<\/td>\n<\/tr>\n<\/tbody>\n<\/table>\n<p><strong>Energ\u00eda Metabolizable: <\/strong>6.4 kcal por tubo (460 kcal\/kg)<\/p>\n<p><strong>Gu\u00eda de alimentaci\u00f3n:<\/strong><\/p>\n<table style=\"text-align: center;\" width=\"658\">\n<tbody>\n<tr style=\"background-color: #ededed;\">\n<td width=\"294\"><strong>Peso del gato (kg)<\/strong><\/td>\n<td width=\"294\"><strong>Cantidad diaria sugerida<\/strong><\/td>\n<\/tr>\n<tr>\n<td width=\"294\">2<\/td>\n<td width=\"294\">2 tubos (28 g)<\/td>\n<\/tr>\n<tr>\n<td width=\"294\">3<\/td>\n<td width=\"294\">3 tubos (42 g)<\/td>\n<\/tr>\n<tr>\n<td width=\"294\">4<\/td>\n<td width=\"294\">4 tubos (56 g)<\/td>\n<\/tr>\n<tr>\n<td width=\"294\">5 o m\u00e1s<\/td>\n<td width=\"294\">5 tubos (70 g)<\/td>\n<\/tr>\n<\/tbody>\n<\/table>\n<p>Ajuste la cantidad seg\u00fan la condici\u00f3n corporal de su gato, o la que el m\u00e9dico veterinario indique.<\/p>\n<p><strong>V\u00eda de administraci\u00f3n: <\/strong>Oral<\/p>\n<p><strong>Indicaciones: <\/strong>Este producto es un premio para gatos de entre 3 y 12 meses de edad. No corresponde a un alimento completo.<\/p>\n<p><strong>Precauciones:\u00a0<\/strong><\/p>\n<ul>\n<li>No permita que su gato muerda o trague el envase<\/li>\n<li>No exponga el producto a la luz solar directa ni a condiciones climatol\u00f3gicas adversas<\/li>\n<li>Si el producto cambia de aspecto, color u olor, no lo ofrezca<\/li>\n<\/ul>\n<p>Uso exclusivo en la alimentaci\u00f3n animal. Uso Veterinario.<\/p>\n<p><strong>Recomendaciones:<\/strong><\/p>\n<ul>\n<li>Cons\u00e9rvese en un lugar fresco y seco.<\/li>\n<li>Despu\u00e9s de abierto, servir todo el contenido.<\/li>\n<li>Para la salud de su gato, visite regularmente al m\u00e9dico veterinario.<\/li>\n<\/ul>\n<p><strong>Consulte al m\u00e9dico veterinario<\/strong><\/p>\n<p><strong>Fecha de vencimiento \/ n\u00b0 lote: <\/strong>Ver empaque (Formato de Fecha: MM.DD.AAAA)<\/p>\n<p><strong>Vida \u00datil: <\/strong>24 meses desde la fecha de fabricaci\u00f3n<\/p>\n<p><strong>TITULAR DEL REGISTRO Y ELABORADO POR<\/strong><br \/>\n<strong>THAI INABA FOODS CO., LTD.<\/strong><br \/>\n190 Mu 7, Carretera Nong Pla Kradi,<br \/>\nNong Pla Mo, Nong Khae, Saraburi 18140,Tailandia<\/p>\n<p><strong>INABA FOODS:<\/strong> Empresa japonesa fundada en 1805, fabricante de alimentos enlatados para humanos por ocho generaciones, y desde 1958, de alimentos para mascotas.<\/p>\n","protected":false},"excerpt":{"rendered":"<p>Snack cremoso con receta de at\u00fan, especialmente dise\u00f1ado para gatitos menores de 1 a\u00f1o. Ideal para consentirlos desde sus primeros meses, elaborado con ingredientes de grado humano.<br \/>\nLibre de granos, colorantes, conservadores artificiales y sin sal a\u00f1adida, adapt\u00e1ndose a las necesidades de los m\u00e1s peque\u00f1os.<\/p>\n<p>Fortalecido\u00a0con\u00a0taurina, calcio, antioxidantes y \u00e1cidos grasos Omega 3 y 6.<\/p>\n<p>Perfecto para\u00a0fortalecer el v\u00ednculo con tu gato.<\/p>\n","protected":false},"featured_media":2506,"comment_status":"open","ping_status":"closed","template":"","meta":[],"product_brand":[],"product_cat":[94,20,83],"product_tag":[46,44,84],"class_list":{"0":"post-2505","1":"product","2":"type-product","3":"status-publish","4":"has-post-thumbnail","6":"product_cat-etapa-de-vida","7":"product_cat-gato","8":"product_cat-linea-funcional","9":"product_tag-atun","10":"product_tag-gato","11":"product_tag-hairballcontrol","13":"first","14":"instock","15":"shipping-taxable","16":"product-type-simple"},"_links":{"self":[{"href":"https:\/\/inabalatam.com\/mx\/wp-json\/wp\/v2\/product\/2505","targetHints":{"allow":["GET"]}}],"collection":[{"href":"https:\/\/inabalatam.com\/mx\/wp-json\/wp\/v2\/product"}],"about":[{"href":"https:\/\/inabalatam.com\/mx\/wp-json\/wp\/v2\/types\/product"}],"replies":[{"embeddable":true,"href":"https:\/\/inabalatam.com\/mx\/wp-json\/wp\/v2\/comments?post=2505"}],"wp:featuredmedia":[{"embeddable":true,"href":"https:\/\/inabalatam.com\/mx\/wp-json\/wp\/v2\/media\/2506"}],"wp:attachment":[{"href":"https:\/\/inabalatam.com\/mx\/wp-json\/wp\/v2\/media?parent=2505"}],"wp:term":[{"taxonomy":"product_brand","embeddable":true,"href":"https:\/\/inabalatam.com\/mx\/wp-json\/wp\/v2\/product_brand?post=2505"},{"taxonomy":"product_cat","embeddable":true,"href":"https:\/\/inabalatam.com\/mx\/wp-json\/wp\/v2\/product_cat?post=2505"},{"taxonomy":"product_tag","embeddable":true,"href":"https:\/\/inabalatam.com\/mx\/wp-json\/wp\/v2\/product_tag?post=2505"}],"curies":[{"name":"wp","href":"https:\/\/api.w.org\/{rel}","templated":true}]}}