{"id":2517,"date":"2026-05-01T16:44:58","date_gmt":"2026-05-01T16:44:58","guid":{"rendered":"https:\/\/inabalatam.com\/mx\/?post_type=product&#038;p=2517"},"modified":"2026-05-01T17:06:57","modified_gmt":"2026-05-01T17:06:57","slug":"churu-senior-de-salmon","status":"publish","type":"product","link":"https:\/\/inabalatam.com\/mx\/producto\/churu-senior-de-salmon\/","title":{"rendered":"Churu Senior de Salm\u00f3n"},"content":{"rendered":"<p><strong>Informaci\u00f3n adicional<\/strong><\/p>\n<p>Suplemento para gatos de todas las edades.<\/p>\n<p><strong>Contenido neto: <\/strong>56 g (Bolsa con 4 tubos de 14 g c\/u)<\/p>\n<p><strong>Ingredientes: <\/strong>Agua, at\u00fan, salm\u00f3n, almid\u00f3n de tapioca, sabor natural de at\u00fan, aceite de salm\u00f3n, goma guar, ascorbato de sodio (fuente de vitamina C), vitamina E, taurina, extracto de t\u00e9 verde.<\/p>\n<p><strong>An\u00e1lisis nutricional garantizado:<\/strong><\/p>\n<table style=\"height: 303px;\" width=\"658\">\n<tbody>\n<tr>\n<td width=\"294\">Prote\u00edna Cruda (M\u00edn)<\/td>\n<td width=\"294\">7,00%<\/td>\n<\/tr>\n<tr>\n<td width=\"294\">Grasa Cruda (M\u00edn)<\/td>\n<td width=\"294\">1,00%<\/td>\n<\/tr>\n<tr>\n<td width=\"294\">Fibra Cruda (M\u00e1x)<\/td>\n<td width=\"294\">0,30%<\/td>\n<\/tr>\n<tr>\n<td width=\"294\">Humedad (M\u00e1x)<\/td>\n<td width=\"294\">90,00%<\/td>\n<\/tr>\n<tr>\n<td width=\"294\">Materia minerla (M\u00e1x)<\/td>\n<td width=\"294\">2,0%<\/td>\n<\/tr>\n<tr>\n<td width=\"294\">Vitamina E (M\u00edn)<\/td>\n<td width=\"294\">310 UI\/Kg<\/td>\n<\/tr>\n<tr>\n<td width=\"294\">Taurina (M\u00edn)<\/td>\n<td width=\"294\">0,025%<\/td>\n<\/tr>\n<\/tbody>\n<\/table>\n<p><strong>Energ\u00eda Metabolizable: <\/strong>7 kcal por tubo (500 kcal\/kg)<\/p>\n<p><strong>Gu\u00eda de alimentaci\u00f3n:<\/strong><\/p>\n<table style=\"text-align: center;\" width=\"658\">\n<tbody>\n<tr style=\"background-color: #ededed;\">\n<td width=\"294\"><strong>Peso del gato (kg)<\/strong><\/td>\n<td width=\"294\"><strong>Cantidad diaria sugerida<\/strong><\/td>\n<\/tr>\n<tr>\n<td width=\"294\">4<\/td>\n<td width=\"294\">2 tubos (28 g)<\/td>\n<\/tr>\n<tr>\n<td width=\"294\">5<\/td>\n<td width=\"294\">3 tubos (42 g)<\/td>\n<\/tr>\n<tr>\n<td width=\"294\">6<\/td>\n<td width=\"294\">4 tubos (56 g)<\/td>\n<\/tr>\n<tr>\n<td width=\"294\">7 o m\u00e1s<\/td>\n<td width=\"294\">5 tubos (70 g)<\/td>\n<\/tr>\n<\/tbody>\n<\/table>\n<p>Ajuste la cantidad seg\u00fan la condici\u00f3n corporal de su gato, o la que el m\u00e9dico veterinario indique.<\/p>\n<p><strong>V\u00eda de administraci\u00f3n: <\/strong>Oral<\/p>\n<p><strong>Indicaciones: <\/strong>Este producto es un premio para gatos mayores de 10 a\u00f1os. No corresponde a un alimento completo.<\/p>\n<p><strong>Precauciones:\u00a0<\/strong><\/p>\n<ul>\n<li>No permita que su gato muerda o trague el envase<\/li>\n<li>No exponga el producto a la luz solar directa ni a condiciones climatol\u00f3gicas adversas<\/li>\n<li>Si el producto cambia de aspecto, color u olor, no lo ofrezca<\/li>\n<\/ul>\n<p>Uso exclusivo en la alimentaci\u00f3n animal. Uso Veterinario.<\/p>\n<p><strong>Recomendaciones:<\/strong><\/p>\n<ul>\n<li>Cons\u00e9rvese en un lugar fresco y seco.<\/li>\n<li>Despu\u00e9s de abierto, servir todo el contenido.<\/li>\n<li>Para la salud de su gato, visite regularmente al m\u00e9dico veterinario.<\/li>\n<\/ul>\n<p><strong>Consulte al m\u00e9dico veterinario<\/strong><\/p>\n<p><strong>Fecha de vencimiento \/ n\u00b0 lote: <\/strong>Ver empaque (Formato de Fecha: MM.DD.AAAA)<\/p>\n<p><strong>Vida \u00datil: <\/strong>24 meses desde la fecha de fabricaci\u00f3n<\/p>\n<p><strong>TITULAR DEL REGISTRO Y ELABORADO POR<\/strong><br \/>\n<strong>THAI INABA FOODS CO., LTD.<\/strong><br \/>\n190 Mu 7, Carretera Nong Pla Kradi,<br \/>\nNong Pla Mo, Nong Khae, Saraburi Province 18140,Tailandia<\/p>\n<p><strong>INABA FOODS:<\/strong> Empresa japonesa fundada en 1805, fabricante de alimentos enlatados para humanos por ocho generaciones, y desde 1958, de alimentos para mascotas.<\/p>\n","protected":false},"excerpt":{"rendered":"<p>Snack cremoso con receta de at\u00fan, deleita a tu gato con una madurez llena de bienestar.<\/p>\n<p>Prote\u00edna de alta calidad, libre de subproductos.<\/p>\n<p>Soporte cerebral y funci\u00f3n cognitiva, los \u00e1cidos grasos de Omega-3 de aceite de pescados favorece la funci\u00f3n cognitiva.<\/p>\n<p>Ideal para fortalecer el v\u00ednculo con tu gato.<\/p>\n","protected":false},"featured_media":2518,"comment_status":"open","ping_status":"closed","template":"","meta":[],"product_brand":[],"product_cat":[94,20,83],"product_tag":[44,49],"class_list":{"0":"post-2517","1":"product","2":"type-product","3":"status-publish","4":"has-post-thumbnail","6":"product_cat-etapa-de-vida","7":"product_cat-gato","8":"product_cat-linea-funcional","9":"product_tag-gato","10":"product_tag-salmon","12":"first","13":"instock","14":"shipping-taxable","15":"product-type-simple"},"_links":{"self":[{"href":"https:\/\/inabalatam.com\/mx\/wp-json\/wp\/v2\/product\/2517","targetHints":{"allow":["GET"]}}],"collection":[{"href":"https:\/\/inabalatam.com\/mx\/wp-json\/wp\/v2\/product"}],"about":[{"href":"https:\/\/inabalatam.com\/mx\/wp-json\/wp\/v2\/types\/product"}],"replies":[{"embeddable":true,"href":"https:\/\/inabalatam.com\/mx\/wp-json\/wp\/v2\/comments?post=2517"}],"wp:featuredmedia":[{"embeddable":true,"href":"https:\/\/inabalatam.com\/mx\/wp-json\/wp\/v2\/media\/2518"}],"wp:attachment":[{"href":"https:\/\/inabalatam.com\/mx\/wp-json\/wp\/v2\/media?parent=2517"}],"wp:term":[{"taxonomy":"product_brand","embeddable":true,"href":"https:\/\/inabalatam.com\/mx\/wp-json\/wp\/v2\/product_brand?post=2517"},{"taxonomy":"product_cat","embeddable":true,"href":"https:\/\/inabalatam.com\/mx\/wp-json\/wp\/v2\/product_cat?post=2517"},{"taxonomy":"product_tag","embeddable":true,"href":"https:\/\/inabalatam.com\/mx\/wp-json\/wp\/v2\/product_tag?post=2517"}],"curies":[{"name":"wp","href":"https:\/\/api.w.org\/{rel}","templated":true}]}}