{"id":209,"date":"2022-12-16T05:36:56","date_gmt":"2022-12-16T05:36:56","guid":{"rendered":"https:\/\/inaba-peru.somosflip.cl\/?page_id=209"},"modified":"2024-01-21T22:16:45","modified_gmt":"2024-01-21T22:16:45","slug":"blog","status":"publish","type":"page","link":"https:\/\/inabalatam.com\/pe\/blog\/","title":{"rendered":"Blog"},"content":{"rendered":"\t\t<div data-elementor-type=\"wp-page\" data-elementor-id=\"209\" class=\"elementor elementor-209\">\n\t\t\t\t\t\t\t\t\t<section class=\"elementor-section elementor-top-section elementor-element elementor-element-8ef1d55 elementor-section-stretched elementor-section-boxed elementor-section-height-default elementor-section-height-default\" data-id=\"8ef1d55\" data-element_type=\"section\" data-settings=\"{&quot;stretch_section&quot;:&quot;section-stretched&quot;,&quot;background_background&quot;:&quot;classic&quot;,&quot;ekit_has_onepagescroll_dot&quot;:&quot;yes&quot;}\">\n\t\t\t\t\t\t\t<div class=\"elementor-background-overlay\"><\/div>\n\t\t\t\t\t\t\t<div class=\"elementor-container elementor-column-gap-default\">\n\t\t\t\t\t<div class=\"elementor-column elementor-col-100 elementor-top-column elementor-element elementor-element-62dd4d3\" data-id=\"62dd4d3\" data-element_type=\"column\">\n\t\t\t<div class=\"elementor-widget-wrap elementor-element-populated\">\n\t\t\t\t\t\t\t\t<div class=\"elementor-element elementor-element-02b825c elementor-widget elementor-widget-spacer\" data-id=\"02b825c\" data-element_type=\"widget\" data-settings=\"{&quot;ekit_we_effect_on&quot;:&quot;none&quot;}\" data-widget_type=\"spacer.default\">\n\t\t\t\t<div class=\"elementor-widget-container\">\n\t\t\t<style>\/*! elementor - v3.9.1 - 14-12-2022 *\/\n.elementor-column .elementor-spacer-inner{height:var(--spacer-size)}.e-con{--container-widget-width:100%}.e-con-inner>.elementor-widget-spacer,.e-con>.elementor-widget-spacer{width:var(--container-widget-width,var(--spacer-size));--align-self:var(--container-widget-align-self,initial);--flex-shrink:0}.e-con-inner>.elementor-widget-spacer>.elementor-widget-container,.e-con-inner>.elementor-widget-spacer>.elementor-widget-container>.elementor-spacer,.e-con>.elementor-widget-spacer>.elementor-widget-container,.e-con>.elementor-widget-spacer>.elementor-widget-container>.elementor-spacer{height:100%}.e-con-inner>.elementor-widget-spacer>.elementor-widget-container>.elementor-spacer>.elementor-spacer-inner,.e-con>.elementor-widget-spacer>.elementor-widget-container>.elementor-spacer>.elementor-spacer-inner{height:var(--container-widget-height,var(--spacer-size))}<\/style>\t\t<div class=\"elementor-spacer\">\n\t\t\t<div class=\"elementor-spacer-inner\"><\/div>\n\t\t<\/div>\n\t\t\t\t<\/div>\n\t\t\t\t<\/div>\n\t\t\t\t<div class=\"elementor-element elementor-element-9d17e34 elementor-widget elementor-widget-heading\" data-id=\"9d17e34\" data-element_type=\"widget\" data-settings=\"{&quot;ekit_we_effect_on&quot;:&quot;none&quot;}\" data-widget_type=\"heading.default\">\n\t\t\t\t<div class=\"elementor-widget-container\">\n\t\t\t<style>\/*! elementor - v3.9.1 - 14-12-2022 *\/\n.elementor-heading-title{padding:0;margin:0;line-height:1}.elementor-widget-heading .elementor-heading-title[class*=elementor-size-]>a{color:inherit;font-size:inherit;line-height:inherit}.elementor-widget-heading .elementor-heading-title.elementor-size-small{font-size:15px}.elementor-widget-heading .elementor-heading-title.elementor-size-medium{font-size:19px}.elementor-widget-heading .elementor-heading-title.elementor-size-large{font-size:29px}.elementor-widget-heading .elementor-heading-title.elementor-size-xl{font-size:39px}.elementor-widget-heading .elementor-heading-title.elementor-size-xxl{font-size:59px}<\/style><h2 class=\"elementor-heading-title elementor-size-xl\">Blog<\/h2>\t\t<\/div>\n\t\t\t\t<\/div>\n\t\t\t\t<div class=\"elementor-element elementor-element-1b1ff30 elementor-widget elementor-widget-spacer\" data-id=\"1b1ff30\" data-element_type=\"widget\" data-settings=\"{&quot;ekit_we_effect_on&quot;:&quot;none&quot;}\" data-widget_type=\"spacer.default\">\n\t\t\t\t<div class=\"elementor-widget-container\">\n\t\t\t\t\t<div class=\"elementor-spacer\">\n\t\t\t<div class=\"elementor-spacer-inner\"><\/div>\n\t\t<\/div>\n\t\t\t\t<\/div>\n\t\t\t\t<\/div>\n\t\t\t\t\t<\/div>\n\t\t<\/div>\n\t\t\t\t\t\t\t<\/div>\n\t\t<\/section>\n\t\t\t\t<section class=\"elementor-section elementor-top-section elementor-element elementor-element-ae455e8 elementor-section-stretched elementor-section-boxed elementor-section-height-default elementor-section-height-default\" data-id=\"ae455e8\" data-element_type=\"section\" data-settings=\"{&quot;stretch_section&quot;:&quot;section-stretched&quot;,&quot;ekit_has_onepagescroll_dot&quot;:&quot;yes&quot;}\">\n\t\t\t\t\t\t<div class=\"elementor-container elementor-column-gap-default\">\n\t\t\t\t\t<div class=\"elementor-column elementor-col-50 elementor-top-column elementor-element elementor-element-2145bfa\" data-id=\"2145bfa\" data-element_type=\"column\">\n\t\t\t<div class=\"elementor-widget-wrap elementor-element-populated\">\n\t\t\t\t\t\t\t\t<div class=\"elementor-element elementor-element-5fd5483 elementor-grid-tablet-1 elementor-grid-3 elementor-grid-mobile-1 elementor-posts--thumbnail-top elementor-widget elementor-widget-posts\" data-id=\"5fd5483\" data-element_type=\"widget\" data-settings=\"{&quot;classic_columns_tablet&quot;:&quot;1&quot;,&quot;classic_columns&quot;:&quot;3&quot;,&quot;classic_columns_mobile&quot;:&quot;1&quot;,&quot;classic_row_gap&quot;:{&quot;unit&quot;:&quot;px&quot;,&quot;size&quot;:35,&quot;sizes&quot;:[]},&quot;classic_row_gap_tablet&quot;:{&quot;unit&quot;:&quot;px&quot;,&quot;size&quot;:&quot;&quot;,&quot;sizes&quot;:[]},&quot;classic_row_gap_mobile&quot;:{&quot;unit&quot;:&quot;px&quot;,&quot;size&quot;:&quot;&quot;,&quot;sizes&quot;:[]},&quot;ekit_we_effect_on&quot;:&quot;none&quot;}\" data-widget_type=\"posts.classic\">\n\t\t\t\t<div class=\"elementor-widget-container\">\n\t\t\t<link rel=\"stylesheet\" href=\"https:\/\/inabalatam.com\/pe\/wp-content\/plugins\/elementor-pro\/assets\/css\/widget-posts.min.css\">\t\t<div class=\"elementor-posts-container elementor-posts elementor-posts--skin-classic elementor-grid\">\n\t\t\t\t<article class=\"elementor-post elementor-grid-item post-290 post type-post status-publish format-standard has-post-thumbnail hentry category-sin-categoria\">\n\t\t\t\t<a class=\"elementor-post__thumbnail__link\" href=\"https:\/\/inabalatam.com\/pe\/un-gato-toca-un-minipiano-para-pedir-comida-en-senal-de-protesta-por-estar-a-dieta\/\" >\n\t\t\t<div class=\"elementor-post__thumbnail\"><img decoding=\"async\" width=\"300\" height=\"185\" src=\"https:\/\/inabalatam.com\/pe\/wp-content\/uploads\/2022\/12\/gato-toca-piano-viral-1024x631-1-300x185.jpeg\" class=\"attachment-medium size-medium wp-image-291\" alt=\"\" srcset=\"https:\/\/inabalatam.com\/pe\/wp-content\/uploads\/2022\/12\/gato-toca-piano-viral-1024x631-1-300x185.jpeg 300w, https:\/\/inabalatam.com\/pe\/wp-content\/uploads\/2022\/12\/gato-toca-piano-viral-1024x631-1-768x473.jpeg 768w, https:\/\/inabalatam.com\/pe\/wp-content\/uploads\/2022\/12\/gato-toca-piano-viral-1024x631-1-600x370.jpeg 600w, https:\/\/inabalatam.com\/pe\/wp-content\/uploads\/2022\/12\/gato-toca-piano-viral-1024x631-1.jpeg 1024w\" sizes=\"(max-width: 300px) 100vw, 300px\" \/><\/div>\n\t\t<\/a>\n\t\t\t\t<div class=\"elementor-post__text\">\n\t\t\t\t<h3 class=\"elementor-post__title\">\n\t\t\t<a href=\"https:\/\/inabalatam.com\/pe\/un-gato-toca-un-minipiano-para-pedir-comida-en-senal-de-protesta-por-estar-a-dieta\/\" >\n\t\t\t\tUn gato toca un minipiano para pedir comida en se\u00f1al de protesta por estar a dieta\t\t\t<\/a>\n\t\t<\/h3>\n\t\t\t\t<div class=\"elementor-post__meta-data\">\n\t\t\t\t\t<span class=\"elementor-post-date\">\n\t\t\t16 de diciembre de 2022\t\t<\/span>\n\t\t\t\t<\/div>\n\t\t\t\t<div class=\"elementor-post__excerpt\">\n\t\t\t<p>Winslow es un gato un poco subido de peso, por lo que su due\u00f1a ha decidido retirarle la comida para poder controlar cuanta cantidad ingiere, as\u00ed que el\u00a0gatito\u00a0ha aprendido una nueva habilidad para expresar su descontento&#8230;<\/p>\n\t\t<\/div>\n\t\t\t\t\t<div class=\"elementor-post__read-more-wrapper\">\n\t\t\n\t\t<a class=\"elementor-post__read-more\" href=\"https:\/\/inabalatam.com\/pe\/un-gato-toca-un-minipiano-para-pedir-comida-en-senal-de-protesta-por-estar-a-dieta\/\" >\n\t\t\tLeer m\u00e1s \u00bb\t\t<\/a>\n\n\t\t\t\t\t<\/div>\n\t\t\t\t<\/div>\n\t\t\t\t<\/article>\n\t\t\t\t<article class=\"elementor-post elementor-grid-item post-265 post type-post status-publish format-standard has-post-thumbnail hentry category-sin-categoria\">\n\t\t\t\t<a class=\"elementor-post__thumbnail__link\" href=\"https:\/\/inabalatam.com\/pe\/tu-gato-te-habla-con-la-cola-cual-es-el-significado-de-sus-movimientos\/\" >\n\t\t\t<div class=\"elementor-post__thumbnail\"><img decoding=\"async\" width=\"300\" height=\"169\" src=\"https:\/\/inabalatam.com\/pe\/wp-content\/uploads\/2022\/12\/un-gato-curioseando-alrededor-de-una-planta-300x169.jpeg\" class=\"attachment-medium size-medium wp-image-266\" alt=\"\" srcset=\"https:\/\/inabalatam.com\/pe\/wp-content\/uploads\/2022\/12\/un-gato-curioseando-alrededor-de-una-planta-300x169.jpeg 300w, https:\/\/inabalatam.com\/pe\/wp-content\/uploads\/2022\/12\/un-gato-curioseando-alrededor-de-una-planta-600x338.jpeg 600w, https:\/\/inabalatam.com\/pe\/wp-content\/uploads\/2022\/12\/un-gato-curioseando-alrededor-de-una-planta.jpeg 656w\" sizes=\"(max-width: 300px) 100vw, 300px\" \/><\/div>\n\t\t<\/a>\n\t\t\t\t<div class=\"elementor-post__text\">\n\t\t\t\t<h3 class=\"elementor-post__title\">\n\t\t\t<a href=\"https:\/\/inabalatam.com\/pe\/tu-gato-te-habla-con-la-cola-cual-es-el-significado-de-sus-movimientos\/\" >\n\t\t\t\tTu gato te habla con la cola: \u00bfcu\u00e1l es el significado de sus movimientos?\t\t\t<\/a>\n\t\t<\/h3>\n\t\t\t\t<div class=\"elementor-post__meta-data\">\n\t\t\t\t\t<span class=\"elementor-post-date\">\n\t\t\t16 de diciembre de 2022\t\t<\/span>\n\t\t\t\t<\/div>\n\t\t\t\t<div class=\"elementor-post__excerpt\">\n\t\t\t<p>Junto con los ojos y los bigotes, la cola es uno de los rasgos m\u00e1s caracter\u00edsticos de los felinos y cumple, adem\u00e1s, una importante misi\u00f3n&#8230;<\/p>\n\t\t<\/div>\n\t\t\t\t\t<div class=\"elementor-post__read-more-wrapper\">\n\t\t\n\t\t<a class=\"elementor-post__read-more\" href=\"https:\/\/inabalatam.com\/pe\/tu-gato-te-habla-con-la-cola-cual-es-el-significado-de-sus-movimientos\/\" >\n\t\t\tLeer m\u00e1s \u00bb\t\t<\/a>\n\n\t\t\t\t\t<\/div>\n\t\t\t\t<\/div>\n\t\t\t\t<\/article>\n\t\t\t\t<article class=\"elementor-post elementor-grid-item post-164 post type-post status-publish format-standard has-post-thumbnail hentry category-sin-categoria\">\n\t\t\t\t<a class=\"elementor-post__thumbnail__link\" href=\"https:\/\/inabalatam.com\/pe\/6-consejos-para-conservar-y-almacenar-correctamente-la-comida-de-tus-perros-y-gatos\/\" >\n\t\t\t<div class=\"elementor-post__thumbnail\"><img decoding=\"async\" width=\"300\" height=\"169\" src=\"https:\/\/inabalatam.com\/pe\/wp-content\/uploads\/2022\/12\/alimento-perros-y-gatos-300x169.jpeg\" class=\"attachment-medium size-medium wp-image-237\" alt=\"\" srcset=\"https:\/\/inabalatam.com\/pe\/wp-content\/uploads\/2022\/12\/alimento-perros-y-gatos-300x169.jpeg 300w, https:\/\/inabalatam.com\/pe\/wp-content\/uploads\/2022\/12\/alimento-perros-y-gatos-600x338.jpeg 600w, https:\/\/inabalatam.com\/pe\/wp-content\/uploads\/2022\/12\/alimento-perros-y-gatos.jpeg 656w\" sizes=\"(max-width: 300px) 100vw, 300px\" \/><\/div>\n\t\t<\/a>\n\t\t\t\t<div class=\"elementor-post__text\">\n\t\t\t\t<h3 class=\"elementor-post__title\">\n\t\t\t<a href=\"https:\/\/inabalatam.com\/pe\/6-consejos-para-conservar-y-almacenar-correctamente-la-comida-de-tus-perros-y-gatos\/\" >\n\t\t\t\t6 consejos para conservar y almacenar correctamente la comida de tus perros y gatos\t\t\t<\/a>\n\t\t<\/h3>\n\t\t\t\t<div class=\"elementor-post__meta-data\">\n\t\t\t\t\t<span class=\"elementor-post-date\">\n\t\t\t16 de diciembre de 2022\t\t<\/span>\n\t\t\t\t<\/div>\n\t\t\t\t<div class=\"elementor-post__excerpt\">\n\t\t\t<p>La alimentaci\u00f3n de nuestras mascotas es una de las necesidades b\u00e1sicas m\u00e1s importantes de su d\u00eda a d\u00eda y un elemento esencial y prioritario para que gocen de buena salud&#8230;<\/p>\n\t\t<\/div>\n\t\t\t\t\t<div class=\"elementor-post__read-more-wrapper\">\n\t\t\n\t\t<a class=\"elementor-post__read-more\" href=\"https:\/\/inabalatam.com\/pe\/6-consejos-para-conservar-y-almacenar-correctamente-la-comida-de-tus-perros-y-gatos\/\" >\n\t\t\tLeer m\u00e1s \u00bb\t\t<\/a>\n\n\t\t\t\t\t<\/div>\n\t\t\t\t<\/div>\n\t\t\t\t<\/article>\n\t\t\t\t<\/div>\n\t\t\n\t\t\t\t<\/div>\n\t\t\t\t<\/div>\n\t\t\t\t\t<\/div>\n\t\t<\/div>\n\t\t\t\t<div class=\"elementor-column elementor-col-50 elementor-top-column elementor-element elementor-element-2fa1da4\" data-id=\"2fa1da4\" data-element_type=\"column\">\n\t\t\t<div class=\"elementor-widget-wrap elementor-element-populated\">\n\t\t\t\t\t\t\t\t<div class=\"elementor-element elementor-element-a13925b elementor-widget elementor-widget-heading\" data-id=\"a13925b\" data-element_type=\"widget\" data-settings=\"{&quot;ekit_we_effect_on&quot;:&quot;none&quot;}\" data-widget_type=\"heading.default\">\n\t\t\t\t<div class=\"elementor-widget-container\">\n\t\t\t<h2 class=\"elementor-heading-title elementor-size-xl\">\u00daltimas entradas<\/h2>\t\t<\/div>\n\t\t\t\t<\/div>\n\t\t\t\t<div class=\"elementor-element elementor-element-03c3d84 elementor-widget-divider--view-line elementor-widget elementor-widget-divider\" data-id=\"03c3d84\" data-element_type=\"widget\" data-settings=\"{&quot;ekit_we_effect_on&quot;:&quot;none&quot;}\" data-widget_type=\"divider.default\">\n\t\t\t\t<div class=\"elementor-widget-container\">\n\t\t\t<style>\/*! elementor - v3.9.1 - 14-12-2022 *\/\n.elementor-widget-divider{--divider-border-style:none;--divider-border-width:1px;--divider-color:#2c2c2c;--divider-icon-size:20px;--divider-element-spacing:10px;--divider-pattern-height:24px;--divider-pattern-size:20px;--divider-pattern-url:none;--divider-pattern-repeat:repeat-x}.elementor-widget-divider .elementor-divider{display:flex}.elementor-widget-divider .elementor-divider__text{font-size:15px;line-height:1;max-width:95%}.elementor-widget-divider .elementor-divider__element{margin:0 var(--divider-element-spacing);flex-shrink:0}.elementor-widget-divider .elementor-icon{font-size:var(--divider-icon-size)}.elementor-widget-divider .elementor-divider-separator{display:flex;margin:0;direction:ltr}.elementor-widget-divider--view-line_icon .elementor-divider-separator,.elementor-widget-divider--view-line_text .elementor-divider-separator{align-items:center}.elementor-widget-divider--view-line_icon .elementor-divider-separator:after,.elementor-widget-divider--view-line_icon .elementor-divider-separator:before,.elementor-widget-divider--view-line_text .elementor-divider-separator:after,.elementor-widget-divider--view-line_text .elementor-divider-separator:before{display:block;content:\"\";border-bottom:0;flex-grow:1;border-top:var(--divider-border-width) var(--divider-border-style) var(--divider-color)}.elementor-widget-divider--element-align-left .elementor-divider .elementor-divider-separator>.elementor-divider__svg:first-of-type{flex-grow:0;flex-shrink:100}.elementor-widget-divider--element-align-left .elementor-divider-separator:before{content:none}.elementor-widget-divider--element-align-left .elementor-divider__element{margin-left:0}.elementor-widget-divider--element-align-right .elementor-divider .elementor-divider-separator>.elementor-divider__svg:last-of-type{flex-grow:0;flex-shrink:100}.elementor-widget-divider--element-align-right .elementor-divider-separator:after{content:none}.elementor-widget-divider--element-align-right .elementor-divider__element{margin-right:0}.elementor-widget-divider:not(.elementor-widget-divider--view-line_text):not(.elementor-widget-divider--view-line_icon) .elementor-divider-separator{border-top:var(--divider-border-width) var(--divider-border-style) var(--divider-color)}.elementor-widget-divider--separator-type-pattern{--divider-border-style:none}.elementor-widget-divider--separator-type-pattern.elementor-widget-divider--view-line .elementor-divider-separator,.elementor-widget-divider--separator-type-pattern:not(.elementor-widget-divider--view-line) .elementor-divider-separator:after,.elementor-widget-divider--separator-type-pattern:not(.elementor-widget-divider--view-line) .elementor-divider-separator:before,.elementor-widget-divider--separator-type-pattern:not([class*=elementor-widget-divider--view]) .elementor-divider-separator{width:100%;min-height:var(--divider-pattern-height);-webkit-mask-size:var(--divider-pattern-size) 100%;mask-size:var(--divider-pattern-size) 100%;-webkit-mask-repeat:var(--divider-pattern-repeat);mask-repeat:var(--divider-pattern-repeat);background-color:var(--divider-color);-webkit-mask-image:var(--divider-pattern-url);mask-image:var(--divider-pattern-url)}.elementor-widget-divider--no-spacing{--divider-pattern-size:auto}.elementor-widget-divider--bg-round{--divider-pattern-repeat:round}.rtl .elementor-widget-divider .elementor-divider__text{direction:rtl}.e-con-inner>.elementor-widget-divider,.e-con>.elementor-widget-divider{width:var(--container-widget-width);--flex-grow:var(--container-widget-flex-grow)}<\/style>\t\t<div class=\"elementor-divider\">\n\t\t\t<span class=\"elementor-divider-separator\">\n\t\t\t\t\t\t<\/span>\n\t\t<\/div>\n\t\t\t\t<\/div>\n\t\t\t\t<\/div>\n\t\t\t\t<div class=\"elementor-element elementor-element-4f21c3b elementor-grid-1 elementor-grid-tablet-1 elementor-posts--thumbnail-left elementor-grid-mobile-1 elementor-widget elementor-widget-posts\" data-id=\"4f21c3b\" data-element_type=\"widget\" data-settings=\"{&quot;classic_columns&quot;:&quot;1&quot;,&quot;classic_columns_tablet&quot;:&quot;1&quot;,&quot;classic_columns_mobile&quot;:&quot;1&quot;,&quot;classic_row_gap&quot;:{&quot;unit&quot;:&quot;px&quot;,&quot;size&quot;:35,&quot;sizes&quot;:[]},&quot;classic_row_gap_tablet&quot;:{&quot;unit&quot;:&quot;px&quot;,&quot;size&quot;:&quot;&quot;,&quot;sizes&quot;:[]},&quot;classic_row_gap_mobile&quot;:{&quot;unit&quot;:&quot;px&quot;,&quot;size&quot;:&quot;&quot;,&quot;sizes&quot;:[]},&quot;ekit_we_effect_on&quot;:&quot;none&quot;}\" data-widget_type=\"posts.classic\">\n\t\t\t\t<div class=\"elementor-widget-container\">\n\t\t\t\t\t<div class=\"elementor-posts-container elementor-posts elementor-posts--skin-classic elementor-grid\">\n\t\t\t\t<article class=\"elementor-post elementor-grid-item post-290 post type-post status-publish format-standard has-post-thumbnail hentry category-sin-categoria\">\n\t\t\t\t<a class=\"elementor-post__thumbnail__link\" href=\"https:\/\/inabalatam.com\/pe\/un-gato-toca-un-minipiano-para-pedir-comida-en-senal-de-protesta-por-estar-a-dieta\/\" >\n\t\t\t<div class=\"elementor-post__thumbnail\"><img decoding=\"async\" width=\"1024\" height=\"631\" src=\"https:\/\/inabalatam.com\/pe\/wp-content\/uploads\/2022\/12\/gato-toca-piano-viral-1024x631-1.jpeg\" class=\"attachment-full size-full wp-image-291\" alt=\"\" srcset=\"https:\/\/inabalatam.com\/pe\/wp-content\/uploads\/2022\/12\/gato-toca-piano-viral-1024x631-1.jpeg 1024w, https:\/\/inabalatam.com\/pe\/wp-content\/uploads\/2022\/12\/gato-toca-piano-viral-1024x631-1-300x185.jpeg 300w, https:\/\/inabalatam.com\/pe\/wp-content\/uploads\/2022\/12\/gato-toca-piano-viral-1024x631-1-768x473.jpeg 768w, https:\/\/inabalatam.com\/pe\/wp-content\/uploads\/2022\/12\/gato-toca-piano-viral-1024x631-1-600x370.jpeg 600w\" sizes=\"(max-width: 1024px) 100vw, 1024px\" \/><\/div>\n\t\t<\/a>\n\t\t\t\t<div class=\"elementor-post__text\">\n\t\t\t\t<h3 class=\"elementor-post__title\">\n\t\t\t<a href=\"https:\/\/inabalatam.com\/pe\/un-gato-toca-un-minipiano-para-pedir-comida-en-senal-de-protesta-por-estar-a-dieta\/\" >\n\t\t\t\tUn gato toca un minipiano para pedir comida en se\u00f1al de protesta por estar a dieta\t\t\t<\/a>\n\t\t<\/h3>\n\t\t\n\t\t<a class=\"elementor-post__read-more\" href=\"https:\/\/inabalatam.com\/pe\/un-gato-toca-un-minipiano-para-pedir-comida-en-senal-de-protesta-por-estar-a-dieta\/\" >\n\t\t\tLeer m\u00e1s \u00bb\t\t<\/a>\n\n\t\t\t\t<\/div>\n\t\t\t\t<\/article>\n\t\t\t\t<article class=\"elementor-post elementor-grid-item post-265 post type-post status-publish format-standard has-post-thumbnail hentry category-sin-categoria\">\n\t\t\t\t<a class=\"elementor-post__thumbnail__link\" href=\"https:\/\/inabalatam.com\/pe\/tu-gato-te-habla-con-la-cola-cual-es-el-significado-de-sus-movimientos\/\" >\n\t\t\t<div class=\"elementor-post__thumbnail\"><img decoding=\"async\" width=\"656\" height=\"370\" src=\"https:\/\/inabalatam.com\/pe\/wp-content\/uploads\/2022\/12\/un-gato-curioseando-alrededor-de-una-planta.jpeg\" class=\"attachment-full size-full wp-image-266\" alt=\"\" srcset=\"https:\/\/inabalatam.com\/pe\/wp-content\/uploads\/2022\/12\/un-gato-curioseando-alrededor-de-una-planta.jpeg 656w, https:\/\/inabalatam.com\/pe\/wp-content\/uploads\/2022\/12\/un-gato-curioseando-alrededor-de-una-planta-300x169.jpeg 300w, https:\/\/inabalatam.com\/pe\/wp-content\/uploads\/2022\/12\/un-gato-curioseando-alrededor-de-una-planta-600x338.jpeg 600w\" sizes=\"(max-width: 656px) 100vw, 656px\" \/><\/div>\n\t\t<\/a>\n\t\t\t\t<div class=\"elementor-post__text\">\n\t\t\t\t<h3 class=\"elementor-post__title\">\n\t\t\t<a href=\"https:\/\/inabalatam.com\/pe\/tu-gato-te-habla-con-la-cola-cual-es-el-significado-de-sus-movimientos\/\" >\n\t\t\t\tTu gato te habla con la cola: \u00bfcu\u00e1l es el significado de sus movimientos?\t\t\t<\/a>\n\t\t<\/h3>\n\t\t\n\t\t<a class=\"elementor-post__read-more\" href=\"https:\/\/inabalatam.com\/pe\/tu-gato-te-habla-con-la-cola-cual-es-el-significado-de-sus-movimientos\/\" >\n\t\t\tLeer m\u00e1s \u00bb\t\t<\/a>\n\n\t\t\t\t<\/div>\n\t\t\t\t<\/article>\n\t\t\t\t<article class=\"elementor-post elementor-grid-item post-164 post type-post status-publish format-standard has-post-thumbnail hentry category-sin-categoria\">\n\t\t\t\t<a class=\"elementor-post__thumbnail__link\" href=\"https:\/\/inabalatam.com\/pe\/6-consejos-para-conservar-y-almacenar-correctamente-la-comida-de-tus-perros-y-gatos\/\" >\n\t\t\t<div class=\"elementor-post__thumbnail\"><img decoding=\"async\" width=\"656\" height=\"370\" src=\"https:\/\/inabalatam.com\/pe\/wp-content\/uploads\/2022\/12\/alimento-perros-y-gatos.jpeg\" class=\"attachment-full size-full wp-image-237\" alt=\"\" srcset=\"https:\/\/inabalatam.com\/pe\/wp-content\/uploads\/2022\/12\/alimento-perros-y-gatos.jpeg 656w, https:\/\/inabalatam.com\/pe\/wp-content\/uploads\/2022\/12\/alimento-perros-y-gatos-300x169.jpeg 300w, https:\/\/inabalatam.com\/pe\/wp-content\/uploads\/2022\/12\/alimento-perros-y-gatos-600x338.jpeg 600w\" sizes=\"(max-width: 656px) 100vw, 656px\" \/><\/div>\n\t\t<\/a>\n\t\t\t\t<div class=\"elementor-post__text\">\n\t\t\t\t<h3 class=\"elementor-post__title\">\n\t\t\t<a href=\"https:\/\/inabalatam.com\/pe\/6-consejos-para-conservar-y-almacenar-correctamente-la-comida-de-tus-perros-y-gatos\/\" >\n\t\t\t\t6 consejos para conservar y almacenar correctamente la comida de tus perros y gatos\t\t\t<\/a>\n\t\t<\/h3>\n\t\t\n\t\t<a class=\"elementor-post__read-more\" href=\"https:\/\/inabalatam.com\/pe\/6-consejos-para-conservar-y-almacenar-correctamente-la-comida-de-tus-perros-y-gatos\/\" >\n\t\t\tLeer m\u00e1s \u00bb\t\t<\/a>\n\n\t\t\t\t<\/div>\n\t\t\t\t<\/article>\n\t\t\t\t<\/div>\n\t\t\n\t\t\t\t<\/div>\n\t\t\t\t<\/div>\n\t\t\t\t\t<\/div>\n\t\t<\/div>\n\t\t\t\t\t\t\t<\/div>\n\t\t<\/section>\n\t\t\t\t\t\t\t<\/div>\n\t\t","protected":false},"excerpt":{"rendered":"<p>Blog \u00daltimas entradas<\/p>\n","protected":false},"author":1,"featured_media":0,"parent":0,"menu_order":0,"comment_status":"closed","ping_status":"closed","template":"","meta":{"footnotes":""},"class_list":["post-209","page","type-page","status-publish","hentry"],"_links":{"self":[{"href":"https:\/\/inabalatam.com\/pe\/wp-json\/wp\/v2\/pages\/209","targetHints":{"allow":["GET"]}}],"collection":[{"href":"https:\/\/inabalatam.com\/pe\/wp-json\/wp\/v2\/pages"}],"about":[{"href":"https:\/\/inabalatam.com\/pe\/wp-json\/wp\/v2\/types\/page"}],"author":[{"embeddable":true,"href":"https:\/\/inabalatam.com\/pe\/wp-json\/wp\/v2\/users\/1"}],"replies":[{"embeddable":true,"href":"https:\/\/inabalatam.com\/pe\/wp-json\/wp\/v2\/comments?post=209"}],"version-history":[{"count":55,"href":"https:\/\/inabalatam.com\/pe\/wp-json\/wp\/v2\/pages\/209\/revisions"}],"predecessor-version":[{"id":1753,"href":"https:\/\/inabalatam.com\/pe\/wp-json\/wp\/v2\/pages\/209\/revisions\/1753"}],"wp:attachment":[{"href":"https:\/\/inabalatam.com\/pe\/wp-json\/wp\/v2\/media?parent=209"}],"curies":[{"name":"wp","href":"https:\/\/api.w.org\/{rel}","templated":true}]}}