{"id":1812,"date":"2024-12-11T19:06:06","date_gmt":"2024-12-11T19:06:06","guid":{"rendered":"https:\/\/inabalatam.com\/pe\/?post_type=product&#038;p=1812"},"modified":"2025-02-12T16:22:42","modified_gmt":"2025-02-12T16:22:42","slug":"churu-de-atun-con-mariscos","status":"publish","type":"product","link":"https:\/\/inabalatam.com\/pe\/producto\/churu-de-atun-con-mariscos\/","title":{"rendered":"Churu de at\u00fan con mariscos"},"content":{"rendered":"<p><b><span lang=\"ES-MX\">Suplemento para gatos de todas las edades.<\/span><\/b><\/p>\n<p><b>Contenido neto:\u00a0<\/b>14 g x 4 (56 g)<\/p>\n<p><b>Ingredientes:\u00a0<\/b>agua, at\u00fan, almid\u00f3n de tapioca, sabores naturales, goma guar, sabor natural a at\u00fan, sabor natural a osti\u00f3n, sabor natural a cangrejo, suplemento de vitamina E, taurina, extracto de t\u00e9 verde.<\/p>\n<p><strong>Instrucciones de uso:\u00a0<\/strong>dar a tu gato como premio. Una vez abierto mant\u00e9ngase refrigerado y consumir lo antes posible.<\/p>\n<p><b>An\u00e1lisis nutricional garantizado:<\/b><\/p>\n<table>\n<tbody>\n<tr>\n<td>Prote\u00edna bruta (min) 7,00%<\/td>\n<\/tr>\n<tr>\n<td>Grasa cruda (min) 0,20%<\/td>\n<\/tr>\n<tr>\n<td>Fibra bruta (m\u00e1x.) 0,30%<\/td>\n<\/tr>\n<tr>\n<td>Humedad (m\u00e1x.) 91,00%<\/td>\n<\/tr>\n<tr>\n<td>Vitamina E (min) 310 UI \/ kg<\/td>\n<\/tr>\n<tr>\n<td>Calor\u00edas: 6 Kcal\/tubo<\/td>\n<\/tr>\n<\/tbody>\n<\/table>\n<p><b><span lang=\"ES-MX\">Consumo diario recomendado<\/span><\/b><span lang=\"ES-MX\">: 4 tubos.<\/span><span lang=\"ES-MX\"><u><\/u>\u00a0<\/span><\/p>\n","protected":false},"excerpt":{"rendered":"<div class=\"elementor-element elementor-element-a9828ad elementor-widget elementor-widget-woocommerce-product-short-description\" data-id=\"a9828ad\" data-element_type=\"widget\" data-settings=\"{&quot;ekit_we_effect_on&quot;:&quot;none&quot;}\" data-widget_type=\"woocommerce-product-short-description.default\">\n<div class=\"elementor-widget-container\">\n<div class=\"woocommerce-product-details__short-description\">\n<p>Snack cremoso elaborado con ingredientes de grado humano. Libre de granos, colorantes y preservantes artificiales. Fortalecido con Vitamina E, taurina y t\u00e9 verde.<\/p>\n<\/div>\n<\/div>\n<\/div>\n<div class=\"elementor-element elementor-element-47c970a elementor-woo-meta--view-stacked elementor-widget elementor-widget-woocommerce-product-meta\" data-id=\"47c970a\" data-element_type=\"widget\" data-settings=\"{&quot;ekit_we_effect_on&quot;:&quot;none&quot;}\" data-widget_type=\"woocommerce-product-meta.default\">\n<div class=\"elementor-widget-container\">\n<div class=\"product_meta\"><\/div>\n<\/div>\n<\/div>\n","protected":false},"featured_media":1814,"comment_status":"open","ping_status":"closed","template":"","meta":[],"product_cat":[80,22,20],"product_tag":[46,45,44,57],"class_list":["post-1812","product","type-product","status-publish","has-post-thumbnail","hentry","product_cat-4-unidades-churu","product_cat-churu","product_cat-gato","product_tag-atun","product_tag-churu","product_tag-gato","product_tag-mariscos"],"_links":{"self":[{"href":"https:\/\/inabalatam.com\/pe\/wp-json\/wp\/v2\/product\/1812","targetHints":{"allow":["GET"]}}],"collection":[{"href":"https:\/\/inabalatam.com\/pe\/wp-json\/wp\/v2\/product"}],"about":[{"href":"https:\/\/inabalatam.com\/pe\/wp-json\/wp\/v2\/types\/product"}],"replies":[{"embeddable":true,"href":"https:\/\/inabalatam.com\/pe\/wp-json\/wp\/v2\/comments?post=1812"}],"wp:featuredmedia":[{"embeddable":true,"href":"https:\/\/inabalatam.com\/pe\/wp-json\/wp\/v2\/media\/1814"}],"wp:attachment":[{"href":"https:\/\/inabalatam.com\/pe\/wp-json\/wp\/v2\/media?parent=1812"}],"wp:term":[{"taxonomy":"product_cat","embeddable":true,"href":"https:\/\/inabalatam.com\/pe\/wp-json\/wp\/v2\/product_cat?post=1812"},{"taxonomy":"product_tag","embeddable":true,"href":"https:\/\/inabalatam.com\/pe\/wp-json\/wp\/v2\/product_tag?post=1812"}],"curies":[{"name":"wp","href":"https:\/\/api.w.org\/{rel}","templated":true}]}}