{"id":1817,"date":"2025-03-17T20:51:54","date_gmt":"2025-03-17T20:51:54","guid":{"rendered":"https:\/\/inabalatam.com\/pe\/?post_type=product&#038;p=1817"},"modified":"2025-03-17T21:02:24","modified_gmt":"2025-03-17T21:02:24","slug":"churu-hairball-control-de-atun","status":"publish","type":"product","link":"https:\/\/inabalatam.com\/pe\/producto\/churu-hairball-control-de-atun\/","title":{"rendered":"Churu Hairball Control de at\u00fan"},"content":{"rendered":"<p><strong>Suplemento para gatos de todas las edades<\/strong><\/p>\n<p><strong>Contenido neto: 14 g x 4 (56 g)<\/strong><\/p>\n<p><strong>Ingredientes:\u00a0<\/strong>Agua, At\u00fan, almid\u00f3n de tapioca, celulosa en polvo, sabores naturales, goma guar, sabor natural a at\u00fan, suplemento de vitamina E, taurina y extracto de t\u00e9 verde.<\/p>\n<p><strong>Instrucciones de uso:<\/strong><\/p>\n<p>Dar a tu gato como premio. Una vez abierto mant\u00e9ngase refrigerado y consumir lo antes posible.<\/p>\n<p><strong>An\u00e1lisis Nutricional Garantizado:<\/strong><\/p>\n<table>\n<tbody>\n<tr>\n<td width=\"255\">Prote\u00edna bruta (min) 7.00%<\/td>\n<\/tr>\n<tr>\n<td width=\"255\">Grasa cruda (min) 0.20%<\/td>\n<\/tr>\n<tr>\n<td width=\"255\">Fibra bruta (m\u00e1x.) 0.60%<\/td>\n<\/tr>\n<tr>\n<td width=\"255\">Humedad (m\u00e1x.) 88.00%<\/td>\n<\/tr>\n<tr>\n<td width=\"255\">Vitamina E (min) 310 UI \/ kg<\/td>\n<\/tr>\n<tr>\n<td width=\"255\">Taurina (min)\u00a0 0.025%<\/td>\n<\/tr>\n<tr>\n<td width=\"255\">Calor\u00edas: 6 Kcal\/tubo<\/td>\n<\/tr>\n<\/tbody>\n<\/table>\n<p><strong>Consumo diario recomendado:<\/strong>\u00a0Hasta 4 tubos.<\/p>\n","protected":false},"excerpt":{"rendered":"<div class=\"elementor-element elementor-element-a9828ad elementor-widget elementor-widget-woocommerce-product-short-description\" data-id=\"a9828ad\" data-element_type=\"widget\" data-settings=\"{&quot;ekit_we_effect_on&quot;:&quot;none&quot;}\" data-widget_type=\"woocommerce-product-short-description.default\">\n<div class=\"elementor-widget-container\">\n<div class=\"woocommerce-product-details__short-description\">\n<p>Churu para control de bolas de pelo. Snack cremoso elaborado con ingredientes de grado humano. Libre de granos, colorantes, preservantes artificiales y sal a\u00f1adida. Fortalecido con taurina y antioxidantes.<\/p>\n<\/div>\n<\/div>\n<\/div>\n<div class=\"elementor-element elementor-element-47c970a elementor-woo-meta--view-stacked elementor-widget elementor-widget-woocommerce-product-meta\" data-id=\"47c970a\" data-element_type=\"widget\" data-settings=\"{&quot;ekit_we_effect_on&quot;:&quot;none&quot;}\" data-widget_type=\"woocommerce-product-meta.default\">\n<div class=\"elementor-widget-container\">\n<div class=\"product_meta\"><\/div>\n<\/div>\n<\/div>\n","protected":false},"featured_media":1819,"comment_status":"open","ping_status":"closed","template":"","meta":[],"product_cat":[80,22,81,20,83],"product_tag":[46,45,44,82],"class_list":["post-1817","product","type-product","status-publish","has-post-thumbnail","hentry","product_cat-4-unidades-churu","product_cat-churu","product_cat-churu-hairball-control","product_cat-gato","product_cat-linea-funcional","product_tag-atun","product_tag-churu","product_tag-gato","product_tag-hairball-control"],"_links":{"self":[{"href":"https:\/\/inabalatam.com\/pe\/wp-json\/wp\/v2\/product\/1817","targetHints":{"allow":["GET"]}}],"collection":[{"href":"https:\/\/inabalatam.com\/pe\/wp-json\/wp\/v2\/product"}],"about":[{"href":"https:\/\/inabalatam.com\/pe\/wp-json\/wp\/v2\/types\/product"}],"replies":[{"embeddable":true,"href":"https:\/\/inabalatam.com\/pe\/wp-json\/wp\/v2\/comments?post=1817"}],"wp:featuredmedia":[{"embeddable":true,"href":"https:\/\/inabalatam.com\/pe\/wp-json\/wp\/v2\/media\/1819"}],"wp:attachment":[{"href":"https:\/\/inabalatam.com\/pe\/wp-json\/wp\/v2\/media?parent=1817"}],"wp:term":[{"taxonomy":"product_cat","embeddable":true,"href":"https:\/\/inabalatam.com\/pe\/wp-json\/wp\/v2\/product_cat?post=1817"},{"taxonomy":"product_tag","embeddable":true,"href":"https:\/\/inabalatam.com\/pe\/wp-json\/wp\/v2\/product_tag?post=1817"}],"curies":[{"name":"wp","href":"https:\/\/api.w.org\/{rel}","templated":true}]}}