{"id":1823,"date":"2025-03-17T21:08:25","date_gmt":"2025-03-17T21:08:25","guid":{"rendered":"https:\/\/inabalatam.com\/pe\/?post_type=product&#038;p=1823"},"modified":"2025-03-17T21:13:27","modified_gmt":"2025-03-17T21:13:27","slug":"churu-kitten-de-atun","status":"publish","type":"product","link":"https:\/\/inabalatam.com\/pe\/producto\/churu-kitten-de-atun\/","title":{"rendered":"Churu Kitten de at\u00fan"},"content":{"rendered":"<p><strong>Suplemento para gatos menores a 1 a\u00f1o<\/strong><\/p>\n<p><strong>Contenido neto: 14 g x 4 (56 g)<\/strong><\/p>\n<p><strong>Ingredientes:\u00a0<\/strong>Agua, at\u00fan, almid\u00f3n de tapioca, sabores naturales, goma guar, carbonato de calcio, sabor natural a at\u00fan, aceite de pescado, suplemento de vitamina E, taurina y extracto de t\u00e9 verde.<\/p>\n<p><strong>Instrucciones de uso:<\/strong><\/p>\n<p>Dar a tu gato como premio. Una vez abierto mant\u00e9ngase refrigerado y consumir lo antes posible.<\/p>\n<p><strong>An\u00e1lisis Nutricional Garantizado:<\/strong><\/p>\n<table>\n<tbody>\n<tr>\n<td width=\"255\">Prote\u00edna cruda (min) 7.00%<\/td>\n<\/tr>\n<tr>\n<td width=\"255\">Grasa cruda (min) 0.80%<\/td>\n<\/tr>\n<tr>\n<td width=\"255\">Fibra cruda (m\u00e1x.) 0.30%<\/td>\n<\/tr>\n<tr>\n<td width=\"255\">Humedad (m\u00e1x.) 88.00%<\/td>\n<\/tr>\n<tr>\n<td width=\"255\">Vitamina E (min) 310 UI \/ kg<\/td>\n<\/tr>\n<tr>\n<td width=\"255\">Taurina (min) 0.025%<\/td>\n<\/tr>\n<tr>\n<td width=\"255\">\u00c1cido docosahexaenoico (DHA) (min)\u00a0 0.04%<\/td>\n<\/tr>\n<tr>\n<td width=\"255\">\u00c1cido eicosapentaenoico (EPA) (min)\u00a0 0.04%<\/td>\n<\/tr>\n<tr>\n<td width=\"255\">Calcio (min)\u00a0\u00a0\u00a0 0.3%<\/td>\n<\/tr>\n<tr>\n<td width=\"255\">Calor\u00edas: 6.4 Kcal\/tubo<\/td>\n<\/tr>\n<\/tbody>\n<\/table>\n<p><strong>Consumo diario recomendado:<\/strong>\u00a0Hasta 2 tubos.<\/p>\n<p><strong>Precauciones:\u00a0<\/strong>No permitas que tu gato muerda el envase. Proporcione agua limpia y fresca todos los d\u00edas. Consulte a su m\u00e9dico veterinario regularmente<\/p>\n<p><strong>Producto elaborado en Tailandia por:\u00a0<\/strong>Thai Inaba Foods Company Limited. 190 Moo 7, Nong Pla Kradi Road, Nong Pla Mo, Nong Kae, Saraburi 18140, Tailandia<\/p>\n<p><strong>Importado por:<\/strong><\/p>\n<p>Agrovet SPA<\/p>\n<p>Lo Echevers 381, Quilicura, Santiago<\/p>\n<p>Contacto: contacto.agrovet@grupomathiesen.cl<\/p>\n<p>Tel\u00e9fono: +56 2 2640 5750 | +56 2 2640 5757<\/p>\n<p><strong>USO EXCLUSIVO EN LA ALIMENTACI\u00d3N ANIMAL<\/strong><\/p>\n<p><strong>NO CORRESPONDE A UN ALIMENTO COMPLETO<\/strong><\/p>\n<p><strong>PROHIBIDO SU USO EN LA ALIMENTACI\u00d3N DE RUMIANTES<\/strong><\/p>\n<p>Vida \u00fatil: 24 meses<\/p>\n<p>N\u00b0\/fecha Resoluci\u00f3n SAG: 6590\/2023<\/p>\n<p>Fecha de vencimiento y N\u00famero de Lote impreso en el envase.<\/p>\n<p>Formato de Fecha: Mes\/D\u00eda\/A\u00f1o<\/p>\n","protected":false},"excerpt":{"rendered":"<div class=\"elementor-element elementor-element-a9828ad elementor-widget elementor-widget-woocommerce-product-short-description\" data-id=\"a9828ad\" data-element_type=\"widget\" data-settings=\"{&quot;ekit_we_effect_on&quot;:&quot;none&quot;}\" data-widget_type=\"woocommerce-product-short-description.default\">\n<div class=\"elementor-widget-container\">\n<div class=\"woocommerce-product-details__short-description\">\n<p>Churu para gatitos menores de 1 a\u00f1o. Snack cremoso elaborado con ingredientes de grado humano. Libre de granos, colorantes, preservantes artificiales y sal a\u00f1adida. Fortalecido con taurina, antioxidantes, calcio y Omega 3 y 6.<\/p>\n<\/div>\n<\/div>\n<\/div>\n<div class=\"elementor-element elementor-element-47c970a elementor-woo-meta--view-stacked elementor-widget elementor-widget-woocommerce-product-meta\" data-id=\"47c970a\" data-element_type=\"widget\" data-settings=\"{&quot;ekit_we_effect_on&quot;:&quot;none&quot;}\" data-widget_type=\"woocommerce-product-meta.default\">\n<div class=\"elementor-widget-container\">\n<div class=\"product_meta\"><\/div>\n<\/div>\n<\/div>\n","protected":false},"featured_media":1825,"comment_status":"open","ping_status":"closed","template":"","meta":[],"product_cat":[80,22,84,20],"product_tag":[46,45,85,44],"class_list":["post-1823","product","type-product","status-publish","has-post-thumbnail","hentry","product_cat-4-unidades-churu","product_cat-churu","product_cat-churu-kitten","product_cat-gato","product_tag-atun","product_tag-churu","product_tag-churu-kitten","product_tag-gato"],"_links":{"self":[{"href":"https:\/\/inabalatam.com\/pe\/wp-json\/wp\/v2\/product\/1823","targetHints":{"allow":["GET"]}}],"collection":[{"href":"https:\/\/inabalatam.com\/pe\/wp-json\/wp\/v2\/product"}],"about":[{"href":"https:\/\/inabalatam.com\/pe\/wp-json\/wp\/v2\/types\/product"}],"replies":[{"embeddable":true,"href":"https:\/\/inabalatam.com\/pe\/wp-json\/wp\/v2\/comments?post=1823"}],"wp:featuredmedia":[{"embeddable":true,"href":"https:\/\/inabalatam.com\/pe\/wp-json\/wp\/v2\/media\/1825"}],"wp:attachment":[{"href":"https:\/\/inabalatam.com\/pe\/wp-json\/wp\/v2\/media?parent=1823"}],"wp:term":[{"taxonomy":"product_cat","embeddable":true,"href":"https:\/\/inabalatam.com\/pe\/wp-json\/wp\/v2\/product_cat?post=1823"},{"taxonomy":"product_tag","embeddable":true,"href":"https:\/\/inabalatam.com\/pe\/wp-json\/wp\/v2\/product_tag?post=1823"}],"curies":[{"name":"wp","href":"https:\/\/api.w.org\/{rel}","templated":true}]}}