{"id":334,"date":"2022-12-16T22:08:27","date_gmt":"2022-12-16T22:08:27","guid":{"rendered":"https:\/\/inaba-peru.somosflip.cl\/?post_type=product&#038;p=334"},"modified":"2023-01-23T16:33:36","modified_gmt":"2023-01-23T16:33:36","slug":"churu-receta-de-atun-con-pollo","status":"publish","type":"product","link":"https:\/\/inabalatam.com\/pe\/producto\/churu-receta-de-atun-con-pollo\/","title":{"rendered":"Churu Receta de At\u00fan con Pollo"},"content":{"rendered":"<p><b><span lang=\"ES-MX\">Suplemento para gatos de todas las edades.<\/span><\/b><\/p>\n<p><b>Contenido neto:\u00a0<\/b>14 g x 4 (56 g)<\/p>\n<p><b>Ingredientes: <\/b>agua, at\u00fan, pollo, tapioca, saborizantes naturales, goma guar, sabor natural de at\u00fan, taurina, suplemento de vitamina E, extracto de t\u00e9 verde.<\/p>\n<p><strong>Instrucciones de uso: <\/strong>dar a tu gato como premio. Una vez abierto mant\u00e9ngase refrigerado y consumir lo antes posible.<\/p>\n<p><b>An\u00e1lisis nutricional garantizado:<\/b><\/p>\n<table>\n<tbody>\n<tr>\n<td>Prote\u00edna bruta (min) 7,00%<\/td>\n<\/tr>\n<tr>\n<td>Grasa cruda (min) 0,20%<\/td>\n<\/tr>\n<tr>\n<td>Fibra bruta (m\u00e1x.) 0,30%<\/td>\n<\/tr>\n<tr>\n<td>Humedad (m\u00e1x.) 91,00%<\/td>\n<\/tr>\n<tr>\n<td>Vitamina E (min) 310 UI \/ kg<\/td>\n<\/tr>\n<tr>\n<td>Calor\u00edas: 6 Kcal\/tubo<\/td>\n<\/tr>\n<\/tbody>\n<\/table>\n<p><b><span lang=\"ES-MX\">Consumo diario recomendado<\/span><\/b><span lang=\"ES-MX\">: 4 tubos.<\/span><span lang=\"ES-MX\"><u><\/u>\u00a0<\/span><\/p>\n","protected":false},"excerpt":{"rendered":"<p>Snack cremoso elaborado con ingredientes de grado humano.\u00a0Libre de granos, colorantes y preservantes artificiales. Fortalecido con Vitamina E y t\u00e9 verde.<\/p>\n","protected":false},"featured_media":317,"comment_status":"open","ping_status":"closed","template":"","meta":[],"product_cat":[22,20],"product_tag":[46,45,44,48],"class_list":["post-334","product","type-product","status-publish","has-post-thumbnail","hentry","product_cat-churu","product_cat-gato","product_tag-atun","product_tag-churu","product_tag-gato","product_tag-pollo"],"_links":{"self":[{"href":"https:\/\/inabalatam.com\/pe\/wp-json\/wp\/v2\/product\/334","targetHints":{"allow":["GET"]}}],"collection":[{"href":"https:\/\/inabalatam.com\/pe\/wp-json\/wp\/v2\/product"}],"about":[{"href":"https:\/\/inabalatam.com\/pe\/wp-json\/wp\/v2\/types\/product"}],"replies":[{"embeddable":true,"href":"https:\/\/inabalatam.com\/pe\/wp-json\/wp\/v2\/comments?post=334"}],"wp:featuredmedia":[{"embeddable":true,"href":"https:\/\/inabalatam.com\/pe\/wp-json\/wp\/v2\/media\/317"}],"wp:attachment":[{"href":"https:\/\/inabalatam.com\/pe\/wp-json\/wp\/v2\/media?parent=334"}],"wp:term":[{"taxonomy":"product_cat","embeddable":true,"href":"https:\/\/inabalatam.com\/pe\/wp-json\/wp\/v2\/product_cat?post=334"},{"taxonomy":"product_tag","embeddable":true,"href":"https:\/\/inabalatam.com\/pe\/wp-json\/wp\/v2\/product_tag?post=334"}],"curies":[{"name":"wp","href":"https:\/\/api.w.org\/{rel}","templated":true}]}}